{"id":2923,"date":"2015-07-09T23:47:56","date_gmt":"2015-07-09T23:47:56","guid":{"rendered":"http:\/\/perlagesuite.com\/?page_id=2923"},"modified":"2017-02-09T23:29:52","modified_gmt":"2017-02-09T23:29:52","slug":"sponsor-pubblicita-online-vino-cibo","status":"publish","type":"page","link":"http:\/\/perlagesuite.com\/en\/sponsor-pubblicita-online-vino-cibo\/","title":{"rendered":"Sponsors"},"content":{"rendered":"<p>[et_pb_section admin_label=&#8221;section&#8221;][et_pb_row admin_label=&#8221;row&#8221;][et_pb_column type=&#8221;4_4&#8243;][et_pb_text admin_label=&#8221;Testo&#8221; background_layout=&#8221;light&#8221; text_orientation=&#8221;left&#8221; text_line_height=&#8221;2em&#8221; use_border_color=&#8221;off&#8221; border_color=&#8221;#ffffff&#8221; border_style=&#8221;solid&#8221;]<\/p>\n<p style=\"text-align: justify;\">Diventare sponsor del mese di Perlage Suite \u00e8 il modo pi\u00f9 efficace di farsi conoscere tra i #winelover ed i #sommelier di tutta Italia&#8230; e non solo! Non una semplice pubblicit\u00e0 fra tante, ma <strong>L&#8217;ESCLUSIVIT\u00c0&#8217; DI ESSERE L&#8217;UNICO SPONSOR DEL MESE DI PERLAGE SUITE, sito di settore che vanta tra i 500 e i 1500\u00a0visitatori unici per oltre 2000 pagine visualizzate OGNI GIORNO in continua crescita!<\/strong><\/p>\n<p>Ecco le statistiche\u00a0di giugno 2015: <a href=\"http:\/\/perlagesuite.com\/wp-content\/uploads\/2014\/11\/perlagesuite_analytics.jpg\"><img loading=\"lazy\" decoding=\"async\" class=\"aligncenter size-full wp-image-2987\" src=\"http:\/\/perlagesuite.com\/wp-content\/uploads\/2014\/11\/perlagesuite_analytics.jpg\" alt=\"perlagesuite_analytics\" width=\"1024\" height=\"647\" srcset=\"https:\/\/perlagesuite.com\/wp-content\/uploads\/2014\/11\/perlagesuite_analytics.jpg 1024w, https:\/\/perlagesuite.com\/wp-content\/uploads\/2014\/11\/perlagesuite_analytics-600x379.jpg 600w, https:\/\/perlagesuite.com\/wp-content\/uploads\/2014\/11\/perlagesuite_analytics-300x190.jpg 300w, https:\/\/perlagesuite.com\/wp-content\/uploads\/2014\/11\/perlagesuite_analytics-610x385.jpg 610w\" sizes=\"(max-width: 1024px) 100vw, 1024px\" \/><\/a><\/p>\n<p style=\"text-align: justify;\">In azzurro puoi vedere i Paesi dove viene letto regolarmente Perlage Suite. Man mano che il colore diventa pi\u00f9 intenso, significa che il numero di visitatori \u00e8 in aumento, con un picco massimo in Italia di 12.665 visitatori al mese su circa 17.000 totali. Data la bont\u00e0 e la qualit\u00e0 dei miei lettori ho deciso di istituire la pagina sponsor, dove ogni mese un&#8217;azienda sar\u00e0 protagonista come partner di tutto il mondo di Perlage Suite.<\/p>\n<h2 style=\"text-align: center;\"><\/h2>\n<h2 style=\"text-align: center;\">Tutti possono diventare sponsor di Perlage Suite?<\/h2>\n<p>&nbsp;<\/p>\n<p style=\"text-align: justify;\">ASSOLUTAMENTE NO! Per diventare sponsor esclusivi di Perlage Suite per un minimo di un intero mese bisogna possedere 2\u00a0requisiti fondamentali:<\/p>\n<p>&nbsp;<\/p>\n<ol>\n<ol>\n<li style=\"text-align: justify;\">onest\u00e0 intellettuale innanzi tutto: accetto come partner solo aziende serie che lavorano con passione e correttezza;<\/li>\n<li style=\"text-align: justify;\">aziende che operano nel mondo del vino: da cantine vinicole a aziende che producono bicchieri o commerciano lieviti, da aziende che progettano cantine ad aziende di accessori di qualit\u00e0 per il servizio del vino od\u00a0enti promotrici di un evento fino\u00a0gli eventi stessi. Sono ammesse come aziende partner anche i siti di commercio elettronico purch\u00e9 specializzati nel settore enologico. Non sono accettati come partner aziende al di fuori del mondo del vino in quanto la loro pagina non sarebbe d&#8217;interesse per i miei lettori.<\/li>\n<\/ol>\n<\/ol>\n<p>&nbsp;<\/p>\n<h2 style=\"text-align: center;\">Quali vantaggi ho ad essere sponsor esclusivo di Perlage Suite?<\/h2>\n<p>Il banner deve essere adeguato agli standard di bellezza ed usabilit\u00e0 del sito web. Pu\u00f2 contenere un&#8217;immagine, un testo + logo o solo il testo.<\/p>\n<ol>\n<ol>\n<li>1 articolo redazionale nel blog sul materiale fornito dall&#8217;azienda o 1 reportage presso la sede dell&#8217;azienda (eventuali costi di spostamento sono da concordare);<\/li>\n<li>1 banner quadrato di circa 300 px in home page;<\/li>\n<li>1 banner quadrato di circa 250 px in tutti gli articoli del blog;<\/li>\n<li>1 banner nella newsletter &#8211; 2 invii minimi garantiti al mese.<\/li>\n<\/ol>\n<\/ol>\n<p>&nbsp;<\/p>\n<p style=\"text-align: justify;\">Alla fine del periodo di sponsorizzazione saranno fornite le statistiche con il numero di\u00a0visualizzazioni del banner, il numero di accessi al reportage\/articolo dell&#8217;azienda sponsor\u00a0ed il numero di conversioni sul sito web\/pagina Facebook dello sponsor.<\/p>\n<p>&nbsp;<\/p>\n<h2 style=\"text-align: center;\">Che risultati devo aspettarmi dalla sponsorizzazione esclusiva?<\/h2>\n<p>&nbsp;<\/p>\n<p style=\"text-align: justify;\">La sfera di cristallo non \u00e8 reale, come non sono reali le promesse di Pinocchio. Ancora prima dei numeri parla l&#8217;autorevolezza e la qualit\u00e0 del sito web. Diventare sponsor di Perlage Suite significa consolidare la propria presenza su un sito di settore altamente specializzato che ti garantisce oltre 60.000 impression del tuo brand ogni mese da #winelovers #sommelier e #cantine. Perlage Suite: il\u00a0binomio perfetto tra qualit\u00e0 &amp; numeri. Inoltre&#8230; un conto \u00e8 mettere una pubblicit\u00e0 in un banner scorrevole insieme a tante altre&#8230; un conto \u00e8 AVERE L&#8217;ESCLUSIVA DI TUTTA LA PUBBLICITA&#8217; PER UN INTERO MESE.<\/p>\n<h2 style=\"text-align: center;\"><\/h2>\n<h2 style=\"text-align: center;\">Quanto mi costa essere sponsor esclusivo di Perlage Suite?<\/h2>\n<p style=\"text-align: justify;\">Data la crescita esponenziale dei visitatori e della qualit\u00e0 di questi, il listino viene aggiornato ogni 90 giorni. Listino prezzi sponsor gennaio\u00a0&#8211; febbraio\u00a0&#8211; marzo\u00a02017:<\/p>\n<ol>\n<li><strong>1 mese: 600,00 \u20ac<\/strong><\/li>\n<li><strong>3 mesi: 1.500,00 \u20ac<\/strong> invece di <del>1.800,00 \u20ac<\/del><\/li>\n<li><strong>6 mesi: 2.800,00 \u20ac<\/strong> invece di 3.6<del>00,00 \u20ac<\/del><\/li>\n<li><strong>1 anno: 5.000,00 \u20ac<\/strong> invece di <del>7.200,00 \u20ac<\/del><\/li>\n<\/ol>\n<p style=\"text-align: justify;\">Ovviamente per le sponsorizzazioni pi\u00f9 lunghe di 1 mese, l&#8217;accettazione del preventivo comporta che il prezzo si mantiene invariato anche in caso di aumento del valore di listino.<\/p>\n<p>[\/et_pb_text][\/et_pb_column][\/et_pb_row][et_pb_row admin_label=&#8221;Riga&#8221;][et_pb_column type=&#8221;2_3&#8243;][et_pb_contact_form admin_label=&#8221;Modulo di Contatto&#8221; captcha=&#8221;on&#8221; email=&#8221;daniele@perlagesuite.com&#8221; title=&#8221;Chiedi informazioni!&#8221; form_field_line_height=&#8221;2em&#8221; use_border_color=&#8221;off&#8221; border_color=&#8221;#ffffff&#8221; border_style=&#8221;solid&#8221; custom_button=&#8221;off&#8221; button_letter_spacing=&#8221;0&#8243; button_use_icon=&#8221;default&#8221; button_icon_placement=&#8221;right&#8221; button_on_hover=&#8221;on&#8221; button_letter_spacing_hover=&#8221;0&#8243;] [\/et_pb_contact_form][\/et_pb_column][et_pb_column type=&#8221;1_3&#8243;][et_pb_text admin_label=&#8221;Testo&#8221; background_layout=&#8221;light&#8221; text_orientation=&#8221;left&#8221; text_line_height=&#8221;2em&#8221; use_border_color=&#8221;off&#8221; border_color=&#8221;#ffffff&#8221; border_style=&#8221;solid&#8221;]<\/p>\n<h2 style=\"text-align: center;\">I numeri di Perlage Suite:<\/h2>\n<p>[\/et_pb_text][et_pb_number_counter admin_label=&#8221;visite&#8221; title=&#8221;VISITE&#8221; number=&#8221;800&#8243; percent_sign=&#8221;off&#8221; counter_color=&#8221;#dfcfbe&#8221; background_layout=&#8221;light&#8221; use_border_color=&#8221;off&#8221; border_color=&#8221;#ffffff&#8221; border_style=&#8221;solid&#8221;] [\/et_pb_number_counter][et_pb_number_counter admin_label=&#8221;visualizzazioni&#8221; title=&#8221;VISUALIZZAZIONI&#8221; number=&#8221;1500&#8243; percent_sign=&#8221;off&#8221; counter_color=&#8221;#dfcfbe&#8221; background_layout=&#8221;light&#8221; use_border_color=&#8221;off&#8221; border_color=&#8221;#ffffff&#8221; border_style=&#8221;solid&#8221;] [\/et_pb_number_counter][et_pb_text admin_label=&#8221;Testo&#8221; background_layout=&#8221;light&#8221; text_orientation=&#8221;left&#8221; text_line_height=&#8221;2em&#8221; use_border_color=&#8221;off&#8221; border_color=&#8221;#ffffff&#8221; border_style=&#8221;solid&#8221;]<\/p>\n<h2 style=\"text-align: center;\"><span style=\"color: #ffffff;\">.<\/span><\/h2>\n<p>&nbsp;<\/p>\n<h2 style=\"text-align: center;\">ogni giorno!<\/h2>\n<p>[\/et_pb_text][\/et_pb_column][\/et_pb_row][\/et_pb_section]<\/p>\n","protected":false},"excerpt":{"rendered":"<p>Diventare sponsor del mese di Perlage Suite \u00e8 il modo pi\u00f9 efficace di farsi conoscere tra i #winelover ed i #sommelier di tutta Italia&#8230; e non solo! Non una semplice pubblicit\u00e0 fra tante, ma L&#8217;ESCLUSIVIT\u00c0&#8217; DI ESSERE L&#8217;UNICO SPONSOR DEL MESE DI PERLAGE SUITE, sito di settore che vanta tra i 500 e i 1500\u00a0visitatori [&hellip;]<\/p>\n","protected":false},"author":49,"featured_media":0,"parent":0,"menu_order":0,"comment_status":"open","ping_status":"open","template":"","meta":{"_et_pb_use_builder":"on","_et_pb_old_content":"","_et_gb_content_width":"","footnotes":""},"class_list":["post-2923","page","type-page","status-publish","hentry"],"yoast_head":"<!-- This site is optimized with the Yoast SEO Premium plugin v27.0 (Yoast SEO v27.2) - https:\/\/yoast.com\/product\/yoast-seo-premium-wordpress\/ -->\n<title>Pubblicit\u00e0 online per inserzionisti del settore del Vino e del Cibo<\/title>\n<meta name=\"description\" content=\"Per la tua pubblicit\u00e0 online nel settore Vino e Cibo scegli Perlage Suite, l&#039;unico wine blog che vanta 100.000 visitatori nel tuo target ogni trimestre!\" \/>\n<meta name=\"robots\" content=\"index, follow, max-snippet:-1, max-image-preview:large, max-video-preview:-1\" \/>\n<link rel=\"canonical\" href=\"https:\/\/perlagesuite.com\/en\/sponsor-pubblicita-online-vino-cibo\/\" \/>\n<meta property=\"og:locale\" content=\"en_GB\" \/>\n<meta property=\"og:type\" content=\"article\" \/>\n<meta property=\"og:title\" content=\"Sponsor\" \/>\n<meta property=\"og:description\" content=\"Per la tua pubblicit\u00e0 online nel settore Vino e Cibo scegli Perlage Suite, l&#039;unico wine blog che vanta 100.000 visitatori nel tuo target ogni trimestre!\" \/>\n<meta property=\"og:url\" content=\"https:\/\/perlagesuite.com\/en\/sponsor-pubblicita-online-vino-cibo\/\" \/>\n<meta property=\"og:site_name\" content=\"Perlage Suite\" \/>\n<meta property=\"article:publisher\" content=\"https:\/\/www.facebook.com\/chiarabassiperlagesuite\" \/>\n<meta property=\"article:modified_time\" content=\"2017-02-09T23:29:52+00:00\" \/>\n<meta property=\"og:image\" content=\"http:\/\/perlagesuite.com\/wp-content\/uploads\/2014\/11\/perlagesuite_analytics.jpg\" \/>\n<meta name=\"twitter:card\" content=\"summary_large_image\" \/>\n<meta name=\"twitter:site\" content=\"@perlagesuite\" \/>\n<meta name=\"twitter:label1\" content=\"Estimated reading time\" \/>\n\t<meta name=\"twitter:data1\" content=\"4 minutes\" \/>\n<script type=\"application\/ld+json\" class=\"yoast-schema-graph\">{\"@context\":\"https:\/\/schema.org\",\"@graph\":[{\"@type\":\"WebPage\",\"@id\":\"https:\/\/perlagesuite.com\/sponsor-pubblicita-online-vino-cibo\/\",\"url\":\"https:\/\/perlagesuite.com\/sponsor-pubblicita-online-vino-cibo\/\",\"name\":\"Pubblicit\u00e0 online per inserzionisti del settore del Vino e del Cibo\",\"isPartOf\":{\"@id\":\"https:\/\/perlagesuite.com\/#website\"},\"primaryImageOfPage\":{\"@id\":\"https:\/\/perlagesuite.com\/sponsor-pubblicita-online-vino-cibo\/#primaryimage\"},\"image\":{\"@id\":\"https:\/\/perlagesuite.com\/sponsor-pubblicita-online-vino-cibo\/#primaryimage\"},\"thumbnailUrl\":\"http:\/\/perlagesuite.com\/wp-content\/uploads\/2014\/11\/perlagesuite_analytics.jpg\",\"datePublished\":\"2015-07-09T23:47:56+00:00\",\"dateModified\":\"2017-02-09T23:29:52+00:00\",\"description\":\"Per la tua pubblicit\u00e0 online nel settore Vino e Cibo scegli Perlage Suite, l'unico wine blog che vanta 100.000 visitatori nel tuo target ogni trimestre!\",\"breadcrumb\":{\"@id\":\"https:\/\/perlagesuite.com\/sponsor-pubblicita-online-vino-cibo\/#breadcrumb\"},\"inLanguage\":\"en-GB\",\"potentialAction\":[{\"@type\":\"ReadAction\",\"target\":[\"https:\/\/perlagesuite.com\/sponsor-pubblicita-online-vino-cibo\/\"]}]},{\"@type\":\"ImageObject\",\"inLanguage\":\"en-GB\",\"@id\":\"https:\/\/perlagesuite.com\/sponsor-pubblicita-online-vino-cibo\/#primaryimage\",\"url\":\"http:\/\/perlagesuite.com\/wp-content\/uploads\/2014\/11\/perlagesuite_analytics.jpg\",\"contentUrl\":\"http:\/\/perlagesuite.com\/wp-content\/uploads\/2014\/11\/perlagesuite_analytics.jpg\"},{\"@type\":\"BreadcrumbList\",\"@id\":\"https:\/\/perlagesuite.com\/sponsor-pubblicita-online-vino-cibo\/#breadcrumb\",\"itemListElement\":[{\"@type\":\"ListItem\",\"position\":1,\"name\":\"Home\",\"item\":\"https:\/\/perlagesuite.com\/\"},{\"@type\":\"ListItem\",\"position\":2,\"name\":\"Sponsor\"}]},{\"@type\":\"WebSite\",\"@id\":\"https:\/\/perlagesuite.com\/#website\",\"url\":\"https:\/\/perlagesuite.com\/\",\"name\":\"Perlage Suite\",\"description\":\"Il Wine Blog di Chiara Bassi\",\"publisher\":{\"@id\":\"https:\/\/perlagesuite.com\/#organization\"},\"potentialAction\":[{\"@type\":\"SearchAction\",\"target\":{\"@type\":\"EntryPoint\",\"urlTemplate\":\"https:\/\/perlagesuite.com\/?s={search_term_string}\"},\"query-input\":{\"@type\":\"PropertyValueSpecification\",\"valueRequired\":true,\"valueName\":\"search_term_string\"}}],\"inLanguage\":\"en-GB\"},{\"@type\":\"Organization\",\"@id\":\"https:\/\/perlagesuite.com\/#organization\",\"name\":\"Chiara Bassi\",\"url\":\"https:\/\/perlagesuite.com\/\",\"logo\":{\"@type\":\"ImageObject\",\"inLanguage\":\"en-GB\",\"@id\":\"https:\/\/perlagesuite.com\/#\/schema\/logo\/image\/\",\"url\":\"https:\/\/perlagesuite.com\/wp-content\/uploads\/2022\/03\/Chiara-Bassi-sommelier-wine-blogger-logo.png\",\"contentUrl\":\"https:\/\/perlagesuite.com\/wp-content\/uploads\/2022\/03\/Chiara-Bassi-sommelier-wine-blogger-logo.png\",\"width\":512,\"height\":512,\"caption\":\"Chiara Bassi\"},\"image\":{\"@id\":\"https:\/\/perlagesuite.com\/#\/schema\/logo\/image\/\"},\"sameAs\":[\"https:\/\/www.facebook.com\/chiarabassiperlagesuite\",\"https:\/\/x.com\/perlagesuite\",\"https:\/\/www.instagram.com\/perlagesuite\/\"]}]}<\/script>\n<!-- \/ Yoast SEO Premium plugin. -->","yoast_head_json":{"title":"Online Advertising for Wine and Food Advertisers","description":"For your online wine and food advertising choose Perlage Suite, the only wine blog with 100,000 visitors to your target audience every quarter!","robots":{"index":"index","follow":"follow","max-snippet":"max-snippet:-1","max-image-preview":"max-image-preview:large","max-video-preview":"max-video-preview:-1"},"canonical":"https:\/\/perlagesuite.com\/en\/sponsor-pubblicita-online-vino-cibo\/","og_locale":"en_GB","og_type":"article","og_title":"Sponsor","og_description":"Per la tua pubblicit\u00e0 online nel settore Vino e Cibo scegli Perlage Suite, l'unico wine blog che vanta 100.000 visitatori nel tuo target ogni trimestre!","og_url":"https:\/\/perlagesuite.com\/en\/sponsor-pubblicita-online-vino-cibo\/","og_site_name":"Perlage Suite","article_publisher":"https:\/\/www.facebook.com\/chiarabassiperlagesuite","article_modified_time":"2017-02-09T23:29:52+00:00","og_image":[{"url":"http:\/\/perlagesuite.com\/wp-content\/uploads\/2014\/11\/perlagesuite_analytics.jpg","type":"","width":"","height":""}],"twitter_card":"summary_large_image","twitter_site":"@perlagesuite","twitter_misc":{"Estimated reading time":"4 minutes"},"schema":{"@context":"https:\/\/schema.org","@graph":[{"@type":"WebPage","@id":"https:\/\/perlagesuite.com\/sponsor-pubblicita-online-vino-cibo\/","url":"https:\/\/perlagesuite.com\/sponsor-pubblicita-online-vino-cibo\/","name":"Online Advertising for Wine and Food Advertisers","isPartOf":{"@id":"https:\/\/perlagesuite.com\/#website"},"primaryImageOfPage":{"@id":"https:\/\/perlagesuite.com\/sponsor-pubblicita-online-vino-cibo\/#primaryimage"},"image":{"@id":"https:\/\/perlagesuite.com\/sponsor-pubblicita-online-vino-cibo\/#primaryimage"},"thumbnailUrl":"http:\/\/perlagesuite.com\/wp-content\/uploads\/2014\/11\/perlagesuite_analytics.jpg","datePublished":"2015-07-09T23:47:56+00:00","dateModified":"2017-02-09T23:29:52+00:00","description":"For your online wine and food advertising choose Perlage Suite, the only wine blog with 100,000 visitors to your target audience every quarter!","breadcrumb":{"@id":"https:\/\/perlagesuite.com\/sponsor-pubblicita-online-vino-cibo\/#breadcrumb"},"inLanguage":"en-GB","potentialAction":[{"@type":"ReadAction","target":["https:\/\/perlagesuite.com\/sponsor-pubblicita-online-vino-cibo\/"]}]},{"@type":"ImageObject","inLanguage":"en-GB","@id":"https:\/\/perlagesuite.com\/sponsor-pubblicita-online-vino-cibo\/#primaryimage","url":"http:\/\/perlagesuite.com\/wp-content\/uploads\/2014\/11\/perlagesuite_analytics.jpg","contentUrl":"http:\/\/perlagesuite.com\/wp-content\/uploads\/2014\/11\/perlagesuite_analytics.jpg"},{"@type":"BreadcrumbList","@id":"https:\/\/perlagesuite.com\/sponsor-pubblicita-online-vino-cibo\/#breadcrumb","itemListElement":[{"@type":"ListItem","position":1,"name":"Home","item":"https:\/\/perlagesuite.com\/"},{"@type":"ListItem","position":2,"name":"Sponsor"}]},{"@type":"WebSite","@id":"https:\/\/perlagesuite.com\/#website","url":"https:\/\/perlagesuite.com\/","name":"Perlage Suite","description":"Chiara Bassi's Wine Blog","publisher":{"@id":"https:\/\/perlagesuite.com\/#organization"},"potentialAction":[{"@type":"SearchAction","target":{"@type":"EntryPoint","urlTemplate":"https:\/\/perlagesuite.com\/?s={search_term_string}"},"query-input":{"@type":"PropertyValueSpecification","valueRequired":true,"valueName":"search_term_string"}}],"inLanguage":"en-GB"},{"@type":"Organization","@id":"https:\/\/perlagesuite.com\/#organization","name":"Chiara Bassi","url":"https:\/\/perlagesuite.com\/","logo":{"@type":"ImageObject","inLanguage":"en-GB","@id":"https:\/\/perlagesuite.com\/#\/schema\/logo\/image\/","url":"https:\/\/perlagesuite.com\/wp-content\/uploads\/2022\/03\/Chiara-Bassi-sommelier-wine-blogger-logo.png","contentUrl":"https:\/\/perlagesuite.com\/wp-content\/uploads\/2022\/03\/Chiara-Bassi-sommelier-wine-blogger-logo.png","width":512,"height":512,"caption":"Chiara Bassi"},"image":{"@id":"https:\/\/perlagesuite.com\/#\/schema\/logo\/image\/"},"sameAs":["https:\/\/www.facebook.com\/chiarabassiperlagesuite","https:\/\/x.com\/perlagesuite","https:\/\/www.instagram.com\/perlagesuite\/"]}]}},"_links":{"self":[{"href":"http:\/\/perlagesuite.com\/en\/wp-json\/wp\/v2\/pages\/2923","targetHints":{"allow":["GET"]}}],"collection":[{"href":"http:\/\/perlagesuite.com\/en\/wp-json\/wp\/v2\/pages"}],"about":[{"href":"http:\/\/perlagesuite.com\/en\/wp-json\/wp\/v2\/types\/page"}],"author":[{"embeddable":true,"href":"http:\/\/perlagesuite.com\/en\/wp-json\/wp\/v2\/users\/49"}],"replies":[{"embeddable":true,"href":"http:\/\/perlagesuite.com\/en\/wp-json\/wp\/v2\/comments?post=2923"}],"version-history":[{"count":0,"href":"http:\/\/perlagesuite.com\/en\/wp-json\/wp\/v2\/pages\/2923\/revisions"}],"wp:attachment":[{"href":"http:\/\/perlagesuite.com\/en\/wp-json\/wp\/v2\/media?parent=2923"}],"curies":[{"name":"wp","href":"https:\/\/api.w.org\/{rel}","templated":true}]}}