{"id":85,"date":"2014-10-17T13:18:08","date_gmt":"2014-10-17T13:18:08","guid":{"rendered":"http:\/\/cavatappi.org\/?page_id=85"},"modified":"2015-10-26T11:07:39","modified_gmt":"2015-10-26T11:07:39","slug":"vino-birra-abbinamenti","status":"publish","type":"page","link":"http:\/\/perlagesuite.com\/en\/vino-birra-abbinamenti\/","title":{"rendered":"Pairings"},"content":{"rendered":"<p>[et_pb_section admin_label=&#8221;section&#8221; fullwidth=&#8221;on&#8221; specialty=&#8221;off&#8221; transparent_background=&#8221;off&#8221; background_color=&#8221;#955251&#8243; inner_shadow=&#8221;off&#8221; parallax=&#8221;off&#8221; parallax_method=&#8221;off&#8221;][et_pb_fullwidth_slider admin_label=&#8221;Fullwidth Slider&#8221; show_arrows=&#8221;on&#8221; show_pagination=&#8221;on&#8221; auto=&#8221;off&#8221; parallax=&#8221;off&#8221; parallax_method=&#8221;off&#8221; auto_ignore_hover=&#8221;off&#8221; remove_inner_shadow=&#8221;off&#8221; background_position=&#8221;default&#8221; background_size=&#8221;default&#8221; hide_content_on_mobile=&#8221;off&#8221; hide_cta_on_mobile=&#8221;off&#8221; show_image_video_mobile=&#8221;off&#8221; custom_button=&#8221;off&#8221; button_letter_spacing=&#8221;0&#8243; button_use_icon=&#8221;default&#8221; button_icon_placement=&#8221;right&#8221; button_on_hover=&#8221;on&#8221; button_letter_spacing_hover=&#8221;0&#8243;]<\/p>\n<p>[et_pb_slide background_image=&#8221;http:\/\/perlagesuite.com\/wp-content\/uploads\/2014\/10\/abbinamento-cibo-vino.jpg&#8221; background_color=&#8221;#ffffff&#8221; alignment=&#8221;center&#8221; background_layout=&#8221;dark&#8221; background_position=&#8221;default&#8221; background_size=&#8221;default&#8221; allow_player_pause=&#8221;off&#8221; header_font_select=&#8221;default&#8221; body_font_select=&#8221;default&#8221; custom_button=&#8221;off&#8221; button_font_select=&#8221;default&#8221; button_use_icon=&#8221;default&#8221; button_icon_placement=&#8221;right&#8221; button_on_hover=&#8221;on&#8221;]<\/p>\n<p>[\/et_pb_slide]<\/p>\n<p>[\/et_pb_fullwidth_slider][et_pb_fullwidth_header admin_label=&#8221;Fullwidth Header&#8221; title=&#8221;Abbinamenti&#8221; background_layout=&#8221;dark&#8221; text_orientation=&#8221;center&#8221; subhead=&#8221;Dalla teoria alla pratica!&#8221;]<\/p>\n<p>[\/et_pb_fullwidth_header][\/et_pb_section][et_pb_section admin_label=&#8221;section&#8221; fullwidth=&#8221;off&#8221; specialty=&#8221;off&#8221;][et_pb_row admin_label=&#8221;row&#8221;][et_pb_column type=&#8221;4_4&#8243;][et_pb_text admin_label=&#8221;Text&#8221; background_layout=&#8221;light&#8221; text_orientation=&#8221;left&#8221;]<\/p>\n<p style=\"text-align: justify;\">Il galateo dice che i vini si servono in base ai piatti, alla stagione, all\u2019et\u00e0 degli invitati ed all\u2019esperienza personale. Al variare delle portate andrebbe anche cambiato il vino perch\u00e9 ogni piatto presenta le proprie caratteristiche gustative.\u00a0<\/p>\n<p style=\"text-align: justify;\">In un abbinamento ben riuscito, il cibo ed il vino devono essere l\u2019uno al servizio dell\u2019altro senza sovrastarsi. Inoltre \u00e8 molto pi\u00f9 facile abbinare un cibo squilibrato piuttosto che un cibo equilibrato. Nella tradizione gastronomica si cerca di limitare gli eccessi con il sistema dei contorni, cio\u00e8 affiancando al cibo un vino che ne moderi gli eccessi (acidit\u00e0, sapidit\u00e0, grassezza\u2026). Immagina il classico grafico a torta\u2026 in un cibo squilibrato abbiamo magari qualche spicchio che manca, o semplicemente qualche spicchio pi\u00f9 grande dell\u2019altro. Diventa relativamente facile quindi \u201criempire\u201d le mancanze con il vino giusto. Invece, pi\u00f9 un cibo \u00e8 equilibrato, pi\u00f9 avremo difficolt\u00e0 ad abbinarlo perch\u00e9 \u00e8 come cercare di inserire in questa \u201ctorta\u201d perfetta qualcosa che, virtualmente, non trova spazio. Anche il vino pi\u00f9 facile da abbinare \u00e8 quello abbastanza equilibrato, ovvero quello che ha qualche sbilanciamento tra durezza e morbidezza, perfetto da abbinare con cibi che hanno questi sbilanciamenti in senso opposto.<\/p>\n<p>[\/et_pb_text][et_pb_cta admin_label=&#8221;Call To Action&#8221; title=&#8221;Scheda grafica di abbinamento cibo\/vino ufficiale AIS!&#8221; button_url=&#8221;http:\/\/cavatappi.org\/scheda-di-abbinamento-cibo-vino\/&#8221; button_text=&#8221;Scopri!&#8221; use_background_color=&#8221;on&#8221; background_color=&#8221;#9dc6d8&#8243; background_layout=&#8221;dark&#8221; text_orientation=&#8221;center&#8221;]<\/p>\n<p>[\/et_pb_cta][\/et_pb_column][\/et_pb_row][\/et_pb_section][et_pb_section admin_label=&#8221;section&#8221; fullwidth=&#8221;on&#8221; specialty=&#8221;off&#8221; transparent_background=&#8221;off&#8221; background_color=&#8221;#ffffff&#8221; inner_shadow=&#8221;off&#8221; parallax=&#8221;off&#8221; parallax_method=&#8221;off&#8221;][et_pb_fullwidth_portfolio admin_label=&#8221;Fullwidth Portfolio&#8221; fullwidth=&#8221;off&#8221; include_categories=&#8221;3&#8243; show_title=&#8221;on&#8221; show_date=&#8221;on&#8221; background_layout=&#8221;light&#8221; auto=&#8221;off&#8221;]<\/p>\n<p>[\/et_pb_fullwidth_portfolio][\/et_pb_section]<\/p>\n","protected":false},"excerpt":{"rendered":"<p>Il galateo dice che i vini si servono in base ai piatti, alla stagione, all\u2019et\u00e0 degli invitati ed all\u2019esperienza personale. Al variare delle portate andrebbe anche cambiato il vino perch\u00e9 ogni piatto presenta le proprie caratteristiche gustative.\u00a0In un abbinamento ben riuscito, il cibo ed il vino devono essere l\u2019uno al servizio dell\u2019altro senza sovrastarsi. Inoltre [&hellip;]<\/p>\n","protected":false},"author":49,"featured_media":0,"parent":0,"menu_order":0,"comment_status":"open","ping_status":"open","template":"","meta":{"_et_pb_use_builder":"on","_et_pb_old_content":"","_et_gb_content_width":"","footnotes":""},"class_list":["post-85","page","type-page","status-publish","hentry"],"yoast_head":"<!-- This site is optimized with the Yoast SEO Premium plugin v27.0 (Yoast SEO v27.2) - https:\/\/yoast.com\/product\/yoast-seo-premium-wordpress\/ -->\n<title>Abbinamenti - Perlage Suite<\/title>\n<meta name=\"robots\" content=\"index, follow, max-snippet:-1, max-image-preview:large, max-video-preview:-1\" \/>\n<link rel=\"canonical\" href=\"https:\/\/perlagesuite.com\/en\/vino-birra-abbinamenti\/\" \/>\n<meta property=\"og:locale\" content=\"en_GB\" \/>\n<meta property=\"og:type\" content=\"article\" \/>\n<meta property=\"og:title\" content=\"Abbinamenti\" \/>\n<meta property=\"og:description\" content=\"Il galateo dice che i vini si servono in base ai piatti, alla stagione, all\u2019et\u00e0 degli invitati ed all\u2019esperienza personale. Al variare delle portate andrebbe anche cambiato il vino perch\u00e9 ogni piatto presenta le proprie caratteristiche gustative.\u00a0In un abbinamento ben riuscito, il cibo ed il vino devono essere l\u2019uno al servizio dell\u2019altro senza sovrastarsi. Inoltre [&hellip;]\" \/>\n<meta property=\"og:url\" content=\"https:\/\/perlagesuite.com\/en\/vino-birra-abbinamenti\/\" \/>\n<meta property=\"og:site_name\" content=\"Perlage Suite\" \/>\n<meta property=\"article:publisher\" content=\"https:\/\/www.facebook.com\/chiarabassiperlagesuite\" \/>\n<meta property=\"article:modified_time\" content=\"2015-10-26T11:07:39+00:00\" \/>\n<meta name=\"twitter:card\" content=\"summary_large_image\" \/>\n<meta name=\"twitter:site\" content=\"@perlagesuite\" \/>\n<meta name=\"twitter:label1\" content=\"Estimated reading time\" \/>\n\t<meta name=\"twitter:data1\" content=\"3 minutes\" \/>\n<script type=\"application\/ld+json\" class=\"yoast-schema-graph\">{\"@context\":\"https:\/\/schema.org\",\"@graph\":[{\"@type\":\"WebPage\",\"@id\":\"https:\/\/perlagesuite.com\/vino-birra-abbinamenti\/\",\"url\":\"https:\/\/perlagesuite.com\/vino-birra-abbinamenti\/\",\"name\":\"Abbinamenti - Perlage Suite\",\"isPartOf\":{\"@id\":\"https:\/\/perlagesuite.com\/#website\"},\"datePublished\":\"2014-10-17T13:18:08+00:00\",\"dateModified\":\"2015-10-26T11:07:39+00:00\",\"breadcrumb\":{\"@id\":\"https:\/\/perlagesuite.com\/vino-birra-abbinamenti\/#breadcrumb\"},\"inLanguage\":\"en-GB\",\"potentialAction\":[{\"@type\":\"ReadAction\",\"target\":[\"https:\/\/perlagesuite.com\/vino-birra-abbinamenti\/\"]}]},{\"@type\":\"BreadcrumbList\",\"@id\":\"https:\/\/perlagesuite.com\/vino-birra-abbinamenti\/#breadcrumb\",\"itemListElement\":[{\"@type\":\"ListItem\",\"position\":1,\"name\":\"Home\",\"item\":\"https:\/\/perlagesuite.com\/\"},{\"@type\":\"ListItem\",\"position\":2,\"name\":\"Abbinamenti\"}]},{\"@type\":\"WebSite\",\"@id\":\"https:\/\/perlagesuite.com\/#website\",\"url\":\"https:\/\/perlagesuite.com\/\",\"name\":\"Perlage Suite\",\"description\":\"Il Wine Blog di Chiara Bassi\",\"publisher\":{\"@id\":\"https:\/\/perlagesuite.com\/#organization\"},\"potentialAction\":[{\"@type\":\"SearchAction\",\"target\":{\"@type\":\"EntryPoint\",\"urlTemplate\":\"https:\/\/perlagesuite.com\/?s={search_term_string}\"},\"query-input\":{\"@type\":\"PropertyValueSpecification\",\"valueRequired\":true,\"valueName\":\"search_term_string\"}}],\"inLanguage\":\"en-GB\"},{\"@type\":\"Organization\",\"@id\":\"https:\/\/perlagesuite.com\/#organization\",\"name\":\"Chiara Bassi\",\"url\":\"https:\/\/perlagesuite.com\/\",\"logo\":{\"@type\":\"ImageObject\",\"inLanguage\":\"en-GB\",\"@id\":\"https:\/\/perlagesuite.com\/#\/schema\/logo\/image\/\",\"url\":\"https:\/\/perlagesuite.com\/wp-content\/uploads\/2022\/03\/Chiara-Bassi-sommelier-wine-blogger-logo.png\",\"contentUrl\":\"https:\/\/perlagesuite.com\/wp-content\/uploads\/2022\/03\/Chiara-Bassi-sommelier-wine-blogger-logo.png\",\"width\":512,\"height\":512,\"caption\":\"Chiara Bassi\"},\"image\":{\"@id\":\"https:\/\/perlagesuite.com\/#\/schema\/logo\/image\/\"},\"sameAs\":[\"https:\/\/www.facebook.com\/chiarabassiperlagesuite\",\"https:\/\/x.com\/perlagesuite\",\"https:\/\/www.instagram.com\/perlagesuite\/\"]}]}<\/script>\n<!-- \/ Yoast SEO Premium plugin. -->","yoast_head_json":{"title":"Pairings - Perlage Suite","robots":{"index":"index","follow":"follow","max-snippet":"max-snippet:-1","max-image-preview":"max-image-preview:large","max-video-preview":"max-video-preview:-1"},"canonical":"https:\/\/perlagesuite.com\/en\/vino-birra-abbinamenti\/","og_locale":"en_GB","og_type":"article","og_title":"Abbinamenti","og_description":"Il galateo dice che i vini si servono in base ai piatti, alla stagione, all\u2019et\u00e0 degli invitati ed all\u2019esperienza personale. Al variare delle portate andrebbe anche cambiato il vino perch\u00e9 ogni piatto presenta le proprie caratteristiche gustative.\u00a0In un abbinamento ben riuscito, il cibo ed il vino devono essere l\u2019uno al servizio dell\u2019altro senza sovrastarsi. Inoltre [&hellip;]","og_url":"https:\/\/perlagesuite.com\/en\/vino-birra-abbinamenti\/","og_site_name":"Perlage Suite","article_publisher":"https:\/\/www.facebook.com\/chiarabassiperlagesuite","article_modified_time":"2015-10-26T11:07:39+00:00","twitter_card":"summary_large_image","twitter_site":"@perlagesuite","twitter_misc":{"Estimated reading time":"3 minutes"},"schema":{"@context":"https:\/\/schema.org","@graph":[{"@type":"WebPage","@id":"https:\/\/perlagesuite.com\/vino-birra-abbinamenti\/","url":"https:\/\/perlagesuite.com\/vino-birra-abbinamenti\/","name":"Pairings - Perlage Suite","isPartOf":{"@id":"https:\/\/perlagesuite.com\/#website"},"datePublished":"2014-10-17T13:18:08+00:00","dateModified":"2015-10-26T11:07:39+00:00","breadcrumb":{"@id":"https:\/\/perlagesuite.com\/vino-birra-abbinamenti\/#breadcrumb"},"inLanguage":"en-GB","potentialAction":[{"@type":"ReadAction","target":["https:\/\/perlagesuite.com\/vino-birra-abbinamenti\/"]}]},{"@type":"BreadcrumbList","@id":"https:\/\/perlagesuite.com\/vino-birra-abbinamenti\/#breadcrumb","itemListElement":[{"@type":"ListItem","position":1,"name":"Home","item":"https:\/\/perlagesuite.com\/"},{"@type":"ListItem","position":2,"name":"Abbinamenti"}]},{"@type":"WebSite","@id":"https:\/\/perlagesuite.com\/#website","url":"https:\/\/perlagesuite.com\/","name":"Perlage Suite","description":"Chiara Bassi's Wine Blog","publisher":{"@id":"https:\/\/perlagesuite.com\/#organization"},"potentialAction":[{"@type":"SearchAction","target":{"@type":"EntryPoint","urlTemplate":"https:\/\/perlagesuite.com\/?s={search_term_string}"},"query-input":{"@type":"PropertyValueSpecification","valueRequired":true,"valueName":"search_term_string"}}],"inLanguage":"en-GB"},{"@type":"Organization","@id":"https:\/\/perlagesuite.com\/#organization","name":"Chiara Bassi","url":"https:\/\/perlagesuite.com\/","logo":{"@type":"ImageObject","inLanguage":"en-GB","@id":"https:\/\/perlagesuite.com\/#\/schema\/logo\/image\/","url":"https:\/\/perlagesuite.com\/wp-content\/uploads\/2022\/03\/Chiara-Bassi-sommelier-wine-blogger-logo.png","contentUrl":"https:\/\/perlagesuite.com\/wp-content\/uploads\/2022\/03\/Chiara-Bassi-sommelier-wine-blogger-logo.png","width":512,"height":512,"caption":"Chiara Bassi"},"image":{"@id":"https:\/\/perlagesuite.com\/#\/schema\/logo\/image\/"},"sameAs":["https:\/\/www.facebook.com\/chiarabassiperlagesuite","https:\/\/x.com\/perlagesuite","https:\/\/www.instagram.com\/perlagesuite\/"]}]}},"_links":{"self":[{"href":"http:\/\/perlagesuite.com\/en\/wp-json\/wp\/v2\/pages\/85","targetHints":{"allow":["GET"]}}],"collection":[{"href":"http:\/\/perlagesuite.com\/en\/wp-json\/wp\/v2\/pages"}],"about":[{"href":"http:\/\/perlagesuite.com\/en\/wp-json\/wp\/v2\/types\/page"}],"author":[{"embeddable":true,"href":"http:\/\/perlagesuite.com\/en\/wp-json\/wp\/v2\/users\/49"}],"replies":[{"embeddable":true,"href":"http:\/\/perlagesuite.com\/en\/wp-json\/wp\/v2\/comments?post=85"}],"version-history":[{"count":0,"href":"http:\/\/perlagesuite.com\/en\/wp-json\/wp\/v2\/pages\/85\/revisions"}],"wp:attachment":[{"href":"http:\/\/perlagesuite.com\/en\/wp-json\/wp\/v2\/media?parent=85"}],"curies":[{"name":"wp","href":"https:\/\/api.w.org\/{rel}","templated":true}]}}