{"id":1171,"date":"2015-02-15T10:27:37","date_gmt":"2015-02-15T10:27:37","guid":{"rendered":"http:\/\/cavatappi.org\/?page_id=1171"},"modified":"2018-11-11T17:51:40","modified_gmt":"2018-11-11T16:51:40","slug":"sommelier","status":"publish","type":"page","link":"https:\/\/perlagesuite.com\/en\/sommelier\/","title":{"rendered":"Sommelier"},"content":{"rendered":"<p>[et_pb_section admin_label=&#8221;section&#8221; fullwidth=&#8221;on&#8221; specialty=&#8221;off&#8221; transparent_background=&#8221;off&#8221; background_color=&#8221;#955251&#8243; inner_shadow=&#8221;off&#8221; parallax=&#8221;off&#8221; parallax_method=&#8221;off&#8221;][et_pb_fullwidth_slider admin_label=&#8221;sommelier&#8221; show_arrows=&#8221;on&#8221; show_pagination=&#8221;on&#8221; auto=&#8221;off&#8221; parallax=&#8221;off&#8221; parallax_method=&#8221;off&#8221; auto_ignore_hover=&#8221;off&#8221; remove_inner_shadow=&#8221;off&#8221; background_position=&#8221;default&#8221; background_size=&#8221;default&#8221; hide_content_on_mobile=&#8221;off&#8221; hide_cta_on_mobile=&#8221;off&#8221; show_image_video_mobile=&#8221;off&#8221; custom_button=&#8221;off&#8221; button_letter_spacing=&#8221;0&#8243; button_use_icon=&#8221;default&#8221; button_icon_placement=&#8221;right&#8221; button_on_hover=&#8221;on&#8221; button_letter_spacing_hover=&#8221;0&#8243;] [et_pb_slide background_image=&#8221;http:\/\/perlagesuite.com\/wp-content\/uploads\/2015\/02\/sommelier.jpg&#8221; background_color=&#8221;#ffffff&#8221; alignment=&#8221;center&#8221; background_layout=&#8221;dark&#8221; background_position=&#8221;default&#8221; background_size=&#8221;default&#8221; allow_player_pause=&#8221;off&#8221; header_font_select=&#8221;default&#8221; body_font_select=&#8221;default&#8221; custom_button=&#8221;off&#8221; button_font_select=&#8221;default&#8221; button_use_icon=&#8221;default&#8221; button_icon_placement=&#8221;right&#8221; button_on_hover=&#8221;on&#8221;] [\/et_pb_slide] [\/et_pb_fullwidth_slider][et_pb_fullwidth_header admin_label=&#8221;Titolo&#8221; title=&#8221;Il mondo del Sommelier&#8221; subhead=&#8221;Chi \u00e8 il sommelier? Come si diventa sommelier?&#8221; background_layout=&#8221;dark&#8221; text_orientation=&#8221;center&#8221;] [\/et_pb_fullwidth_header][\/et_pb_section][et_pb_section admin_label=&#8221;section&#8221;][et_pb_row admin_label=&#8221;row&#8221;][et_pb_column type=&#8221;1_3&#8243;][et_pb_blurb admin_label=&#8221;Ais o Fisar?&#8221; title=&#8221;Ais o Fisar?&#8221; url=&#8221;http:\/\/perlagesuite.com\/diventare-sommelier\/&#8221; url_new_window=&#8221;off&#8221; use_icon=&#8221;on&#8221; font_icon=&#8221;\ue0ff&#8221; icon_color=&#8221;#fcd76d&#8221; use_circle=&#8221;off&#8221; circle_color=&#8221;#9dc6d8&#8243; use_circle_border=&#8221;off&#8221; circle_border_color=&#8221;#9dc6d8&#8243; icon_placement=&#8221;top&#8221; animation=&#8221;top&#8221; background_layout=&#8221;light&#8221; text_orientation=&#8221;center&#8221;] [\/et_pb_blurb][et_pb_blurb admin_label=&#8221;Gestione della cantina&#8221; title=&#8221;Gestione della Cantina&#8221; url=&#8221;#&#8221; url_new_window=&#8221;off&#8221; use_icon=&#8221;on&#8221; font_icon=&#8221;\ue0e7&#8221; icon_color=&#8221;#fcd76d&#8221; use_circle=&#8221;off&#8221; circle_color=&#8221;#9dc6d8&#8243; use_circle_border=&#8221;off&#8221; circle_border_color=&#8221;#9dc6d8&#8243; icon_placement=&#8221;top&#8221; animation=&#8221;top&#8221; background_layout=&#8221;light&#8221; text_orientation=&#8221;center&#8221;] [\/et_pb_blurb][\/et_pb_column][et_pb_column type=&#8221;1_3&#8243;][et_pb_blurb admin_label=&#8221;domande esame&#8221; title=&#8221;Domande Esame&#8221; url=&#8221;http:\/\/perlagesuite.com\/domande-esame-ais\/&#8221; url_new_window=&#8221;off&#8221; use_icon=&#8221;on&#8221; font_icon=&#8221;R&#8221; icon_color=&#8221;#fcd76d&#8221; use_circle=&#8221;off&#8221; circle_color=&#8221;#9dc6d8&#8243; use_circle_border=&#8221;off&#8221; circle_border_color=&#8221;#9dc6d8&#8243; icon_placement=&#8221;top&#8221; animation=&#8221;top&#8221; background_layout=&#8221;light&#8221; text_orientation=&#8221;center&#8221;] [\/et_pb_blurb][et_pb_blurb admin_label=&#8221;carta dei vini&#8221; title=&#8221;Carta dei Vini&#8221; url=&#8221;#&#8221; url_new_window=&#8221;off&#8221; use_icon=&#8221;on&#8221; font_icon=&#8221;\ue056&#8221; icon_color=&#8221;#fcd76d&#8221; use_circle=&#8221;off&#8221; circle_color=&#8221;#9dc6d8&#8243; use_circle_border=&#8221;off&#8221; circle_border_color=&#8221;#9dc6d8&#8243; icon_placement=&#8221;top&#8221; animation=&#8221;top&#8221; background_layout=&#8221;light&#8221; text_orientation=&#8221;center&#8221;] [\/et_pb_blurb][\/et_pb_column][et_pb_column type=&#8221;1_3&#8243;][et_pb_blurb admin_label=&#8221;strumenti&#8221; title=&#8221;Strumenti&#8221; url_new_window=&#8221;off&#8221; use_icon=&#8221;on&#8221; font_icon=&#8221;\ue035&#8221; icon_color=&#8221;#fcd76d&#8221; use_circle=&#8221;off&#8221; circle_color=&#8221;#9dc6d8&#8243; use_circle_border=&#8221;off&#8221; circle_border_color=&#8221;#9dc6d8&#8243; icon_placement=&#8221;top&#8221; animation=&#8221;top&#8221; background_layout=&#8221;light&#8221; text_orientation=&#8221;center&#8221; url=&#8221;http:\/\/perlagesuite.com\/strumenti-del-sommelier\/&#8221;] [\/et_pb_blurb][et_pb_blurb admin_label=&#8221;servizio&#8221; title=&#8221;Servizio&#8221; url_new_window=&#8221;off&#8221; use_icon=&#8221;on&#8221; font_icon=&#8221;\ue08b&#8221; icon_color=&#8221;#fcd76d&#8221; use_circle=&#8221;off&#8221; circle_color=&#8221;#9dc6d8&#8243; use_circle_border=&#8221;off&#8221; circle_border_color=&#8221;#9dc6d8&#8243; icon_placement=&#8221;top&#8221; animation=&#8221;top&#8221; background_layout=&#8221;light&#8221; text_orientation=&#8221;center&#8221; url=&#8221;http:\/\/perlagesuite.com\/servizio-del-vino\/&#8221;] [\/et_pb_blurb][\/et_pb_column][\/et_pb_row][et_pb_row admin_label=&#8221;row&#8221;][et_pb_column type=&#8221;4_4&#8243;][et_pb_text admin_label=&#8221;Text&#8221; background_layout=&#8221;light&#8221; text_orientation=&#8221;left&#8221;]<\/p>\n<p style=\"text-align: justify;\">Fino a qualche anno fa il sommelier era solo considerato colui che conosceva le tecniche di servizio del vino e le applicava perfettamente in una sala del ristorante. Oggi il sommelier deve occuparsi del mondo del vino a 360\u00b0, dalla gestione della cantina e della carta dei vini in un ristorante fino alla selezione dei vini in una catena della grande distribuzione.<\/p>\n<p>[\/et_pb_text][\/et_pb_column][\/et_pb_row][et_pb_row admin_label=&#8221;row&#8221;][et_pb_column type=&#8221;4_4&#8243;][et_pb_text admin_label=&#8221;affiliate amazon&#8221; background_layout=&#8221;light&#8221; text_orientation=&#8221;left&#8221;]<\/p>\n<p style=\"text-align: justify;\">Vuoi diventare sommelier? Incomincia ad utilizzare con sicurezza un cavatappi professionale. Ecco la mia selezione di cavatappi professionali che puoi acquistare comodamente da casa tua su amazon:<\/p>\n<ul>\n<li><a href=\"http:\/\/www.amazon.it\/gp\/product\/B005GUA428\/ref=as_li_qf_sp_asin_tl?ie=UTF8&amp;camp=3370&amp;creative=23322&amp;creativeASIN=B005GUA428&amp;linkCode=as2&amp;tag=perlsuit-21\">Le Creuset Cavatappi da sommelier, colore legno<\/a><img loading=\"lazy\" decoding=\"async\" style=\"border: none !important; margin: 0px !important;\" src=\"http:\/\/ir-it.amazon-adsystem.com\/e\/ir?t=perlsuit-21&amp;l=as2&amp;o=29&amp;a=B005GUA428\" alt=\"\" width=\"1\" height=\"1\" border=\"0\" \/><\/li>\n<li><a href=\"http:\/\/www.amazon.it\/gp\/product\/B00C0XPAW8\/ref=as_li_tf_tl?ie=UTF8&amp;camp=3370&amp;creative=23322&amp;creativeASIN=B00C0XPAW8&amp;linkCode=as2&amp;tag=perlsuit-21\">CAVATAPPI UFFICIALE Associazione Italiana Sommelier, colore rosso<\/a><img loading=\"lazy\" decoding=\"async\" style=\"border: none !important; margin: 0px !important;\" src=\"http:\/\/ir-it.amazon-adsystem.com\/e\/ir?t=perlsuit-21&amp;l=as2&amp;o=29&amp;a=B00C0XPAW8\" alt=\"\" width=\"1\" height=\"1\" border=\"0\" \/><\/li>\n<li><a href=\"http:\/\/www.amazon.it\/gp\/product\/B001GIOF1A\/ref=as_li_tf_tl?ie=UTF8&amp;camp=3370&amp;creative=23322&amp;creativeASIN=B001GIOF1A&amp;linkCode=as2&amp;tag=perlsuit-21\">Paderno Cavatappi da Cameriere, Acciaio Inox<\/a><img loading=\"lazy\" decoding=\"async\" style=\"border: none !important; margin: 0px !important;\" src=\"http:\/\/ir-it.amazon-adsystem.com\/e\/ir?t=perlsuit-21&amp;l=as2&amp;o=29&amp;a=B001GIOF1A\" alt=\"\" width=\"1\" height=\"1\" border=\"0\" \/><\/li>\n<li><a href=\"http:\/\/www.amazon.it\/gp\/product\/B000H78J7M\/ref=as_li_tf_tl?ie=UTF8&amp;camp=3370&amp;creative=23322&amp;creativeASIN=B000H78J7M&amp;linkCode=as2&amp;tag=perlsuit-21\">Pulltap&#8217;s Bistro Cavatappi colore: Nero<\/a><img loading=\"lazy\" decoding=\"async\" style=\"border: none !important; margin: 0px !important;\" src=\"http:\/\/ir-it.amazon-adsystem.com\/e\/ir?t=perlsuit-21&amp;l=as2&amp;o=29&amp;a=B000H78J7M\" alt=\"\" width=\"1\" height=\"1\" border=\"0\" \/><\/li>\n<li><a href=\"http:\/\/www.amazon.it\/gp\/product\/B001M8APXG\/ref=as_li_tf_tl?ie=UTF8&amp;camp=3370&amp;creative=23322&amp;creativeASIN=B001M8APXG&amp;linkCode=as2&amp;tag=perlsuit-21\">Parrot di Alessi &#8211; Cavatappi sommelier in alluminio pressofuso e PVC, decorato a mano<\/a><img loading=\"lazy\" decoding=\"async\" style=\"border: none !important; margin: 0px !important;\" src=\"http:\/\/ir-it.amazon-adsystem.com\/e\/ir?t=perlsuit-21&amp;l=as2&amp;o=29&amp;a=B001M8APXG\" alt=\"\" width=\"1\" height=\"1\" border=\"0\" \/><\/li>\n<\/ul>\n<p style=\"text-align: justify;\">Personalmente per il mio compleanno\u00a0mi regaler\u00f2 il Parrot di Alessi&#8230; lo trovo troppo bello e ha davvero un design geniale! D&#8217;altronde&#8230; da qualche parte bisogna pur cominciare! Non si potr\u00e0 solo studiare! \ud83d\ude09<\/p>\n<p>[\/et_pb_text][\/et_pb_column][\/et_pb_row][\/et_pb_section][et_pb_section admin_label=&#8221;section&#8221; fullwidth=&#8221;off&#8221; specialty=&#8221;off&#8221; transparent_background=&#8221;off&#8221; background_color=&#8221;#fcd76d&#8221; inner_shadow=&#8221;off&#8221; parallax=&#8221;off&#8221; parallax_method=&#8221;off&#8221; allow_player_pause=&#8221;off&#8221;][et_pb_row admin_label=&#8221;row&#8221;][et_pb_column type=&#8221;4_4&#8243;][et_pb_text admin_label=&#8221;Quali requisiti deve avere il Sommelier?&#8221; background_layout=&#8221;light&#8221; text_orientation=&#8221;left&#8221;]<\/p>\n<h2 style=\"text-align: center;\">Quali requisiti deve avere il Sommelier?<\/h2>\n<p>[\/et_pb_text][\/et_pb_column][\/et_pb_row][et_pb_row admin_label=&#8221;row&#8221;][et_pb_column type=&#8221;1_2&#8243;][et_pb_text admin_label=&#8221;Umanit\u00e0 e Professionalita&#8221; background_layout=&#8221;light&#8221; text_orientation=&#8221;left&#8221;]<\/p>\n<h2 style=\"text-align: center;\">Umanit\u00e0 e Professionalit\u00e0<\/h2>\n<p><span style=\"color: #9dc6d8;\">.<\/span><\/p>\n<p style=\"text-align: justify;\">Il sommelier deve sapersi proporre al cliente con gentilezza ed educazione, ottima dialettica, diplomazia, autocontrollo, correttezza verbale e gestuale, una misurata eleganza nei movimenti e nessuna teatralit\u00e0. Essendo un lavoro che si svolge a contatto con il pubblico, il sommelier deve saper affrontare ogni tipo di persona, dalla pi\u00f9 disponibile alla pi\u00f9 esigente, con un buon intuito psicologico per instaurare feeling anche con i clienti pi\u00f9 difficili. Se svolge la professione in un locale di alto livello \u00e8 necessario che sappia esprimersi correttamente in inglese (lingua internazionale) e francese (lingua del vino).<\/p>\n<p>[\/et_pb_text][\/et_pb_column][et_pb_column type=&#8221;1_2&#8243;][et_pb_text admin_label=&#8221;cultura e tecnica&#8221; background_layout=&#8221;light&#8221; text_orientation=&#8221;left&#8221;]<\/p>\n<h2 style=\"text-align: center;\">Cultura e Tecnica<\/h2>\n<p><span style=\"color: #9dc6d8;\">.<\/span><\/p>\n<p style=\"text-align: justify;\">Una buona cultura generale \u00e8 fondamentale per il sommelier che lavora spesso in ambienti di grande prestigio nei quali ha contatti con persone di tutti i livelli culturali, anche quelli pi\u00f9 elevati. Il sommelier deve avere nozioni fondamentali di viticoltura, enologia e dei sistemi di produzione delle diverse tipologie di vini, spumanti, liquori e distillati, tecniche di degustazione &amp;\u00a0abbinamento e del servizio &amp; comunicazione. Dato che il sommelier deve saper impostare e gestire la cantina, sono fondamentali anche conoscenze gestionali, economiche e la padronanza dell&#8217;uso di strumenti informatici nonch\u00e9 buone capacit\u00e0 manageriali e spirito di iniziativa.<\/p>\n<p>[\/et_pb_text][\/et_pb_column][\/et_pb_row][et_pb_row admin_label=&#8221;row&#8221;][et_pb_column type=&#8221;4_4&#8243;][et_pb_text admin_label=&#8221;Text&#8221; background_layout=&#8221;light&#8221; text_orientation=&#8221;left&#8221;]<\/p>\n<p style=\"text-align: justify;\">Conoscere le lingue \u00e8 fondamentale anche perch\u00e9 il sommelier, per natura, deve essere curioso culturalmente ed aperto nei confronti dei cambiamenti di mercato e delle nuove tendenze di tutti i prodotti del mondo enologico, e quindi deve svolgere viaggi studio e tour enogastronomici, visitare aziende in Italia ed all&#8217;estero, partecipare a convegni e seminari sul vino e tessere rapporti con produttori e distributori di paesi diversi.<\/p>\n<p>[\/et_pb_text][\/et_pb_column][\/et_pb_row][\/et_pb_section][et_pb_section admin_label=&#8221;section&#8221; fullwidth=&#8221;off&#8221; specialty=&#8221;off&#8221;][et_pb_row admin_label=&#8221;row&#8221;][et_pb_column type=&#8221;1_2&#8243;][et_pb_text admin_label=&#8221;WSA fondazione&#8221; background_layout=&#8221;light&#8221; text_orientation=&#8221;left&#8221;]<\/p>\n<p style=\"text-align: justify;\"><strong>Worldwide Sommelier Association (W.S.A.)<\/strong>\u00a0\u00e8 l\u2019associazione dei Sommelier nel mondo, nata per diffondere la cultura del vino e del cibo, riunendo in questo progetto le pi\u00f9 prestigiose associazioni del mondo coinvolte nel settore. Gli stati membri sono: Italia, San Marino, Inghilterra, Germania, Danimarca, Svezia, Norvegia, Lussemburgo, Russia, Caraibi, Brasile, USA, Giappone. La via scelta per il raggiungimento degli obiettivi passa attraverso l\u2019organizzazione di Grandi Eventi di portata internazionale, delle vetrine a tema raffinate ed esclusive che permettono di mettere in mostra le produzioni eccellenti di ogni Paese.<\/p>\n<p>[\/et_pb_text][\/et_pb_column][et_pb_column type=&#8221;1_2&#8243;][et_pb_text admin_label=&#8221;AIS fondazione&#8221; background_layout=&#8221;light&#8221; text_orientation=&#8221;left&#8221;]<\/p>\n<p style=\"text-align: justify;\">L&#8217;<strong>Associazione Italiana Sommelier (A.I.S.)<\/strong> \u00e8 stata fondata a Milano il 7 luglio 1965 da Gianfranco Botti (1\u00b0presidente AIS), Jean Valenti, Leonardo Guerra ed Ernesto Rossi. I loro obiettivi erano quelli di valorizzare l&#8217;immagine del vino italiano e rivalutare la professione del Sommelier (in calo in Francia ed inesistente in Italia). Il 15 settembre 1973 l&#8217;AIS ha ottenuto il riconoscimento giuridico con Decreto del Presidente della Repubblica e si pone come organismo di formazione competente e professionale del sommelier, che opera nel settore della ristorazione, e diffonde la cultura del vino nel modo pi\u00f9 completo ed approfondito possibile.<\/p>\n<p>[\/et_pb_text][\/et_pb_column][\/et_pb_row][\/et_pb_section]<\/p>\n","protected":false},"excerpt":{"rendered":"<p>Fino a qualche anno fa il sommelier era solo considerato colui che conosceva le tecniche di servizio del vino e le applicava perfettamente in una sala del ristorante. Oggi il sommelier deve occuparsi del mondo del vino a 360\u00b0, dalla gestione della cantina e della carta dei vini in un ristorante fino alla selezione dei [&hellip;]<\/p>\n","protected":false},"author":49,"featured_media":0,"parent":0,"menu_order":0,"comment_status":"open","ping_status":"open","template":"","meta":{"_et_pb_use_builder":"on","_et_pb_old_content":"","_et_gb_content_width":"","footnotes":""},"class_list":["post-1171","page","type-page","status-publish","hentry"],"yoast_head":"<!-- This site is optimized with the Yoast SEO Premium plugin v27.0 (Yoast SEO v27.2) - https:\/\/yoast.com\/product\/yoast-seo-premium-wordpress\/ -->\n<title>Sommelier - Perlage Suite<\/title>\n<meta name=\"robots\" content=\"index, follow, max-snippet:-1, max-image-preview:large, max-video-preview:-1\" \/>\n<link rel=\"canonical\" href=\"https:\/\/perlagesuite.com\/en\/sommelier\/\" \/>\n<meta property=\"og:locale\" content=\"en_GB\" \/>\n<meta property=\"og:type\" content=\"article\" \/>\n<meta property=\"og:title\" content=\"Sommelier\" \/>\n<meta property=\"og:description\" content=\"Fino a qualche anno fa il sommelier era solo considerato colui che conosceva le tecniche di servizio del vino e le applicava perfettamente in una sala del ristorante. Oggi il sommelier deve occuparsi del mondo del vino a 360\u00b0, dalla gestione della cantina e della carta dei vini in un ristorante fino alla selezione dei [&hellip;]\" \/>\n<meta property=\"og:url\" content=\"https:\/\/perlagesuite.com\/en\/sommelier\/\" \/>\n<meta property=\"og:site_name\" content=\"Perlage Suite\" \/>\n<meta property=\"article:publisher\" content=\"https:\/\/www.facebook.com\/chiarabassiperlagesuite\" \/>\n<meta property=\"article:modified_time\" content=\"2018-11-11T16:51:40+00:00\" \/>\n<meta property=\"og:image\" content=\"http:\/\/ir-it.amazon-adsystem.com\/e\/ir?t=perlsuit-21&amp;l=as2&amp;o=29&amp;a=B005GUA428\" \/>\n<meta name=\"twitter:card\" content=\"summary_large_image\" \/>\n<meta name=\"twitter:site\" content=\"@perlagesuite\" \/>\n<meta name=\"twitter:label1\" content=\"Estimated reading time\" \/>\n\t<meta name=\"twitter:data1\" content=\"7 minutes\" \/>\n<script type=\"application\/ld+json\" class=\"yoast-schema-graph\">{\"@context\":\"https:\/\/schema.org\",\"@graph\":[{\"@type\":\"WebPage\",\"@id\":\"https:\/\/perlagesuite.com\/sommelier\/\",\"url\":\"https:\/\/perlagesuite.com\/sommelier\/\",\"name\":\"Sommelier - Perlage Suite\",\"isPartOf\":{\"@id\":\"https:\/\/perlagesuite.com\/#website\"},\"primaryImageOfPage\":{\"@id\":\"https:\/\/perlagesuite.com\/sommelier\/#primaryimage\"},\"image\":{\"@id\":\"https:\/\/perlagesuite.com\/sommelier\/#primaryimage\"},\"thumbnailUrl\":\"http:\/\/ir-it.amazon-adsystem.com\/e\/ir?t=perlsuit-21&amp;l=as2&amp;o=29&amp;a=B005GUA428\",\"datePublished\":\"2015-02-15T10:27:37+00:00\",\"dateModified\":\"2018-11-11T16:51:40+00:00\",\"breadcrumb\":{\"@id\":\"https:\/\/perlagesuite.com\/sommelier\/#breadcrumb\"},\"inLanguage\":\"en-GB\",\"potentialAction\":[{\"@type\":\"ReadAction\",\"target\":[\"https:\/\/perlagesuite.com\/sommelier\/\"]}]},{\"@type\":\"ImageObject\",\"inLanguage\":\"en-GB\",\"@id\":\"https:\/\/perlagesuite.com\/sommelier\/#primaryimage\",\"url\":\"http:\/\/ir-it.amazon-adsystem.com\/e\/ir?t=perlsuit-21&amp;l=as2&amp;o=29&amp;a=B005GUA428\",\"contentUrl\":\"http:\/\/ir-it.amazon-adsystem.com\/e\/ir?t=perlsuit-21&amp;l=as2&amp;o=29&amp;a=B005GUA428\"},{\"@type\":\"BreadcrumbList\",\"@id\":\"https:\/\/perlagesuite.com\/sommelier\/#breadcrumb\",\"itemListElement\":[{\"@type\":\"ListItem\",\"position\":1,\"name\":\"Home\",\"item\":\"https:\/\/perlagesuite.com\/\"},{\"@type\":\"ListItem\",\"position\":2,\"name\":\"Sommelier\"}]},{\"@type\":\"WebSite\",\"@id\":\"https:\/\/perlagesuite.com\/#website\",\"url\":\"https:\/\/perlagesuite.com\/\",\"name\":\"Perlage Suite\",\"description\":\"Il Wine Blog di Chiara Bassi\",\"publisher\":{\"@id\":\"https:\/\/perlagesuite.com\/#organization\"},\"potentialAction\":[{\"@type\":\"SearchAction\",\"target\":{\"@type\":\"EntryPoint\",\"urlTemplate\":\"https:\/\/perlagesuite.com\/?s={search_term_string}\"},\"query-input\":{\"@type\":\"PropertyValueSpecification\",\"valueRequired\":true,\"valueName\":\"search_term_string\"}}],\"inLanguage\":\"en-GB\"},{\"@type\":\"Organization\",\"@id\":\"https:\/\/perlagesuite.com\/#organization\",\"name\":\"Chiara Bassi\",\"url\":\"https:\/\/perlagesuite.com\/\",\"logo\":{\"@type\":\"ImageObject\",\"inLanguage\":\"en-GB\",\"@id\":\"https:\/\/perlagesuite.com\/#\/schema\/logo\/image\/\",\"url\":\"https:\/\/perlagesuite.com\/wp-content\/uploads\/2022\/03\/Chiara-Bassi-sommelier-wine-blogger-logo.png\",\"contentUrl\":\"https:\/\/perlagesuite.com\/wp-content\/uploads\/2022\/03\/Chiara-Bassi-sommelier-wine-blogger-logo.png\",\"width\":512,\"height\":512,\"caption\":\"Chiara Bassi\"},\"image\":{\"@id\":\"https:\/\/perlagesuite.com\/#\/schema\/logo\/image\/\"},\"sameAs\":[\"https:\/\/www.facebook.com\/chiarabassiperlagesuite\",\"https:\/\/x.com\/perlagesuite\",\"https:\/\/www.instagram.com\/perlagesuite\/\"]}]}<\/script>\n<!-- \/ Yoast SEO Premium plugin. -->","yoast_head_json":{"title":"Sommelier - Perlage Suite","robots":{"index":"index","follow":"follow","max-snippet":"max-snippet:-1","max-image-preview":"max-image-preview:large","max-video-preview":"max-video-preview:-1"},"canonical":"https:\/\/perlagesuite.com\/en\/sommelier\/","og_locale":"en_GB","og_type":"article","og_title":"Sommelier","og_description":"Fino a qualche anno fa il sommelier era solo considerato colui che conosceva le tecniche di servizio del vino e le applicava perfettamente in una sala del ristorante. Oggi il sommelier deve occuparsi del mondo del vino a 360\u00b0, dalla gestione della cantina e della carta dei vini in un ristorante fino alla selezione dei [&hellip;]","og_url":"https:\/\/perlagesuite.com\/en\/sommelier\/","og_site_name":"Perlage Suite","article_publisher":"https:\/\/www.facebook.com\/chiarabassiperlagesuite","article_modified_time":"2018-11-11T16:51:40+00:00","og_image":[{"url":"http:\/\/ir-it.amazon-adsystem.com\/e\/ir?t=perlsuit-21&amp;l=as2&amp;o=29&amp;a=B005GUA428","type":"","width":"","height":""}],"twitter_card":"summary_large_image","twitter_site":"@perlagesuite","twitter_misc":{"Estimated reading time":"7 minutes"},"schema":{"@context":"https:\/\/schema.org","@graph":[{"@type":"WebPage","@id":"https:\/\/perlagesuite.com\/sommelier\/","url":"https:\/\/perlagesuite.com\/sommelier\/","name":"Sommelier - Perlage Suite","isPartOf":{"@id":"https:\/\/perlagesuite.com\/#website"},"primaryImageOfPage":{"@id":"https:\/\/perlagesuite.com\/sommelier\/#primaryimage"},"image":{"@id":"https:\/\/perlagesuite.com\/sommelier\/#primaryimage"},"thumbnailUrl":"http:\/\/ir-it.amazon-adsystem.com\/e\/ir?t=perlsuit-21&amp;l=as2&amp;o=29&amp;a=B005GUA428","datePublished":"2015-02-15T10:27:37+00:00","dateModified":"2018-11-11T16:51:40+00:00","breadcrumb":{"@id":"https:\/\/perlagesuite.com\/sommelier\/#breadcrumb"},"inLanguage":"en-GB","potentialAction":[{"@type":"ReadAction","target":["https:\/\/perlagesuite.com\/sommelier\/"]}]},{"@type":"ImageObject","inLanguage":"en-GB","@id":"https:\/\/perlagesuite.com\/sommelier\/#primaryimage","url":"http:\/\/ir-it.amazon-adsystem.com\/e\/ir?t=perlsuit-21&amp;l=as2&amp;o=29&amp;a=B005GUA428","contentUrl":"http:\/\/ir-it.amazon-adsystem.com\/e\/ir?t=perlsuit-21&amp;l=as2&amp;o=29&amp;a=B005GUA428"},{"@type":"BreadcrumbList","@id":"https:\/\/perlagesuite.com\/sommelier\/#breadcrumb","itemListElement":[{"@type":"ListItem","position":1,"name":"Home","item":"https:\/\/perlagesuite.com\/"},{"@type":"ListItem","position":2,"name":"Sommelier"}]},{"@type":"WebSite","@id":"https:\/\/perlagesuite.com\/#website","url":"https:\/\/perlagesuite.com\/","name":"Perlage Suite","description":"Chiara Bassi's Wine Blog","publisher":{"@id":"https:\/\/perlagesuite.com\/#organization"},"potentialAction":[{"@type":"SearchAction","target":{"@type":"EntryPoint","urlTemplate":"https:\/\/perlagesuite.com\/?s={search_term_string}"},"query-input":{"@type":"PropertyValueSpecification","valueRequired":true,"valueName":"search_term_string"}}],"inLanguage":"en-GB"},{"@type":"Organization","@id":"https:\/\/perlagesuite.com\/#organization","name":"Chiara Bassi","url":"https:\/\/perlagesuite.com\/","logo":{"@type":"ImageObject","inLanguage":"en-GB","@id":"https:\/\/perlagesuite.com\/#\/schema\/logo\/image\/","url":"https:\/\/perlagesuite.com\/wp-content\/uploads\/2022\/03\/Chiara-Bassi-sommelier-wine-blogger-logo.png","contentUrl":"https:\/\/perlagesuite.com\/wp-content\/uploads\/2022\/03\/Chiara-Bassi-sommelier-wine-blogger-logo.png","width":512,"height":512,"caption":"Chiara Bassi"},"image":{"@id":"https:\/\/perlagesuite.com\/#\/schema\/logo\/image\/"},"sameAs":["https:\/\/www.facebook.com\/chiarabassiperlagesuite","https:\/\/x.com\/perlagesuite","https:\/\/www.instagram.com\/perlagesuite\/"]}]}},"_links":{"self":[{"href":"https:\/\/perlagesuite.com\/en\/wp-json\/wp\/v2\/pages\/1171","targetHints":{"allow":["GET"]}}],"collection":[{"href":"https:\/\/perlagesuite.com\/en\/wp-json\/wp\/v2\/pages"}],"about":[{"href":"https:\/\/perlagesuite.com\/en\/wp-json\/wp\/v2\/types\/page"}],"author":[{"embeddable":true,"href":"https:\/\/perlagesuite.com\/en\/wp-json\/wp\/v2\/users\/49"}],"replies":[{"embeddable":true,"href":"https:\/\/perlagesuite.com\/en\/wp-json\/wp\/v2\/comments?post=1171"}],"version-history":[{"count":0,"href":"https:\/\/perlagesuite.com\/en\/wp-json\/wp\/v2\/pages\/1171\/revisions"}],"wp:attachment":[{"href":"https:\/\/perlagesuite.com\/en\/wp-json\/wp\/v2\/media?parent=1171"}],"curies":[{"name":"wp","href":"https:\/\/api.w.org\/{rel}","templated":true}]}}