{"id":13012,"date":"2019-05-24T20:49:32","date_gmt":"2019-05-24T19:49:32","guid":{"rendered":"https:\/\/perlagesuite.com\/?page_id=13012"},"modified":"2022-03-01T01:04:37","modified_gmt":"2022-03-01T00:04:37","slug":"newsletter","status":"publish","type":"page","link":"https:\/\/perlagesuite.com\/en\/newsletter\/","title":{"rendered":"Newsletter"},"content":{"rendered":"<p>[et_pb_section fb_built=&#8221;1&#8243; _builder_version=&#8221;3.22.7&#8243; custom_padding=&#8221;50px||29px|||&#8221; global_colors_info=&#8221;{}&#8221;][et_pb_row _builder_version=&#8221;3.25&#8243; global_colors_info=&#8221;{}&#8221;][et_pb_column type=&#8221;4_4&#8243; _builder_version=&#8221;3.25&#8243; custom_padding=&#8221;|||&#8221; global_colors_info=&#8221;{}&#8221; custom_padding__hover=&#8221;|||&#8221;][et_pb_text _builder_version=&#8221;4.14.8&#8243; text_font=&#8221;Crushed||||||||&#8221; text_font_size=&#8221;20px&#8221; header_font=&#8221;||||||||&#8221; header_2_font=&#8221;Delius Unicase||||||||&#8221; header_2_text_color=&#8221;#da413d&#8221; header_2_font_size=&#8221;65px&#8221; hover_enabled=&#8221;0&#8243; global_colors_info=&#8221;{}&#8221; sticky_enabled=&#8221;0&#8243;]<\/p>\n<h1 style=\"text-align: center;\">Corso sommelier 52 vitigni:\u00a0abbonati gratis!<\/h1>\n<p style=\"text-align: center;\"><span style=\"color: #86A293;\"><strong>\ud83d\udcaa Incomincia subito la tua educazione al vino!\u270c\ufe0f<\/strong><\/span><\/p>\n<p>&nbsp;<\/p>\n<p style=\"text-align: justify;\">Ogni 7 giorni riceverai direttamente sulla tua e-mail il report illustrato su un diverso vitigno che contiene notizie su: sinonimi &amp; cloni, caratteristiche del vitigno (foglia, grappolo, acino, polpa, maturazione, produttivit\u00e0, vigoria, resistenza alle avversit\u00e0&#8230;), caratteristiche del vino prodotto, zone in cui \u00e8 coltivato in italia e nel mondo, vini italiani docg &amp; doc in cui \u00e8 ammesso. non \u00e8 straordinario?<\/p>\n<p style=\"text-align: center;\"><strong><span style=\"color: #86A293;\">\u00e8 Gratis, e lo sar\u00e0 sempre!<\/span><\/strong><\/p>\n<p>[\/et_pb_text][\/et_pb_column][\/et_pb_row][et_pb_row column_structure=&#8221;1_2,1_2&#8243; _builder_version=&#8221;3.25&#8243; global_colors_info=&#8221;{}&#8221;][et_pb_column type=&#8221;1_2&#8243; _builder_version=&#8221;3.25&#8243; custom_padding=&#8221;|||&#8221; global_colors_info=&#8221;{}&#8221; custom_padding__hover=&#8221;|||&#8221;][et_pb_image src=&#8221;https:\/\/perlagesuite.com\/wp-content\/uploads\/2021\/11\/Sommelier-il-manuale-illustrato_Copertina-fronte.jpg&#8221; title_text=&#8221;Sommelier-il-manuale-illustrato_Copertina-fronte&#8221; url=&#8221;https:\/\/perlagesuite.com\/prodotto\/come-diventare-sommelier-esame-ais-corso-sommelier\/&#8221; url_new_window=&#8221;on&#8221; align_tablet=&#8221;center&#8221; align_phone=&#8221;&#8221; align_last_edited=&#8221;on|desktop&#8221; _builder_version=&#8221;4.13.0&#8243; border_radii=&#8221;on|20px|20px|20px|20px&#8221; border_width_all=&#8221;3px&#8221; border_color_all=&#8221;#6b6b6b&#8221; box_shadow_style=&#8221;preset3&#8243; global_colors_info=&#8221;{}&#8221;][\/et_pb_image][\/et_pb_column][et_pb_column type=&#8221;1_2&#8243; _builder_version=&#8221;3.25&#8243; custom_padding=&#8221;|||&#8221; global_colors_info=&#8221;{}&#8221; custom_padding__hover=&#8221;|||&#8221;][et_pb_signup provider=&#8221;mailpoet&#8221; mailpoet_list=&#8221;chiara@perlagesuitecom|70&#8243; success_message=&#8221;Complimenti, ti sei iscritto con successo! Controlla sulla tua e-mail se hai ricevuto la mia mail di benvenuto, se non l&#8217;hai ricevuta scrivi a info@perlagesuite.com! &#8221; title=&#8221;52 Vitigni sulla tua e-mail!&#8221; button_text=&#8221;Iscriviti subito!&#8221; description=&#8221;<\/p>\n<p style=%22text-align: justify;%22>Ogni 7 giorni imparerai tutto quello che c&#8217;\u00e8 da sapere su un vitigno sempre nuovo! Esercitiamo insieme il tuo palato con le note di degustazione,<\/p>\n<p>&#8221; _builder_version=&#8221;4.14.8&#8243; header_font=&#8221;Crushed||||||||&#8221; header_text_align=&#8221;center&#8221; header_font_size=&#8221;26px&#8221; body_font=&#8221;||||||||&#8221; body_font_size=&#8221;18px&#8221; background_color=&#8221;gcid-21fbec71-877e-4169-81a6-b6b5df6aa348&#8243; animation_style=&#8221;zoom&#8221; hover_enabled=&#8221;0&#8243; border_radii=&#8221;on|20px|20px|20px|20px&#8221; border_width_all=&#8221;3px&#8221; border_color_all=&#8221;#6b6b6b&#8221; box_shadow_style=&#8221;preset3&#8243; global_colors_info=&#8221;{%22gcid-21fbec71-877e-4169-81a6-b6b5df6aa348%22:%91%22background_color%22%93}&#8221; sticky_enabled=&#8221;0&#8243;][\/et_pb_signup][et_pb_blurb use_icon=&#8221;on&#8221; font_icon=&#8221;&#x21;||divi||400&#8243; icon_color=&#8221;gcid-21fbec71-877e-4169-81a6-b6b5df6aa348&#8243; _builder_version=&#8221;4.14.8&#8243; header_font=&#8221;Delius Unicase||||||||&#8221; header_font_size=&#8221;40px&#8221; body_font=&#8221;||||||||&#8221; body_font_size=&#8221;20px&#8221; text_orientation=&#8221;center&#8221; hover_enabled=&#8221;0&#8243; global_colors_info=&#8221;{%22gcid-21fbec71-877e-4169-81a6-b6b5df6aa348%22:%91%22icon_color%22%93}&#8221; sticky_enabled=&#8221;0&#8243; image_icon_width=&#8221;61px&#8221;]<\/p>\n<p style=\"text-align: center;\">Pi\u00f9 di 1000 tra aspiranti sommelier e winelovers hanno gi\u00e0 cominciato il mio \u00a0corso<\/p>\n<h4 style=\"text-align: center;\"><span style=\"color: #86A293;\"><strong>52vitigni<\/strong><\/span><\/h4>\n<p style=\"text-align: center;\">vuoi essere tu il prossimo?<\/p>\n<p>[\/et_pb_blurb][\/et_pb_column][\/et_pb_row][et_pb_row _builder_version=&#8221;3.25&#8243; global_colors_info=&#8221;{}&#8221;][et_pb_column type=&#8221;4_4&#8243; _builder_version=&#8221;3.25&#8243; custom_padding=&#8221;|||&#8221; global_colors_info=&#8221;{}&#8221; custom_padding__hover=&#8221;|||&#8221;][et_pb_text _builder_version=&#8221;4.14.8&#8243; text_font=&#8221;Crushed||||||||&#8221; header_font=&#8221;||||||||&#8221; header_2_font=&#8221;Crushed||||||||&#8221; header_2_text_color=&#8221;gcid-21fbec71-877e-4169-81a6-b6b5df6aa348&#8243; min_height=&#8221;75px&#8221; custom_margin=&#8221;||-1px|||&#8221; custom_padding=&#8221;||0px|||&#8221; hover_enabled=&#8221;0&#8243; global_colors_info=&#8221;{%22gcid-21fbec71-877e-4169-81a6-b6b5df6aa348%22:%91%22header_text_color%22,%22header_2_text_color%22%93}&#8221; header_text_color=&#8221;gcid-21fbec71-877e-4169-81a6-b6b5df6aa348&#8243; sticky_enabled=&#8221;0&#8243;]<\/p>\n<h2 style=\"text-align: center;\">\u00a0Se invece non hai voglia o tempo di aspettare 1 anno per finire il corso gratuito &#8220;52 vitigni&#8221;&#8230; trovi tutto nella 3\u00b0 edizione illustrata del mio libro per aspiranti sommelier!<span style=\"font-size: 17px;\">\u00a0<\/span><\/h2>\n<p>[\/et_pb_text][et_pb_button button_url=&#8221;https:\/\/perlagesuite.com\/prodotto\/come-diventare-sommelier-esame-ais-corso-sommelier\/&#8221; button_text=&#8221;Acquista ora!&#8221; button_alignment=&#8221;center&#8221; _builder_version=&#8221;4.14.7&#8243; animation_style=&#8221;zoom&#8221; global_colors_info=&#8221;{}&#8221;][\/et_pb_button][\/et_pb_column][\/et_pb_row][\/et_pb_section]<\/p>\n","protected":false},"excerpt":{"rendered":"<p>Corso sommelier 52 vitigni:\u00a0abbonati gratis! \ud83d\udcaa Incomincia subito la tua educazione al vino!\u270c\ufe0f &nbsp; Ogni 7 giorni riceverai direttamente sulla tua e-mail il report illustrato su un diverso vitigno che contiene notizie su: sinonimi &amp; cloni, caratteristiche del vitigno (foglia, grappolo, acino, polpa, maturazione, produttivit\u00e0, vigoria, resistenza alle avversit\u00e0&#8230;), caratteristiche del vino prodotto, zone in [&hellip;]<\/p>\n","protected":false},"author":49,"featured_media":0,"parent":0,"menu_order":0,"comment_status":"closed","ping_status":"closed","template":"","meta":{"_et_pb_use_builder":"on","_et_pb_old_content":"","_et_gb_content_width":"","footnotes":""},"class_list":["post-13012","page","type-page","status-publish","hentry"],"yoast_head":"<!-- This site is optimized with the Yoast SEO Premium plugin v27.0 (Yoast SEO v27.2) - https:\/\/yoast.com\/product\/yoast-seo-premium-wordpress\/ -->\n<title>Newsletter - Perlage Suite<\/title>\n<meta name=\"robots\" content=\"index, follow, max-snippet:-1, max-image-preview:large, max-video-preview:-1\" \/>\n<link rel=\"canonical\" href=\"https:\/\/perlagesuite.com\/en\/newsletter\/\" \/>\n<meta property=\"og:locale\" content=\"en_GB\" \/>\n<meta property=\"og:type\" content=\"article\" \/>\n<meta property=\"og:title\" content=\"Newsletter\" \/>\n<meta property=\"og:description\" content=\"Corso sommelier 52 vitigni:\u00a0abbonati gratis! \ud83d\udcaa Incomincia subito la tua educazione al vino!\u270c\ufe0f &nbsp; Ogni 7 giorni riceverai direttamente sulla tua e-mail il report illustrato su un diverso vitigno che contiene notizie su: sinonimi &amp; cloni, caratteristiche del vitigno (foglia, grappolo, acino, polpa, maturazione, produttivit\u00e0, vigoria, resistenza alle avversit\u00e0...), caratteristiche del vino prodotto, zone in [&hellip;]\" \/>\n<meta property=\"og:url\" content=\"https:\/\/perlagesuite.com\/en\/newsletter\/\" \/>\n<meta property=\"og:site_name\" content=\"Perlage Suite\" \/>\n<meta property=\"article:publisher\" content=\"https:\/\/www.facebook.com\/chiarabassiperlagesuite\" \/>\n<meta property=\"article:modified_time\" content=\"2022-03-01T00:04:37+00:00\" \/>\n<meta name=\"twitter:card\" content=\"summary_large_image\" \/>\n<meta name=\"twitter:site\" content=\"@perlagesuite\" \/>\n<meta name=\"twitter:label1\" content=\"Estimated reading time\" \/>\n\t<meta name=\"twitter:data1\" content=\"3 minutes\" \/>\n<script type=\"application\/ld+json\" class=\"yoast-schema-graph\">{\"@context\":\"https:\/\/schema.org\",\"@graph\":[{\"@type\":\"WebPage\",\"@id\":\"https:\/\/perlagesuite.com\/newsletter\/\",\"url\":\"https:\/\/perlagesuite.com\/newsletter\/\",\"name\":\"Newsletter - Perlage Suite\",\"isPartOf\":{\"@id\":\"https:\/\/perlagesuite.com\/#website\"},\"datePublished\":\"2019-05-24T19:49:32+00:00\",\"dateModified\":\"2022-03-01T00:04:37+00:00\",\"breadcrumb\":{\"@id\":\"https:\/\/perlagesuite.com\/newsletter\/#breadcrumb\"},\"inLanguage\":\"en-GB\",\"potentialAction\":[{\"@type\":\"ReadAction\",\"target\":[\"https:\/\/perlagesuite.com\/newsletter\/\"]}]},{\"@type\":\"BreadcrumbList\",\"@id\":\"https:\/\/perlagesuite.com\/newsletter\/#breadcrumb\",\"itemListElement\":[{\"@type\":\"ListItem\",\"position\":1,\"name\":\"Home\",\"item\":\"https:\/\/perlagesuite.com\/\"},{\"@type\":\"ListItem\",\"position\":2,\"name\":\"Newsletter\"}]},{\"@type\":\"WebSite\",\"@id\":\"https:\/\/perlagesuite.com\/#website\",\"url\":\"https:\/\/perlagesuite.com\/\",\"name\":\"Perlage Suite\",\"description\":\"Il Wine Blog di Chiara Bassi\",\"publisher\":{\"@id\":\"https:\/\/perlagesuite.com\/#organization\"},\"potentialAction\":[{\"@type\":\"SearchAction\",\"target\":{\"@type\":\"EntryPoint\",\"urlTemplate\":\"https:\/\/perlagesuite.com\/?s={search_term_string}\"},\"query-input\":{\"@type\":\"PropertyValueSpecification\",\"valueRequired\":true,\"valueName\":\"search_term_string\"}}],\"inLanguage\":\"en-GB\"},{\"@type\":\"Organization\",\"@id\":\"https:\/\/perlagesuite.com\/#organization\",\"name\":\"Chiara Bassi\",\"url\":\"https:\/\/perlagesuite.com\/\",\"logo\":{\"@type\":\"ImageObject\",\"inLanguage\":\"en-GB\",\"@id\":\"https:\/\/perlagesuite.com\/#\/schema\/logo\/image\/\",\"url\":\"https:\/\/perlagesuite.com\/wp-content\/uploads\/2022\/03\/Chiara-Bassi-sommelier-wine-blogger-logo.png\",\"contentUrl\":\"https:\/\/perlagesuite.com\/wp-content\/uploads\/2022\/03\/Chiara-Bassi-sommelier-wine-blogger-logo.png\",\"width\":512,\"height\":512,\"caption\":\"Chiara Bassi\"},\"image\":{\"@id\":\"https:\/\/perlagesuite.com\/#\/schema\/logo\/image\/\"},\"sameAs\":[\"https:\/\/www.facebook.com\/chiarabassiperlagesuite\",\"https:\/\/x.com\/perlagesuite\",\"https:\/\/www.instagram.com\/perlagesuite\/\"]}]}<\/script>\n<!-- \/ Yoast SEO Premium plugin. -->","yoast_head_json":{"title":"Newsletter - Perlage Suite","robots":{"index":"index","follow":"follow","max-snippet":"max-snippet:-1","max-image-preview":"max-image-preview:large","max-video-preview":"max-video-preview:-1"},"canonical":"https:\/\/perlagesuite.com\/en\/newsletter\/","og_locale":"en_GB","og_type":"article","og_title":"Newsletter","og_description":"Corso sommelier 52 vitigni:\u00a0abbonati gratis! \ud83d\udcaa Incomincia subito la tua educazione al vino!\u270c\ufe0f &nbsp; Ogni 7 giorni riceverai direttamente sulla tua e-mail il report illustrato su un diverso vitigno che contiene notizie su: sinonimi &amp; cloni, caratteristiche del vitigno (foglia, grappolo, acino, polpa, maturazione, produttivit\u00e0, vigoria, resistenza alle avversit\u00e0...), caratteristiche del vino prodotto, zone in [&hellip;]","og_url":"https:\/\/perlagesuite.com\/en\/newsletter\/","og_site_name":"Perlage Suite","article_publisher":"https:\/\/www.facebook.com\/chiarabassiperlagesuite","article_modified_time":"2022-03-01T00:04:37+00:00","twitter_card":"summary_large_image","twitter_site":"@perlagesuite","twitter_misc":{"Estimated reading time":"3 minutes"},"schema":{"@context":"https:\/\/schema.org","@graph":[{"@type":"WebPage","@id":"https:\/\/perlagesuite.com\/newsletter\/","url":"https:\/\/perlagesuite.com\/newsletter\/","name":"Newsletter - Perlage Suite","isPartOf":{"@id":"https:\/\/perlagesuite.com\/#website"},"datePublished":"2019-05-24T19:49:32+00:00","dateModified":"2022-03-01T00:04:37+00:00","breadcrumb":{"@id":"https:\/\/perlagesuite.com\/newsletter\/#breadcrumb"},"inLanguage":"en-GB","potentialAction":[{"@type":"ReadAction","target":["https:\/\/perlagesuite.com\/newsletter\/"]}]},{"@type":"BreadcrumbList","@id":"https:\/\/perlagesuite.com\/newsletter\/#breadcrumb","itemListElement":[{"@type":"ListItem","position":1,"name":"Home","item":"https:\/\/perlagesuite.com\/"},{"@type":"ListItem","position":2,"name":"Newsletter"}]},{"@type":"WebSite","@id":"https:\/\/perlagesuite.com\/#website","url":"https:\/\/perlagesuite.com\/","name":"Perlage Suite","description":"Chiara Bassi's Wine Blog","publisher":{"@id":"https:\/\/perlagesuite.com\/#organization"},"potentialAction":[{"@type":"SearchAction","target":{"@type":"EntryPoint","urlTemplate":"https:\/\/perlagesuite.com\/?s={search_term_string}"},"query-input":{"@type":"PropertyValueSpecification","valueRequired":true,"valueName":"search_term_string"}}],"inLanguage":"en-GB"},{"@type":"Organization","@id":"https:\/\/perlagesuite.com\/#organization","name":"Chiara Bassi","url":"https:\/\/perlagesuite.com\/","logo":{"@type":"ImageObject","inLanguage":"en-GB","@id":"https:\/\/perlagesuite.com\/#\/schema\/logo\/image\/","url":"https:\/\/perlagesuite.com\/wp-content\/uploads\/2022\/03\/Chiara-Bassi-sommelier-wine-blogger-logo.png","contentUrl":"https:\/\/perlagesuite.com\/wp-content\/uploads\/2022\/03\/Chiara-Bassi-sommelier-wine-blogger-logo.png","width":512,"height":512,"caption":"Chiara Bassi"},"image":{"@id":"https:\/\/perlagesuite.com\/#\/schema\/logo\/image\/"},"sameAs":["https:\/\/www.facebook.com\/chiarabassiperlagesuite","https:\/\/x.com\/perlagesuite","https:\/\/www.instagram.com\/perlagesuite\/"]}]}},"_links":{"self":[{"href":"https:\/\/perlagesuite.com\/en\/wp-json\/wp\/v2\/pages\/13012","targetHints":{"allow":["GET"]}}],"collection":[{"href":"https:\/\/perlagesuite.com\/en\/wp-json\/wp\/v2\/pages"}],"about":[{"href":"https:\/\/perlagesuite.com\/en\/wp-json\/wp\/v2\/types\/page"}],"author":[{"embeddable":true,"href":"https:\/\/perlagesuite.com\/en\/wp-json\/wp\/v2\/users\/49"}],"replies":[{"embeddable":true,"href":"https:\/\/perlagesuite.com\/en\/wp-json\/wp\/v2\/comments?post=13012"}],"version-history":[{"count":0,"href":"https:\/\/perlagesuite.com\/en\/wp-json\/wp\/v2\/pages\/13012\/revisions"}],"wp:attachment":[{"href":"https:\/\/perlagesuite.com\/en\/wp-json\/wp\/v2\/media?parent=13012"}],"curies":[{"name":"wp","href":"https:\/\/api.w.org\/{rel}","templated":true}]}}