{"id":130155,"date":"2022-01-22T17:08:47","date_gmt":"2022-01-22T16:08:47","guid":{"rendered":"https:\/\/perlagesuite.com\/?page_id=130155"},"modified":"2023-01-31T15:40:30","modified_gmt":"2023-01-31T14:40:30","slug":"cosa-posso-fare-per-te","status":"publish","type":"page","link":"https:\/\/perlagesuite.com\/en\/cosa-posso-fare-per-te\/","title":{"rendered":"wine blogger: What can he do for you?"},"content":{"rendered":"<p>[et_pb_section fb_built=&#8221;1&#8243; _builder_version=&#8221;4.16&#8243; _module_preset=&#8221;default&#8221; custom_padding=&#8221;||30px|||&#8221; global_colors_info=&#8221;{}&#8221;][et_pb_row _builder_version=&#8221;4.16&#8243; _module_preset=&#8221;default&#8221; global_colors_info=&#8221;{}&#8221;][et_pb_column type=&#8221;4_4&#8243; _builder_version=&#8221;4.16&#8243; _module_preset=&#8221;default&#8221; global_colors_info=&#8221;{}&#8221;][et_pb_text _builder_version=&#8221;4.16&#8243; _module_preset=&#8221;default&#8221; global_colors_info=&#8221;{}&#8221;]<\/p>\n<h1 style=\"text-align: center;\">Sono Chiara Bassi, sommelier, food critic e wine blogger.<\/h1>\n<h2 style=\"text-align: center;\">Cosa posso fare per te?<\/h2>\n<p>[\/et_pb_text][\/et_pb_column][\/et_pb_row][et_pb_row column_structure=&#8221;2_5,3_5&#8243; _builder_version=&#8221;4.17.4&#8243; _module_preset=&#8221;default&#8221; global_colors_info=&#8221;{}&#8221;][et_pb_column type=&#8221;2_5&#8243; _builder_version=&#8221;4.17.4&#8243; _module_preset=&#8221;default&#8221; global_colors_info=&#8221;{}&#8221;][et_pb_image src=&#8221;https:\/\/perlagesuite.com\/wp-content\/uploads\/2018\/07\/chiara-bassi-sommelier-millesima-blog-awards.jpg&#8221; alt=&#8221;chiara bassi wine blogger&#8221; title_text=&#8221;chiara-bassi-sommelier-millesima-blog-awards&#8221; align=&#8221;center&#8221; force_fullwidth=&#8221;on&#8221; _builder_version=&#8221;4.17.4&#8243; _module_preset=&#8221;default&#8221; border_radii=&#8221;on|8px|8px|8px|8px&#8221; border_width_all=&#8221;2px&#8221; border_color_all=&#8221;gcid-21fbec71-877e-4169-81a6-b6b5df6aa348&#8243; box_shadow_style=&#8221;preset3&#8243; global_colors_info=&#8221;{%22gcid-21fbec71-877e-4169-81a6-b6b5df6aa348%22:%91%22border_color_all%22%93}&#8221;][\/et_pb_image][\/et_pb_column][et_pb_column type=&#8221;3_5&#8243; _builder_version=&#8221;4.17.4&#8243; _module_preset=&#8221;default&#8221; global_colors_info=&#8221;{}&#8221;][et_pb_text _builder_version=&#8221;4.17.4&#8243; _module_preset=&#8221;default&#8221; global_colors_info=&#8221;{}&#8221;]<\/p>\n<p style=\"text-align: left;\">Non sono una wine influencer e non lo sar\u00f2 mai. Faccio parte di quella &#8220;vecchia&#8221; generazione di <strong>wine blogger<\/strong> e ci credo tantissimo, quindi ti prego di rivolgerti a me in questo modo.<\/p>\n<p style=\"text-align: left;\">Partiamo dalle basi: chi gestisce &#8220;solo&#8221; un profilo instagram non \u00e8 un wine blogger, ma un wine influencer e di lavoro fa il content creator. Sono figure diverse, talvolta complementari. Certo anche io ho il <a href=\"https:\/\/www.instagram.com\/perlagesuite\/\" target=\"_blank\" rel=\"noopener\"><span style=\"text-decoration: underline;\"><strong>mio profilo instagram<\/strong><\/span><\/a>, ma lo considero un&#8217;estensione della mia attivit\u00e0 di wine blogger e non il mio core.<\/p>\n<p style=\"text-align: left;\">Se non hai voglia di leggere le righe successive puoi <a href=\"https:\/\/perlagesuite.com\/wp-content\/uploads\/2022\/06\/Chiara-Bassi_Media-Kit-2022.pdf\" target=\"_blank\" rel=\"noopener\"><span style=\"text-decoration: underline;\"><strong>scaricare il mio Media Kit<\/strong><\/span><\/a>, compilare <a href=\"https:\/\/perlagesuite.com\/masterclass\/\"><span style=\"text-decoration: underline;\"><strong>questo form<\/strong><\/span><\/a> per chiedermi informazioni per condurre una Masterclass o <a href=\"mailto:info@perlagesuite.com\"><span style=\"text-decoration: underline;\"><strong>inviarmi una e-mail<\/strong><\/span><\/a> per preventivi, campioni o altre richieste. <span>\ud83d\ude43 \ud83d\ude09<\/span><\/p>\n<p>[\/et_pb_text][\/et_pb_column][\/et_pb_row][et_pb_row _builder_version=&#8221;4.17.4&#8243; _module_preset=&#8221;default&#8221; global_colors_info=&#8221;{}&#8221;][et_pb_column type=&#8221;4_4&#8243; _builder_version=&#8221;4.17.4&#8243; _module_preset=&#8221;default&#8221; global_colors_info=&#8221;{}&#8221;][et_pb_text _builder_version=&#8221;4.17.4&#8243; _module_preset=&#8221;default&#8221; global_colors_info=&#8221;{}&#8221;]<\/p>\n<p style=\"text-align: left;\">Non sono una modella, anzi litigo con la bilancia da tutta la vita perch\u00e8 sono una vera golosona. Amo cos\u00ec tanto il cibo che durante la pandemia di Covid-19 mi sono iscritta al corso di laurea triennale &#8220;<strong>Scienze, culture e politiche della gastronomia &#8211; indirizzo enologico<\/strong>&#8221; e dato che fin dalle elementari ero la secchiona in prima fila, quella che un po&#8217; sfigata perch\u00e8 se ne stava sempre a studiare invece che a fare festa, <strong>il 29 aprile 2022 mi sono laureata con 110 e lode e con alcuni mesi di anticipo<\/strong>. Del resto durante il Covid-19 si sono fatti meno eventi e mi \u00e8 sembrata una buona idea investire il tempo a studiare.<\/p>\n<p style=\"text-align: left;\">Non ho una quarta di tette e ti confesso che non me ne pu\u00f2 fregare di meno. Aspiro a tornare una taglia 42, quello s\u00ec (ma sar\u00e0 dura dato l&#8217;amore che ho per il cibo <span>\ud83d\ude0b<\/span>). Tuttavia se cerchi una wine influencer stile ragazza immagine in abiti succinti non sono la persona giusta per te. Per\u00f2 conosco wine influencer bravissime di quel genere che sar\u00f2 felice di consigliarti, se me lo chiederai. Sono fermamente convinta che c&#8217;\u00e8 posto per tutti al mondo e la guerra va fatta solo ai disonesti e ai cialtroni, non a chi ha un genere diverso dal mio.<\/p>\n<p style=\"text-align: left;\">Sono una <strong>nomade digitale<\/strong> da prima che coniassero questo termine. E parlo di nomadismo digitale come stile di vita, non di avventure &#8220;zaino in spalla&#8221; che proprio non fanno per me. Lavoro da remoto dal 2012 e non ho quindi vincoli di sede fisica o di luogo. <strong>Prima ho fatto sviluppo di siti web ed e-commerce, poi dalla fine del 2018 faccio la wine blogger &#8220;a tempo pieno&#8221;<\/strong>.<\/p>\n<p style=\"text-align: left;\"><strong>Non mi faccio pagare dalle cantine per recensire i loro vini sul blog. Se le aziende si trovano distanti chiedo loro di coprirmi le spese (generalmente faccio forfait basati su Via Michelin). Sono loro ospite per il vitto e l&#8217;alloggio.<\/strong><\/p>\n<p style=\"text-align: left;\"><strong>Non pubblicizzo vini o cibi, ma prodotti correlati a questi come calici, piatti o impastatrici e, naturalmente, eventi e fiere di settore.<\/strong><\/p>\n<p style=\"text-align: left;\"><strong>Scrivo a pagamento solo per Consorzi di Tutela, Enti Fiera, distributori, enoteche e negozi fisici e\/o online e aziende che vendono prodotti e servizi correlati al mondo Ho.Re.Ca<\/strong>. Tuttavia il vero sostegno di questo wine blog \u00e8 il mio libro <a href=\"https:\/\/perlagesuite.com\/prodotto\/come-diventare-sommelier-esame-ais-corso-sommelier\/\"><span style=\"text-decoration: underline;\"><strong>&#8220;Sommelier: il manuale illustrato&#8221;<\/strong><\/span><\/a> pertanto se vuoi dimostrarmi la tua gratitudine per il mio lavoro puoi comprare una copia (anche due o tre eh!<span>\ud83d\ude04<\/span>) del mio libro da tenere per te o regalare: te ne sar\u00f2 infinitamente grata.<\/p>\n<p style=\"text-align: left;\">Se hai una cantina vini puoi spedirmi dei campioni che sar\u00f2 felice di assaggiare e\/o invitarmi nella tua azienda. Se sar\u00f2 soddisfatta di quanto degustato ne parler\u00f2 con gioia su questo wine blog, in maniera totalmente libera e indipendente. Se i vini non mi sono piaciuti semplicemente non ne parler\u00f2 mai in quanto rispetto il lavoro e so che dietro un&#8217;azienda ci sono persone e famiglie. All&#8217;inizio pensavo di fare anche io recensioni a pagamento, ma alla fine ho sempre detto di no a quei vignaioli che me lo hanno proposto. Questo perch\u00e8 una recensione pagata avrebbe limitato la mia libert\u00e0 di espressione e inoltre ci sarebbero stati i soldi dietro la scelta dei vini pubblicati su questo blog. E io sono una persona profondamente libera.<\/p>\n<p style=\"text-align: left;\">Sono Sommelier AIS specializzata nell&#8217;abbinamento cibo-vino (ho anche vinto i Mill\u00e9sima Blog Awards 2017 come miglior wine blogger d&#8217;Europa nella categoria abbinamento cibo-vino) e sono una Gastronoma a tutti gli effetti. Da 8 anni viaggio in Italia e in Europa per scoprire vini, uomini e territori. Degusto circa 2000 etichette all&#8217;anno tra vini che ricevo a casa, degustazioni e fiere.<\/p>\n<h3 style=\"text-align: left;\">Wine blogger e qualcosa su di me: quindi?<\/h3>\n<p style=\"text-align: left;\">Posso partecipare ad un evento come media partner e promuoverlo sul blog e su Instagram come ad esempio ho fatto per il <a href=\"https:\/\/perlagesuite.com\/vini-bianchi-piemontesi-pensieri-sul-gavi\/\"><span style=\"text-decoration: underline;\"><strong>Consorzio di Tutela del Gavi DOCG<\/strong><\/span><\/a> e per il <a href=\"https:\/\/www.instagram.com\/p\/CFXpI4wnrY-\/\" target=\"_blank\" rel=\"noopener\"><span style=\"text-decoration: underline;\"><strong>Consorzio di Tutela dell&#8217;Asti DOCG<\/strong><\/span><\/a>. Posso promuovere le tue box coe ho fatto per <a href=\"https:\/\/perlagesuite.com\/slow-food-giugno-slow-laboratori-del-gusto\/\"><span style=\"text-decoration: underline;\"><strong>Slow Food<\/strong><\/span><\/a> e\u00a0<a href=\"https:\/\/perlagesuite.com\/lugana-di-sirmione-vino-cibo-e-territorio\/\"><span style=\"text-decoration: underline;\"><strong>Consorzio<\/strong><strong> di Tutela Lugana DOC<\/strong><\/span><\/a>. Posso inserire nei miei articoli\/post\/storie i tuoi prodotti a fini commerciali, come faccio ad esempio con \u00a0i calici di <strong>VD Glass<\/strong> o con i sottopiatti e sottobicchieri di <a href=\"https:\/\/perlagesuite.com\/come-creare-menu-ristorante-2\/\" target=\"_blank\" rel=\"noopener\"><span style=\"text-decoration: underline;\"><strong>Dag Style<\/strong><\/span><\/a>. Posso scegliere dal tuo e-commerce uno o pi\u00f9 vini e parlarne promuovendo la tua attivit\u00e0 come ad esempio ho fatto con <a href=\"https:\/\/perlagesuite.com\/timorasso-derthona-vitigno-vino\/\"><span style=\"text-decoration: underline;\"><strong>Aroma Wine Bar Enoteca<\/strong><\/span><\/a> o posso inserire il tuo link in una parola chiave importante per te come ho fatto per <a href=\"https:\/\/perlagesuite.com\/ricetta-spongada-camuna-spumante-metodo-classico\/\"><span style=\"text-decoration: underline;\"><strong>Tannico<\/strong><\/span><\/a>.<\/p>\n<h3 style=\"text-align: left;\">Una Wine Blogger per il tuo ristorante!<\/h3>\n<p style=\"text-align: left;\">Ti aiuto a scegliere, rispettando il tuo budget, \u00a0tutto quello che ti serve per allestire il tuo locale di degustazione, il tuo ristorante e la tua tavola affinch\u00e9 i tuoi clienti si immergano in un ambiente emozionale e allineato con la tua proposta commerciale.\u00a0Disegno e progetto i tuoi piatti, giocando con consistenze, colori, temperature e ingredienti per farli pi\u00f9 belli e gustosi. Il buon gusto, estetico e organolettico, creano piatti che sono opere d&#8217;arte da abbinare con vini e distillati capaci di esaltarli. Ti aiuto a creare un menu e una carta dei vini accattivante e sostenibile sia dal punto della realizzazione sia da quello dei costi. Dalla stagionalit\u00e0 delle materie prime ai vini perfetti da abbinare per stupire i tuoi clienti e non farli mai stancare di te. Infine ti insegno a fare foto e storytelling dei tuoi piatti e dei tuoi abbinamenti&#8230; il tutto solo utilizzando lo smartphone!<\/p>\n<h3 style=\"text-align: left;\">E per le cantine?<\/h3>\n<p style=\"text-align: left;\">Come gi\u00e0 detto <strong>non intrattengo rapporti economici con le cantine per quanto riguarda le recensioni dei vini e delle esperienze<\/strong>. Tuttavia amo troppo disegnare per smettere di \u00a0disegnare etichette, bottiglie e packaging e pertanto quello continuer\u00f2 a farlo. Sono una wine designer e lo sar\u00f2 sempre: contattami se vuoi cambiare d&#8217;abito ai tuoi vini come ho fatto con <a href=\"https:\/\/www.instagram.com\/p\/CGk4jh8HoQL\/\" target=\"_blank\" rel=\"noopener\"><span style=\"text-decoration: underline;\"><strong>Adagio Vini<\/strong><\/span><\/a>.<\/p>\n<p>[\/et_pb_text][et_pb_button button_url=&#8221;https:\/\/perlagesuite.com\/wp-content\/uploads\/2022\/06\/Chiara-Bassi_Media-Kit-2022.pdf&#8221; url_new_window=&#8221;on&#8221; button_text=&#8221;Scarica il mio Media Kit&#8221; button_alignment=&#8221;center&#8221; _builder_version=&#8221;4.17.4&#8243; _module_preset=&#8221;default&#8221; global_colors_info=&#8221;{}&#8221;][\/et_pb_button][et_pb_button button_url=&#8221;https:\/\/perlagesuite.com\/masterclass\/&#8221; button_text=&#8221;Compila il form per invitarmi a condurre degustazioni, Masterclass e tavole rotonde&#8221; button_alignment=&#8221;center&#8221; _builder_version=&#8221;4.16&#8243; _module_preset=&#8221;default&#8221; global_colors_info=&#8221;{}&#8221;][\/et_pb_button][et_pb_button button_url=&#8221;mailto:info@perlagesuite.com&#8221; button_text=&#8221;Scrivimi una e-mail per inviarmi campioni o chiedermi un preventivo per collaborare con me&#8221; button_alignment=&#8221;center&#8221; _builder_version=&#8221;4.16&#8243; _module_preset=&#8221;default&#8221; global_colors_info=&#8221;{}&#8221;][\/et_pb_button][\/et_pb_column][\/et_pb_row][\/et_pb_section]<\/p>\n","protected":false},"excerpt":{"rendered":"<p>Sono Chiara Bassi, sommelier, food critic e wine blogger. Cosa posso fare per te?Non sono una wine influencer e non lo sar\u00f2 mai. Faccio parte di quella &#8220;vecchia&#8221; generazione di wine blogger e ci credo tantissimo, quindi ti prego di rivolgerti a me in questo modo. Partiamo dalle basi: chi gestisce &#8220;solo&#8221; un profilo instagram [&hellip;]<\/p>\n","protected":false},"author":49,"featured_media":0,"parent":0,"menu_order":0,"comment_status":"closed","ping_status":"closed","template":"","meta":{"_et_pb_use_builder":"on","_et_pb_old_content":"","_et_gb_content_width":"","footnotes":""},"class_list":["post-130155","page","type-page","status-publish","hentry"],"yoast_head":"<!-- This site is optimized with the Yoast SEO Premium plugin v27.0 (Yoast SEO v27.2) - https:\/\/yoast.com\/product\/yoast-seo-premium-wordpress\/ -->\n<title>Sono Chiara Bassi, wine blogger. Cosa posso fare per te?<\/title>\n<meta name=\"description\" content=\"Wine blogger: cosa pu\u00f2 fare per la tua azienda o il tuo evento? Masterclass, degustazioni, pubblicit\u00e0, reportage... con l&#039;etica che mi contraddistingue.\" \/>\n<meta name=\"robots\" content=\"index, follow, max-snippet:-1, max-image-preview:large, max-video-preview:-1\" \/>\n<link rel=\"canonical\" href=\"https:\/\/perlagesuite.com\/en\/cosa-posso-fare-per-te\/\" \/>\n<meta property=\"og:locale\" content=\"en_GB\" \/>\n<meta property=\"og:type\" content=\"article\" \/>\n<meta property=\"og:title\" content=\"wine blogger: Cosa pu\u00f2 fare per te?\" \/>\n<meta property=\"og:description\" content=\"Wine blogger: cosa pu\u00f2 fare per la tua azienda o il tuo evento? Masterclass, degustazioni, pubblicit\u00e0, reportage... con l&#039;etica che mi contraddistingue.\" \/>\n<meta property=\"og:url\" content=\"https:\/\/perlagesuite.com\/en\/cosa-posso-fare-per-te\/\" \/>\n<meta property=\"og:site_name\" content=\"Perlage Suite\" \/>\n<meta property=\"article:publisher\" content=\"https:\/\/www.facebook.com\/chiarabassiperlagesuite\" \/>\n<meta property=\"article:modified_time\" content=\"2023-01-31T14:40:30+00:00\" \/>\n<meta name=\"twitter:card\" content=\"summary_large_image\" \/>\n<meta name=\"twitter:site\" content=\"@perlagesuite\" \/>\n<meta name=\"twitter:label1\" content=\"Estimated reading time\" \/>\n\t<meta name=\"twitter:data1\" content=\"7 minutes\" \/>\n<script type=\"application\/ld+json\" class=\"yoast-schema-graph\">{\"@context\":\"https:\/\/schema.org\",\"@graph\":[{\"@type\":\"WebPage\",\"@id\":\"https:\/\/perlagesuite.com\/cosa-posso-fare-per-te\/\",\"url\":\"https:\/\/perlagesuite.com\/cosa-posso-fare-per-te\/\",\"name\":\"Sono Chiara Bassi, wine blogger. Cosa posso fare per te?\",\"isPartOf\":{\"@id\":\"https:\/\/perlagesuite.com\/#website\"},\"datePublished\":\"2022-01-22T16:08:47+00:00\",\"dateModified\":\"2023-01-31T14:40:30+00:00\",\"description\":\"Wine blogger: cosa pu\u00f2 fare per la tua azienda o il tuo evento? Masterclass, degustazioni, pubblicit\u00e0, reportage... con l'etica che mi contraddistingue.\",\"breadcrumb\":{\"@id\":\"https:\/\/perlagesuite.com\/cosa-posso-fare-per-te\/#breadcrumb\"},\"inLanguage\":\"en-GB\",\"potentialAction\":[{\"@type\":\"ReadAction\",\"target\":[\"https:\/\/perlagesuite.com\/cosa-posso-fare-per-te\/\"]}]},{\"@type\":\"BreadcrumbList\",\"@id\":\"https:\/\/perlagesuite.com\/cosa-posso-fare-per-te\/#breadcrumb\",\"itemListElement\":[{\"@type\":\"ListItem\",\"position\":1,\"name\":\"Home\",\"item\":\"https:\/\/perlagesuite.com\/\"},{\"@type\":\"ListItem\",\"position\":2,\"name\":\"wine blogger: Cosa pu\u00f2 fare per te?\"}]},{\"@type\":\"WebSite\",\"@id\":\"https:\/\/perlagesuite.com\/#website\",\"url\":\"https:\/\/perlagesuite.com\/\",\"name\":\"Perlage Suite\",\"description\":\"Il Wine Blog di Chiara Bassi\",\"publisher\":{\"@id\":\"https:\/\/perlagesuite.com\/#organization\"},\"potentialAction\":[{\"@type\":\"SearchAction\",\"target\":{\"@type\":\"EntryPoint\",\"urlTemplate\":\"https:\/\/perlagesuite.com\/?s={search_term_string}\"},\"query-input\":{\"@type\":\"PropertyValueSpecification\",\"valueRequired\":true,\"valueName\":\"search_term_string\"}}],\"inLanguage\":\"en-GB\"},{\"@type\":\"Organization\",\"@id\":\"https:\/\/perlagesuite.com\/#organization\",\"name\":\"Chiara Bassi\",\"url\":\"https:\/\/perlagesuite.com\/\",\"logo\":{\"@type\":\"ImageObject\",\"inLanguage\":\"en-GB\",\"@id\":\"https:\/\/perlagesuite.com\/#\/schema\/logo\/image\/\",\"url\":\"https:\/\/perlagesuite.com\/wp-content\/uploads\/2022\/03\/Chiara-Bassi-sommelier-wine-blogger-logo.png\",\"contentUrl\":\"https:\/\/perlagesuite.com\/wp-content\/uploads\/2022\/03\/Chiara-Bassi-sommelier-wine-blogger-logo.png\",\"width\":512,\"height\":512,\"caption\":\"Chiara Bassi\"},\"image\":{\"@id\":\"https:\/\/perlagesuite.com\/#\/schema\/logo\/image\/\"},\"sameAs\":[\"https:\/\/www.facebook.com\/chiarabassiperlagesuite\",\"https:\/\/x.com\/perlagesuite\",\"https:\/\/www.instagram.com\/perlagesuite\/\"]}]}<\/script>\n<!-- \/ Yoast SEO Premium plugin. -->","yoast_head_json":{"title":"I am Chiara Bassi, wine blogger. What can I do for you?","description":"Wine blogger: what can he do for your company or event? Masterclasses, tastings, publicity, reportage... with the ethics that set me apart.","robots":{"index":"index","follow":"follow","max-snippet":"max-snippet:-1","max-image-preview":"max-image-preview:large","max-video-preview":"max-video-preview:-1"},"canonical":"https:\/\/perlagesuite.com\/en\/cosa-posso-fare-per-te\/","og_locale":"en_GB","og_type":"article","og_title":"wine blogger: Cosa pu\u00f2 fare per te?","og_description":"Wine blogger: cosa pu\u00f2 fare per la tua azienda o il tuo evento? Masterclass, degustazioni, pubblicit\u00e0, reportage... con l'etica che mi contraddistingue.","og_url":"https:\/\/perlagesuite.com\/en\/cosa-posso-fare-per-te\/","og_site_name":"Perlage Suite","article_publisher":"https:\/\/www.facebook.com\/chiarabassiperlagesuite","article_modified_time":"2023-01-31T14:40:30+00:00","twitter_card":"summary_large_image","twitter_site":"@perlagesuite","twitter_misc":{"Estimated reading time":"7 minutes"},"schema":{"@context":"https:\/\/schema.org","@graph":[{"@type":"WebPage","@id":"https:\/\/perlagesuite.com\/cosa-posso-fare-per-te\/","url":"https:\/\/perlagesuite.com\/cosa-posso-fare-per-te\/","name":"I am Chiara Bassi, wine blogger. What can I do for you?","isPartOf":{"@id":"https:\/\/perlagesuite.com\/#website"},"datePublished":"2022-01-22T16:08:47+00:00","dateModified":"2023-01-31T14:40:30+00:00","description":"Wine blogger: what can he do for your company or event? Masterclasses, tastings, publicity, reportage... with the ethics that set me apart.","breadcrumb":{"@id":"https:\/\/perlagesuite.com\/cosa-posso-fare-per-te\/#breadcrumb"},"inLanguage":"en-GB","potentialAction":[{"@type":"ReadAction","target":["https:\/\/perlagesuite.com\/cosa-posso-fare-per-te\/"]}]},{"@type":"BreadcrumbList","@id":"https:\/\/perlagesuite.com\/cosa-posso-fare-per-te\/#breadcrumb","itemListElement":[{"@type":"ListItem","position":1,"name":"Home","item":"https:\/\/perlagesuite.com\/"},{"@type":"ListItem","position":2,"name":"wine blogger: Cosa pu\u00f2 fare per te?"}]},{"@type":"WebSite","@id":"https:\/\/perlagesuite.com\/#website","url":"https:\/\/perlagesuite.com\/","name":"Perlage Suite","description":"Chiara Bassi's Wine Blog","publisher":{"@id":"https:\/\/perlagesuite.com\/#organization"},"potentialAction":[{"@type":"SearchAction","target":{"@type":"EntryPoint","urlTemplate":"https:\/\/perlagesuite.com\/?s={search_term_string}"},"query-input":{"@type":"PropertyValueSpecification","valueRequired":true,"valueName":"search_term_string"}}],"inLanguage":"en-GB"},{"@type":"Organization","@id":"https:\/\/perlagesuite.com\/#organization","name":"Chiara Bassi","url":"https:\/\/perlagesuite.com\/","logo":{"@type":"ImageObject","inLanguage":"en-GB","@id":"https:\/\/perlagesuite.com\/#\/schema\/logo\/image\/","url":"https:\/\/perlagesuite.com\/wp-content\/uploads\/2022\/03\/Chiara-Bassi-sommelier-wine-blogger-logo.png","contentUrl":"https:\/\/perlagesuite.com\/wp-content\/uploads\/2022\/03\/Chiara-Bassi-sommelier-wine-blogger-logo.png","width":512,"height":512,"caption":"Chiara Bassi"},"image":{"@id":"https:\/\/perlagesuite.com\/#\/schema\/logo\/image\/"},"sameAs":["https:\/\/www.facebook.com\/chiarabassiperlagesuite","https:\/\/x.com\/perlagesuite","https:\/\/www.instagram.com\/perlagesuite\/"]}]}},"_links":{"self":[{"href":"https:\/\/perlagesuite.com\/en\/wp-json\/wp\/v2\/pages\/130155","targetHints":{"allow":["GET"]}}],"collection":[{"href":"https:\/\/perlagesuite.com\/en\/wp-json\/wp\/v2\/pages"}],"about":[{"href":"https:\/\/perlagesuite.com\/en\/wp-json\/wp\/v2\/types\/page"}],"author":[{"embeddable":true,"href":"https:\/\/perlagesuite.com\/en\/wp-json\/wp\/v2\/users\/49"}],"replies":[{"embeddable":true,"href":"https:\/\/perlagesuite.com\/en\/wp-json\/wp\/v2\/comments?post=130155"}],"version-history":[{"count":0,"href":"https:\/\/perlagesuite.com\/en\/wp-json\/wp\/v2\/pages\/130155\/revisions"}],"wp:attachment":[{"href":"https:\/\/perlagesuite.com\/en\/wp-json\/wp\/v2\/media?parent=130155"}],"curies":[{"name":"wp","href":"https:\/\/api.w.org\/{rel}","templated":true}]}}