{"id":423,"date":"2014-10-31T09:37:02","date_gmt":"2014-10-31T09:37:02","guid":{"rendered":"http:\/\/cavatappi.org\/?page_id=423"},"modified":"2022-12-04T16:29:03","modified_gmt":"2022-12-04T15:29:03","slug":"privacy-2","status":"publish","type":"page","link":"https:\/\/perlagesuite.com\/en\/privacy-2\/","title":{"rendered":"Privacy"},"content":{"rendered":"<p>[et_pb_section fb_built=&#8221;1&#8243; admin_label=&#8221;section&#8221; _builder_version=&#8221;4.16&#8243; global_colors_info=&#8221;{}&#8221;][et_pb_row admin_label=&#8221;row&#8221; _builder_version=&#8221;4.16&#8243; background_size=&#8221;initial&#8221; background_position=&#8221;top_left&#8221; background_repeat=&#8221;repeat&#8221; global_colors_info=&#8221;{}&#8221;][et_pb_column type=&#8221;4_4&#8243; _builder_version=&#8221;4.16&#8243; custom_padding=&#8221;|||&#8221; global_colors_info=&#8221;{}&#8221; custom_padding__hover=&#8221;|||&#8221;][et_pb_text _builder_version=&#8221;4.19.1&#8243; header_font=&#8221;||||||||&#8221; header_3_font=&#8221;Crushed||||||||&#8221; header_3_font_size=&#8221;19px&#8221; background_size=&#8221;initial&#8221; background_position=&#8221;top_left&#8221; background_repeat=&#8221;repeat&#8221; hover_enabled=&#8221;0&#8243; use_border_color=&#8221;off&#8221; global_colors_info=&#8221;{}&#8221; sticky_enabled=&#8221;0&#8243;]<\/p>\n<p><em>Questo portale rispetta e protegge la privacy degli utenti con la massima diligenza e si impegna a non divulgare le informazioni personali a terzi senza autorizzazione esplicita da parte dell\u2019utente.<\/em><\/p>\n<div id=\"main-content\" style=\"text-align: justify;\">\n<article id=\"post-61\" class=\"post-61 page type-page status-publish hentry\">\n<div class=\"entry-content\">\n<div class=\"et_pb_section et_pb_section_1 et_section_regular\">\n<div class=\"et_pb_row et_pb_row_0\">\n<div class=\"et_pb_column et_pb_column_4_4 et_pb_column_0 et_pb_css_mix_blend_mode_passthrough et-last-child\">\n<div class=\"et_pb_module et_pb_text et_pb_text_0 et_pb_bg_layout_light et_pb_text_align_left\">\n<div class=\"et_pb_text_inner\">\n<h3 style=\"text-align: center;\"><strong>INFORMATIVA SULLA PRIVACY AI SENSI DELL\u2019ART. 13 del Reg. UE 2016\/679 (GDPR)<\/strong><\/h3>\n<p><span style=\"color: #ffffff;\">.<\/span><\/p>\n<p style=\"text-align: justify;\"><strong>PERLAGE SUITE<\/strong>, per l\u2019esecuzione dei rapporti contrattuali, entra in possesso di dati, acquisiti anche verbalmente, direttamente o tramite terzi, qualificati come \u201cdati personali\u201d e \u201cdati particolari o sensibili\u201d dal\u00a0<strong>Regolamento UE n. 2016\/679<\/strong>\u00a0(cosiddetto\u00a0<strong>GDPR<\/strong>). Tale normativa prevede innanzitutto che chi effettua trattamenti di dati personali e particolari\/sensibili \u00e8 tenuto ad informare il soggetto interessato su quali dati vengono trattati e su tutti gli elementi qualificanti il trattamento, che, in ogni caso deve avvenire con correttezza, liceit\u00e0 e trasparenza, tutelando la riservatezza ed i diritti dei soggetti interessati. A tale fine ed in ottemperanza a quanto disposto dall\u2019art. 13 del GDPR, riportiamo le seguenti informazioni:<\/p>\n<p style=\"text-align: justify;\"><strong>Titolare dei dati trattati\u00a0<\/strong>PerlageSuite.com &#8211; Sede legale in Via Guareschi, 60 \u2013 00143 Roma. I dati dell\u2019utente, memorizzati su supporto elettronico, sono custoditi e archiviati su un server di nostra propriet\u00e0 locato in Italia. In particolare, il Titolare dichiara che i dati registrati sul server sono protetti contro il rischio di intrusione e accesso non autorizzato e di avere altres\u00ec adottato misure di sicurezza idonee a garantire l\u2019integrit\u00e0 e la disponibilit\u00e0 dei dati nonch\u00e9 la protezione delle aree e dei locali rilevanti ai fini della loro custodia e accessibilit\u00e0.<\/p>\n<p style=\"text-align: justify;\"><strong>Tipologia dei dati trattati\u00a0\u2013 PERLAGE SUITE<\/strong>\u00a0tratta dati personali (nome e cognome, indirizzo, numero telefonico \u2013 fisso e\/o cellulare- dati di natura economica finalizzati alla fatturazione dell\u2019oggetto del contratto).<\/p>\n<p style=\"text-align: justify;\"><strong>Finalit\u00e0 del trattamento<\/strong>\u00a0\u2013 I dati sopra indicati sono trattati per le finalit\u00e0 contrattuali e sono raccolti al momento del pagamento dell\u2019ordine. Essi sono trattati, gestiti ed archiviati per finalit\u00e0 amministrative, fiscali e legali.<br \/>Inoltre, successivamente alla conclusione del contratto:<\/p>\n<ul style=\"text-align: justify;\">\n<li>i dati personali potranno essere trattati per finalit\u00e0 commerciali se e solo se tale trattamento \u00e8 stato esplicitamente autorizzato (ad esempio: inviare e-mail, newsletter, comunicazioni commerciali e\/o pubblicitarie su prodotti e servizi offerti dal Titolare nonch\u00e9 contatti telefonici per finalit\u00e0 commerciali e\/o rilevazione del grado di soddisfazione della qualit\u00e0 dei servizi offerti).<\/li>\n<\/ul>\n<p style=\"text-align: justify;\"><strong><\/strong><\/p>\n<p style=\"text-align: justify;\"><strong>Base giuridica del Trattamento, Obbligo o facolt\u00e0 di conferire i dati e conseguenze dell\u2019eventuale rifiuto<\/strong>\u00a0\u2013 Fermo restando la facolt\u00e0 dell\u2019utente di consentire al trattamento dei propri dati, per quanto concerne i dati che\u00a0<strong>PERLAGE SUITE<\/strong>\u00a0\u00e8 obbligata a conoscere, al fine di adempiere agli obblighi previsti da leggi, da regolamenti e dalla normativa comunitaria, ovvero da disposizioni impartite da Autorit\u00e0 a ci\u00f2 legittimate dalla legge e da organi di vigilanza e controllo, il loro mancato conferimento da parte dell\u2019Utente comporter\u00e0 l\u2019impossibilit\u00e0 di instaurare o proseguire il rapporto, nei limiti in cui tali dati sono necessari all\u2019esecuzione dello stesso. L\u2019utente ha e mantiene pieno diritto, in qualsiasi momento di revocare il proprio consenso al trattamento (consenso acquisito con la sottoscrizione del contratto d\u2019ordine ex art 6 c. 1 lett. b del GDPR), senza pregiudicare la liceit\u00e0 del trattamento prestato prima di tale revoca.<\/p>\n<p style=\"text-align: justify;\"><strong>Modalit\u00e0 del trattamento e tecnologie utilizzate<\/strong>\u00a0\u2013 Il trattamento dei dati avviene mediante l\u2019utilizzo di strumenti e procedure idonei a garantire la sicurezza e la riservatezza e potr\u00e0 essere effettuato sia mediante supporti cartacei, sia attraverso l\u2019ausilio di strumenti elettronici. L\u2019accesso al sito internet\u00a0<strong>perlagesuite.com<\/strong>\u00a0attiva metodi di raccolta automatica delle informazioni (cookies tecnici) necessari alla corretta navigazione nel suddetto sito che vengono automaticamente cancellati a scadenza o alla chiusura di sessione. Per i cookies di terze parti (ad esempio Google, Facebook, chat di supporto etc.), il sito non ha un controllo diretto dei singoli cookie e non pu\u00f2 controllarli (non pu\u00f2 n\u00e9 installarli direttamente n\u00e9 cancellarli). I\u00a0<em><strong>Cookies<\/strong><\/em>\u00a0non consentono in alcun modo di avere accesso a qualsiasi dato presente nel computer del visitatore. Puoi comunque gestire questi cookie attraverso le impostazioni del tuo browser. I dati personali trattati sono gestiti su supporto informatico in un sistema con host remoti protetti da sistemi di protezione idonei (backup, firewall, certificati di sicurezza etc.).\u00a0<strong>Plug-in Social Network<\/strong>. Il nostro sito web utilizza Plugins dei pi\u00f9 diffusi Social Network quali facebook.com. Maggiori dettagli sul plug-in di Facebook e sulle loro caratteristiche si trovano su http:\/\/developers.facebook.com\/. Per impedire la trasmissione e la memorizzazione dei dati relativi alla navigazione Internet tramite Facebook l\u2019utente dovr\u00e0 disconnettersi da Facebook prima di visitare il nostro sito web.<\/p>\n<p style=\"text-align: justify;\"><strong>Dati di navigazione<\/strong>\u00a0\u2013 I sistemi informatici e i programmi informatici utilizzati per il funzionamento del sito raccolgono alcuni dati personali la cui trasmissione \u00e8 implicita nell\u2019uso dei protocolli di comunicazione di Internet (es. indirizzi IP o nomi a dominio dei computer utilizzati dagli utenti che si connettono al sito, gli indirizzi e gli orari delle richieste, metodo di connessione al server, codice numerico di esito nonch\u00e9 parametri relativi al sistema operativo dell\u2019utente). Queste sono informazioni generiche che non identificano un utente, ma servono per elaborare statistiche, migliorare i servizi offerti agli utenti e incrementare la sicurezza. Ad esempio la lingua del browser pu\u00f2 servire per stabilire quale lingua utilizzare per la visualizzazione delle pagine e l\u2019IP address per bloccare tentativi di intrusione, spamming, saturazione delle risorse (DoS) e in generale impedire un uso improprio dei nostri sistemi da parte di ignoti che potrebbero mettere a rischio i dati custoditi. Bench\u00e9 si tratti di informazioni che non sono raccolte per essere associate a interessati identificati, per loro natura potrebbero, attraverso elaborazioni ed associazioni con dati detenuti da terzi, consentire di identificare gli utenti. Tali dati sono comunque utilizzati da\u00a0<strong>PERLAGE SUITE<\/strong>\u00a0al solo fine di ricavare informazioni statistiche (non associate ad alcun dato identificativo dell\u2019utente) sull\u2019uso del sito e per controllarne il corretto funzionamento. I dati potrebbero essere utilizzati per l\u2019accertamento di responsabilit\u00e0 in caso di ipotetici reati informatici ai danni del Sito.\u00a0<strong>PERLAGE SUITE<\/strong>\u00a0non utilizza processi informatici decisionali automatizzati, non effettua alcuna attivit\u00e0 di profilazione, quindi, non registra, non conserva e non tratta dati relativi alle scelte, abitudini e preferenze di acquisto dei propri Clienti, n\u00e9 crea profili (individuali e\/o aggregati) allo scopo di proporre offerte mirate.<\/p>\n<p style=\"text-align: justify;\"><strong>Fonte del Dato in caso di regali <\/strong>\u2013 La fonte dei dati \u00e8 il mittente dell\u2019ordinativo. Tale soggetto \u00e8 colui che viene indicato in forma autografa nel bigliettino\/messaggio eventualmente accluso all\u2019omaggio.\u00a0<strong>PERLAGE SUITE<\/strong>\u00a0non \u00e8 tenuta a verificare n\u00e9 la presenza della firma n\u00e9 l\u2019identit\u00e0 del mittente dell\u2019omaggio. In caso di messaggio anonimo nessuna responsabilit\u00e0 pu\u00f2 essere addotta a\u00a0<strong>PERLAGE SUITE<\/strong><strong>\u00a0<\/strong>che effettua la consegna esclusivamente nel rispetto di un impegno contrattuale assunto.<\/p>\n<p style=\"text-align: justify;\"><strong>Comunicazione e diffusione<\/strong>\u00a0\u2013 I dati cos\u00ec raccolti, non verranno \u201cdiffusi\u201d, cio\u00e8 non ne verr\u00e0 data conoscenza a soggetti indeterminati in qualunque modo, anche mediante la loro messa a disposizione o consultazione. I suddetti dati, potranno essere invece \u201ccomunicati\u201d, a uno o pi\u00f9 soggetti determinati ed identificati come segue:<\/p>\n<ul style=\"text-align: justify;\">\n<li>a soggetti incaricati all\u2019interno di\u00a0<strong>PERLAGE SUITE<\/strong>\u00a0in qualit\u00e0 di responsabili e incaricati del trattamento e\/o amministratori di sistema;<\/li>\n<li>a soggetti che possono accedere ai dati in forza di disposizione di legge, di regolamento o di normativa comunitaria, nei limiti previsti da tali norme;<\/li>\n<li>a soggetti che hanno necessit\u00e0 di accedere ai suddetti dati per finalit\u00e0 ausiliarie al rapporto che intercorre tra l\u2019Utente e\u00a0\u00a0<strong>PERLAGE SUITE<\/strong>, nei limiti strettamente necessari per svolgere i compiti ausiliari loro affidati (ad esempio: istituti di credito, consulenti fiscali e del lavoro, ecc.);<\/li>\n<li>a soggetti consulenti di\u00a0<strong>PERLAGE SUITE<\/strong>, limitatamente all\u2019incarico assunto, previa sottoscrizione di obblighi e vincoli di riservatezza e sicurezza nel trattamento di dati;<\/li>\n<li>a soggetti che hanno necessit\u00e0 di accedere ai suddetti dati per l&#8217;esecuzione del contratto tra l&#8217;utente e\u00a0<strong>PERLAGE SUITE<\/strong>\u00a0(spedizioniere&#8230;).<\/li>\n<\/ul>\n<p style=\"text-align: justify;\"><strong>Comunicazione e diffusione all\u2019estero<\/strong>\u00a0\u2013 I dati personali e particolari raccolti in forza dell\u2019esecuzione del contratto saranno trasferiti all\u2019estero solo se questa situazione \u00e8 o pu\u00f2 diventare parte integrante dell\u2019esecuzione del contratto (consegna fuori dal territorio nazionale). Il trasferimento all\u2019estero per l\u2019esecuzione di uno specifico contratto prevede il passaggio attraverso un sistema informativo interno al circuito\u00a0<strong>PERLAGE SUITE<\/strong>\u00a0non accessibile da terzi.<\/p>\n<p style=\"text-align: justify;\"><strong>Periodo di conservazione<\/strong>\u00a0\u2013 Il Titolare tratter\u00e0 i dati personali per il tempo necessario ad adempiere alle finalit\u00e0 di cui sopra e comunque per non oltre 10 anni dalla esecuzione del contratto per le Finalit\u00e0 di Servizio e per non oltre 10 anni dalla raccolta del consenso per le Finalit\u00e0 di Marketing.<\/p>\n<p style=\"text-align: justify;\"><strong>I diritti dell\u2019Utenza<\/strong>\u00a0\u2013 Secondo quanto previsto dal GDPR, \u00e8 possibile esercitare nei confronti di\u00a0<strong>PERLAGE SUITE<\/strong>\u00a0i seguenti diritti:<\/p>\n<ul style=\"text-align: justify;\">\n<li>di accesso ai dati personali (art 15 del GDPR);<\/li>\n<li>di ottenere la rettifica o la cancellazione (oblio) degli stessi o la limitazione del trattamento che lo riguardano (art. 16, 17 e 18 del GDPR);<\/li>\n<li>di opporsi al trattamento (art. 21 del GDPR);<\/li>\n<li>alla portabilit\u00e0 dei dati (art. 20 del GDPR);<\/li>\n<li>di revocare il consenso;<\/li>\n<li>di proporre reclamo all\u2019autorit\u00e0 di controllo (Garante Privacy \u2013 www.garanteprivacy.it)<\/li>\n<\/ul>\n<p style=\"text-align: justify;\"><strong>I Minori<\/strong>\u00a0\u2013 I servizi di\u00a0<strong>PERLAGE SUITE<\/strong>\u00a0non sono destinati esplicitamente a minori di anni 18.\u00a0<strong>PERLAGE SUITE<\/strong>\u00a0non raccoglie intenzionalmente informazioni personali riferite ai minori. Nel caso in cui informazioni su minori fossero involontariamente registrate, il Titolare le canceller\u00e0 in modo tempestivo, su richiesta degli utenti.<\/p>\n<p style=\"text-align: justify;\"><strong>Modalit\u00e0 di esercizio dei diritti<\/strong>\u00a0\u2013 L\u2019interessato potr\u00e0 esercitare in qualsiasi momento i propri diritti inviando richiesta a mezzo mail a:\u00a0<strong>info@perlagesuite.com<\/strong>. L\u2019interessato ricever\u00e0 comunicazione dell\u2019avvenuta esecuzione della sua richiesta\/esercizio del suo diritto entro 15 gg dalla richiesta.<\/p>\n<\/div>\n<\/div>\n<\/div>\n<\/div>\n<\/div>\n<\/div>\n<\/article>\n<\/div>\n<p style=\"text-align: justify;\"><strong>Accettazione delle norme sulla privacy e variazioni &#8211;<\/strong> Utilizzando il sito web di <em><strong>PERLAGE SUITE<\/strong><\/em>, l\u2019utente acconsente all\u2019acquisizione e all\u2019uso delle proprie informazioni da parte di <em><strong>PERLAGE SUITE<\/strong><\/em>, come indicato in queste norme. <em><strong>PERLAGE SUITE<\/strong><\/em>\u00a0pu\u00f2 decidere di modificare le norme sulla privacy senza alcun preavviso. In questo caso, si impegna a segnalare le variazioni sulla pagina corrispondente per dare modo a tutti gli utenti di sapere con esattezza quali informazioni vengono acquisite, come vengono utilizzate le informazioni e se e come vengono divulgate.<\/p>\n<p style=\"text-align: justify;\"><span style=\"color: #ffffff;\">.<\/span><strong>Versioni della privacy policy &#8211;<\/strong> Considerando che lo stato continuo di perfezionamento dei sistemi informatici utilizzati e delle tecnologie dell\u2019informazione pi\u00f9 in generale non sono mai in assoluto esenti da errori, si precisa che il presente documento, costituisce la \u201cPrivacy Policy\u201d del sito web di <em><strong>PERLAGE SUITE<\/strong><\/em>\u00a0e sar\u00e0 soggetta ad aggiornamenti.<\/p>\n<p style=\"text-align: justify;\"><em>Copyright 2014\u00a0&#8211; 2019 Chiara Bassi\u00a0| Data: 16\/06\/2014 | Ultima modifica: 28\/05\/2019<\/em><\/p>\n<p>[\/et_pb_text][\/et_pb_column][\/et_pb_row][\/et_pb_section]<\/p>\n","protected":false},"excerpt":{"rendered":"<p>Questo portale rispetta e protegge la privacy degli utenti con la massima diligenza e si impegna a non divulgare le informazioni personali a terzi senza autorizzazione esplicita da parte dell\u2019utente. INFORMATIVA SULLA PRIVACY AI SENSI DELL\u2019ART. 13 del Reg. UE 2016\/679 (GDPR) . PERLAGE SUITE, per l\u2019esecuzione dei rapporti contrattuali, entra in possesso di dati, [&hellip;]<\/p>\n","protected":false},"author":49,"featured_media":0,"parent":0,"menu_order":0,"comment_status":"open","ping_status":"open","template":"","meta":{"_et_pb_use_builder":"on","_et_pb_old_content":"","_et_gb_content_width":"","footnotes":""},"class_list":["post-423","page","type-page","status-publish","hentry"],"yoast_head":"<!-- This site is optimized with the Yoast SEO Premium plugin v27.0 (Yoast SEO v27.2) - https:\/\/yoast.com\/product\/yoast-seo-premium-wordpress\/ -->\n<title>Privacy - Perlage Suite<\/title>\n<meta name=\"robots\" content=\"index, follow, max-snippet:-1, max-image-preview:large, max-video-preview:-1\" \/>\n<link rel=\"canonical\" href=\"https:\/\/perlagesuite.com\/en\/privacy-2\/\" \/>\n<meta property=\"og:locale\" content=\"en_GB\" \/>\n<meta property=\"og:type\" content=\"article\" \/>\n<meta property=\"og:title\" content=\"Privacy\" \/>\n<meta property=\"og:description\" content=\"Questo portale rispetta e protegge la privacy degli utenti con la massima diligenza e si impegna a non divulgare le informazioni personali a terzi senza autorizzazione esplicita da parte dell\u2019utente. INFORMATIVA SULLA PRIVACY AI SENSI DELL\u2019ART. 13 del Reg. UE 2016\/679 (GDPR) . PERLAGE SUITE, per l\u2019esecuzione dei rapporti contrattuali, entra in possesso di dati, [&hellip;]\" \/>\n<meta property=\"og:url\" content=\"https:\/\/perlagesuite.com\/en\/privacy-2\/\" \/>\n<meta property=\"og:site_name\" content=\"Perlage Suite\" \/>\n<meta property=\"article:publisher\" content=\"https:\/\/www.facebook.com\/chiarabassiperlagesuite\" \/>\n<meta property=\"article:modified_time\" content=\"2022-12-04T15:29:03+00:00\" \/>\n<meta name=\"twitter:card\" content=\"summary_large_image\" \/>\n<meta name=\"twitter:site\" content=\"@perlagesuite\" \/>\n<meta name=\"twitter:label1\" content=\"Estimated reading time\" \/>\n\t<meta name=\"twitter:data1\" content=\"9 minutes\" \/>\n<script type=\"application\/ld+json\" class=\"yoast-schema-graph\">{\"@context\":\"https:\/\/schema.org\",\"@graph\":[{\"@type\":\"WebPage\",\"@id\":\"https:\/\/perlagesuite.com\/privacy-2\/\",\"url\":\"https:\/\/perlagesuite.com\/privacy-2\/\",\"name\":\"Privacy - Perlage Suite\",\"isPartOf\":{\"@id\":\"https:\/\/perlagesuite.com\/#website\"},\"datePublished\":\"2014-10-31T09:37:02+00:00\",\"dateModified\":\"2022-12-04T15:29:03+00:00\",\"breadcrumb\":{\"@id\":\"https:\/\/perlagesuite.com\/privacy-2\/#breadcrumb\"},\"inLanguage\":\"en-GB\",\"potentialAction\":[{\"@type\":\"ReadAction\",\"target\":[\"https:\/\/perlagesuite.com\/privacy-2\/\"]}]},{\"@type\":\"BreadcrumbList\",\"@id\":\"https:\/\/perlagesuite.com\/privacy-2\/#breadcrumb\",\"itemListElement\":[{\"@type\":\"ListItem\",\"position\":1,\"name\":\"Home\",\"item\":\"https:\/\/perlagesuite.com\/\"},{\"@type\":\"ListItem\",\"position\":2,\"name\":\"Privacy\"}]},{\"@type\":\"WebSite\",\"@id\":\"https:\/\/perlagesuite.com\/#website\",\"url\":\"https:\/\/perlagesuite.com\/\",\"name\":\"Perlage Suite\",\"description\":\"Il Wine Blog di Chiara Bassi\",\"publisher\":{\"@id\":\"https:\/\/perlagesuite.com\/#organization\"},\"potentialAction\":[{\"@type\":\"SearchAction\",\"target\":{\"@type\":\"EntryPoint\",\"urlTemplate\":\"https:\/\/perlagesuite.com\/?s={search_term_string}\"},\"query-input\":{\"@type\":\"PropertyValueSpecification\",\"valueRequired\":true,\"valueName\":\"search_term_string\"}}],\"inLanguage\":\"en-GB\"},{\"@type\":\"Organization\",\"@id\":\"https:\/\/perlagesuite.com\/#organization\",\"name\":\"Chiara Bassi\",\"url\":\"https:\/\/perlagesuite.com\/\",\"logo\":{\"@type\":\"ImageObject\",\"inLanguage\":\"en-GB\",\"@id\":\"https:\/\/perlagesuite.com\/#\/schema\/logo\/image\/\",\"url\":\"https:\/\/perlagesuite.com\/wp-content\/uploads\/2022\/03\/Chiara-Bassi-sommelier-wine-blogger-logo.png\",\"contentUrl\":\"https:\/\/perlagesuite.com\/wp-content\/uploads\/2022\/03\/Chiara-Bassi-sommelier-wine-blogger-logo.png\",\"width\":512,\"height\":512,\"caption\":\"Chiara Bassi\"},\"image\":{\"@id\":\"https:\/\/perlagesuite.com\/#\/schema\/logo\/image\/\"},\"sameAs\":[\"https:\/\/www.facebook.com\/chiarabassiperlagesuite\",\"https:\/\/x.com\/perlagesuite\",\"https:\/\/www.instagram.com\/perlagesuite\/\"]}]}<\/script>\n<!-- \/ Yoast SEO Premium plugin. -->","yoast_head_json":{"title":"Privacy - Perlage Suite","robots":{"index":"index","follow":"follow","max-snippet":"max-snippet:-1","max-image-preview":"max-image-preview:large","max-video-preview":"max-video-preview:-1"},"canonical":"https:\/\/perlagesuite.com\/en\/privacy-2\/","og_locale":"en_GB","og_type":"article","og_title":"Privacy","og_description":"Questo portale rispetta e protegge la privacy degli utenti con la massima diligenza e si impegna a non divulgare le informazioni personali a terzi senza autorizzazione esplicita da parte dell\u2019utente. INFORMATIVA SULLA PRIVACY AI SENSI DELL\u2019ART. 13 del Reg. UE 2016\/679 (GDPR) . PERLAGE SUITE, per l\u2019esecuzione dei rapporti contrattuali, entra in possesso di dati, [&hellip;]","og_url":"https:\/\/perlagesuite.com\/en\/privacy-2\/","og_site_name":"Perlage Suite","article_publisher":"https:\/\/www.facebook.com\/chiarabassiperlagesuite","article_modified_time":"2022-12-04T15:29:03+00:00","twitter_card":"summary_large_image","twitter_site":"@perlagesuite","twitter_misc":{"Estimated reading time":"9 minutes"},"schema":{"@context":"https:\/\/schema.org","@graph":[{"@type":"WebPage","@id":"https:\/\/perlagesuite.com\/privacy-2\/","url":"https:\/\/perlagesuite.com\/privacy-2\/","name":"Privacy - Perlage Suite","isPartOf":{"@id":"https:\/\/perlagesuite.com\/#website"},"datePublished":"2014-10-31T09:37:02+00:00","dateModified":"2022-12-04T15:29:03+00:00","breadcrumb":{"@id":"https:\/\/perlagesuite.com\/privacy-2\/#breadcrumb"},"inLanguage":"en-GB","potentialAction":[{"@type":"ReadAction","target":["https:\/\/perlagesuite.com\/privacy-2\/"]}]},{"@type":"BreadcrumbList","@id":"https:\/\/perlagesuite.com\/privacy-2\/#breadcrumb","itemListElement":[{"@type":"ListItem","position":1,"name":"Home","item":"https:\/\/perlagesuite.com\/"},{"@type":"ListItem","position":2,"name":"Privacy"}]},{"@type":"WebSite","@id":"https:\/\/perlagesuite.com\/#website","url":"https:\/\/perlagesuite.com\/","name":"Perlage Suite","description":"Chiara Bassi's Wine Blog","publisher":{"@id":"https:\/\/perlagesuite.com\/#organization"},"potentialAction":[{"@type":"SearchAction","target":{"@type":"EntryPoint","urlTemplate":"https:\/\/perlagesuite.com\/?s={search_term_string}"},"query-input":{"@type":"PropertyValueSpecification","valueRequired":true,"valueName":"search_term_string"}}],"inLanguage":"en-GB"},{"@type":"Organization","@id":"https:\/\/perlagesuite.com\/#organization","name":"Chiara Bassi","url":"https:\/\/perlagesuite.com\/","logo":{"@type":"ImageObject","inLanguage":"en-GB","@id":"https:\/\/perlagesuite.com\/#\/schema\/logo\/image\/","url":"https:\/\/perlagesuite.com\/wp-content\/uploads\/2022\/03\/Chiara-Bassi-sommelier-wine-blogger-logo.png","contentUrl":"https:\/\/perlagesuite.com\/wp-content\/uploads\/2022\/03\/Chiara-Bassi-sommelier-wine-blogger-logo.png","width":512,"height":512,"caption":"Chiara Bassi"},"image":{"@id":"https:\/\/perlagesuite.com\/#\/schema\/logo\/image\/"},"sameAs":["https:\/\/www.facebook.com\/chiarabassiperlagesuite","https:\/\/x.com\/perlagesuite","https:\/\/www.instagram.com\/perlagesuite\/"]}]}},"_links":{"self":[{"href":"https:\/\/perlagesuite.com\/en\/wp-json\/wp\/v2\/pages\/423","targetHints":{"allow":["GET"]}}],"collection":[{"href":"https:\/\/perlagesuite.com\/en\/wp-json\/wp\/v2\/pages"}],"about":[{"href":"https:\/\/perlagesuite.com\/en\/wp-json\/wp\/v2\/types\/page"}],"author":[{"embeddable":true,"href":"https:\/\/perlagesuite.com\/en\/wp-json\/wp\/v2\/users\/49"}],"replies":[{"embeddable":true,"href":"https:\/\/perlagesuite.com\/en\/wp-json\/wp\/v2\/comments?post=423"}],"version-history":[{"count":0,"href":"https:\/\/perlagesuite.com\/en\/wp-json\/wp\/v2\/pages\/423\/revisions"}],"wp:attachment":[{"href":"https:\/\/perlagesuite.com\/en\/wp-json\/wp\/v2\/media?parent=423"}],"curies":[{"name":"wp","href":"https:\/\/api.w.org\/{rel}","templated":true}]}}