{"id":540,"date":"2014-11-04T01:06:09","date_gmt":"2014-11-04T01:06:09","guid":{"rendered":"http:\/\/cavatappi.org\/?page_id=540"},"modified":"2022-11-29T15:32:32","modified_gmt":"2022-11-29T14:32:32","slug":"regolamento","status":"publish","type":"page","link":"https:\/\/perlagesuite.com\/en\/regolamento\/","title":{"rendered":"Regulation"},"content":{"rendered":"<p>[et_pb_section fb_built=&#8221;1&#8243; fullwidth=&#8221;on&#8221; _builder_version=&#8221;4.16&#8243; global_colors_info=&#8221;{}&#8221;][et_pb_fullwidth_post_title meta=&#8221;off&#8221; featured_image=&#8221;off&#8221; _builder_version=&#8221;4.16&#8243; _module_preset=&#8221;default&#8221; text_orientation=&#8221;center&#8221; global_colors_info=&#8221;{}&#8221;][\/et_pb_fullwidth_post_title][\/et_pb_section][et_pb_section fb_built=&#8221;1&#8243; custom_padding_last_edited=&#8221;on|desktop&#8221; _builder_version=&#8221;4.16&#8243; background_color=&#8221;#ffffff&#8221; custom_padding=&#8221;5px|||||&#8221; custom_padding_tablet=&#8221;50px|0|50px|0&#8243; custom_padding_phone=&#8221;&#8221; transparent_background=&#8221;off&#8221; padding_mobile=&#8221;off&#8221; make_fullwidth=&#8221;off&#8221; use_custom_width=&#8221;off&#8221; width_unit=&#8221;on&#8221; global_colors_info=&#8221;{}&#8221;][et_pb_row _builder_version=&#8221;4.16&#8243; background_size=&#8221;initial&#8221; background_position=&#8221;top_left&#8221; background_repeat=&#8221;repeat&#8221; global_colors_info=&#8221;{}&#8221;][et_pb_column type=&#8221;4_4&#8243; _builder_version=&#8221;4.16&#8243; custom_padding=&#8221;|||&#8221; global_colors_info=&#8221;{}&#8221; custom_padding__hover=&#8221;|||&#8221;][et_pb_text _builder_version=&#8221;4.19.1&#8243; text_font=&#8221;||||||||&#8221; header_font=&#8221;||||||||&#8221; header_4_font=&#8221;Crushed||||||||&#8221; header_4_line_height=&#8221;1.7em&#8221; hover_enabled=&#8221;0&#8243; global_colors_info=&#8221;{}&#8221; header_4_font_size=&#8221;22px&#8221; sticky_enabled=&#8221;0&#8243;]<\/p>\n<p style=\"text-align: justify;\">Partiamo dal presupposto che, per quanto possiamo studiare, i nostri gusti sono soggettivi. Sicuramente io per prima avr\u00f2 dei pregiudizi quando mi interfaccio con una realt\u00e0 piuttosto che un&#8217;altra, ma ti prometto che tutti i contenuti che sono pubblicati su Perlage Suite non sono mai influenzati da ritorni economici o pressioni aziendali. Ci tengo tantissimo che tutti i lettori siano pienamente soddisfatti di quanto leggono su questo wine blog e che il mio marchio Perlage Suite e la mia persona sia sempre rispettabile e considerato una garanzia di qualit\u00e0.<\/p>\n<h4>Wine blog: contenuti degli articoli<\/h4>\n<p style=\"text-align: justify;\">I vini presentati tra i contenuti del mio wine blog sono ottenuti come donazioni di campioni. Ricevo tantissimi campioni ogni giorno e non tutti compaiono su Perlage Suite. Essendo una pubblicit\u00e0 gratuita che faccio alle cantine, non ho nessun obbligo di pubblicazione, ma pubblico solo quello che ritengo d&#8217;interesse per i lettori. Tutti gli articoli sono a mia completa discrezione. Gli articoli possono essere completamente gratuiti o a pagamento, ma nessuna cantina vitivinicola potr\u00e0 mai pagare per essere pubblicata su Perlage Suite.<\/p>\n<h4>Wine blog: la pubblicit\u00e0 e le affiliazioni<\/h4>\n<p style=\"text-align: justify;\">Sul sito web sono presenti varie forme di pubblicit\u00e0:<\/p>\n<ul>\n<li style=\"text-align: justify;\"><strong>Banner di Inserzionisti privati<\/strong>. Tutti gli operatori del mondo del vino e della ristorazione possono pubblicizzare su Perlage Suite la loro attivit\u00e0 attraverso banner opportunamente studiati per fornire loro il massimo ritorno economico. Negli articoli possono essere inseriti prodotti a scopi pubblicitari. Le cantine vini NON possono fare pubblicit\u00e0 su questo blog.<\/li>\n<li style=\"text-align: justify;\"><strong>Affiliazioni. Sono affiliata con vari siti web:<\/strong> Amazon&#8230; e qualora clicchi su un link su Perlage Suite che ti riporta a uno di questi siti e compri uno dei loro prodotti o servizi ricever\u00f2 una commissione. Questo \u00e8 un bel modo di sostenere il mio wine blog da parte tua che non ti comporta nessun costo.<\/li>\n<li style=\"text-align: justify;\"><strong>Post Promoted Buzzoole<\/strong>. Sono un &#8220;utente verificato&#8221; della piattaforma di influencer marketing Buzzoole. riservo di valutare post promoted di campagne provenienti da questa piattaforma solo se in linea con i principi di questo regolamento. Non pubblicizzer\u00f2 mai nessun prodotto con che non ho testato e che non mi soddisfa pienamente, a prescindere dall&#8217;importo che mi viene offerto. In ogni caso non recensisco vini a pagamento.<\/li>\n<\/ul>\n<h4>Sui contenuti del sito web e del blog<\/h4>\n<p style=\"text-align: justify;\">Questo blog non rappresenta una testata giornalistica in quanto non viene aggiornato con una periodicit\u00e0 regolare e per questo non pu\u00f2 considerarsi un prodotto editoriale ai sensi della legge n\u00b0 62 del 7-03-2001. Tutti gli articoli del sito Perlage Suite\u00a0(salvo dove diversamente indicato all\u2019interno dell\u2019articolo stesso) sono scritti da Chiara Bassi. Le opinioni espresse sono frutto di personale esperienza degli autori sul tema del\u00a0wine marketing e del diventare\/essere sommelier, ma non pu\u00f2 essere\u00a0garantito il raggiungimento dei medesimi obiettivi in quanto le persone sono diverse tra loro. I crediti, quando reperiti e reperibili e se necessari, delle immagini riportate, sono presenti a fondo articolo. Tutti i marchi citati appartengono ai rispettivi proprietari.\u00a0\u00a0Alcuni testi o immagini inserite in questo blog sono tratte da internet e, pertanto, considerati di pubblico dominio; qualora la loro pubblicazione violasse eventuali diritti d&#8217;autore, vi chiediamo la cortesia di comunicarcelo in modo da darci la possibilit\u00e0 di procedere immediatamente alla rimozione. L&#8217;autore del blog non \u00e8 responsabile dei siti collegati tramite link n\u00e9 del loro contenuto che pu\u00f2 essere soggetto a variazioni nel tempo. Grazie della vostra collaborazione.<\/p>\n<h4>Sui commenti di terzi sul blog<\/h4>\n<p style=\"text-align: justify;\">Mi riservo la facolt\u00e0 di rimuovere a mio\u00a0insindacabile giudizio qualsiasi commento che:<\/p>\n<ul style=\"text-align: justify;\">\n<li>sia illecito, diffamatorio, razzista o calunnioso<\/li>\n<li>contenga dati personali di terzi<\/li>\n<li>sia lesivo nei confronti di persone, istituzioni, religioni<\/li>\n<li>sia lesivo della privacy altrui<\/li>\n<li>che possa\u00a0essere dannoso per i minorenni<\/li>\n<li>istighi all\u2019odio od alla violenza<\/li>\n<li>sia lesivo nei confronti di marchi, brevetti e contenuti protetti da copyright<\/li>\n<li>utilizzi impropriamente il mezzo per promuovere o pubblicizzare attivit\u00e0 commerciali<\/li>\n<\/ul>\n<p style=\"text-align: justify;\">I commenti rappresentano esclusivamente il punto di vista del loro autore e pertanto non me ne assumo la responsabilit\u00e0.<\/p>\n<p style=\"text-align: justify;\">All\u2019inserimento di un commento, il software che gestisce questo blog,\u00a0<a href=\"http:\/\/wordpress.org\/\" target=\"_blank\" rel=\"noopener noreferrer\">WordPress<\/a>, ne rileva e registra automaticamente i dati identificativi quali\u00a0<strong>data<\/strong>,\u00a0<strong>ora<\/strong>\u00a0e\u00a0<strong>indirizzo IP<\/strong>\u00a0del computer dal quale questo viene pubblicato. Per il corretto inserimento di un commento viene richiesto inoltre un indirizzo email valido. I commenti sono gestiti dalla piattaforma <a href=\"https:\/\/disqus.com\" target=\"_blank\" rel=\"noopener noreferrer\">Disqus<\/a>.<\/p>\n<p style=\"text-align: justify;\">I dati raccolti\u00a0<strong>non saranno ceduti a terzi<\/strong>\u00a0salvo su richiesta da parte delle autorit\u00e0 competenti in caso venga rilevato un illecito.<\/p>\n<p>[\/et_pb_text][et_pb_text _builder_version=&#8221;4.16&#8243; text_font=&#8221;||||||||&#8221; header_font=&#8221;||||||||&#8221; header_4_font=&#8221;Delius Unicase||||||||&#8221; header_4_line_height=&#8221;1.7em&#8221; global_colors_info=&#8221;{}&#8221;]<\/p>\n<p style=\"text-align: justify;\">Partiamo dal presupposto che, per quanto possiamo studiare, i nostri gusti sono soggettivi. Sicuramente io per prima avr\u00f2 dei pregiudizi quando mi interfaccio con una realt\u00e0 piuttosto che un&#8217;altra, ma ti prometto che tutti i contenuti che sono pubblicati su Perlage Suite non sono mai influenzati da ritorni economici o pressioni aziendali. Ci tengo tantissimo che tutti i lettori siano pienamente soddisfatti di quanto leggono su questo wine blog e che il mio marchio Perlage Suite e la mia persona sia sempre rispettabile e considerato una garanzia di qualit\u00e0.<\/p>\n<h4><\/h4>\n<h4>Wine blog: contenuti degli articoli<\/h4>\n<p style=\"text-align: justify;\">I vini presentati tra i contenuti del mio wine blog sono ottenuti come donazioni di campioni alla mia societ\u00e0 De La Paix s.r.l. Ricevo tantissimi campioni ogni giorno e non tutti compaiono su Perlage Suite. Essendo una pubblicit\u00e0 gratuita che faccio alle cantine, non ho nessun obbligo di pubblicazione, ma pubblico solo quello che ritengo d&#8217;interesse per i lettori. Tutti gli articoli sono a mia completa discrezione. Gli articoli possono essere completamente gratuiti o a pagamento. In ogni caso, non accetto vini o prodotti che non hanno completamente soddisfatto il mio gusto nemmeno a pagamento. Pertanto prima di poter fare pubblicit\u00e0 alla propria azienda su Perlage Suite occorre avermi inviato i propri prodotti e aver ricevuto il mio &#8220;Okay&#8221; per procedere al passo successivo, come riportato <span style=\"text-decoration: underline;\"><a href=\"https:\/\/perlagesuite.com\/media-kit-pubblicita-sul-blog\/\"><strong>in questa pagina<\/strong><\/a><\/span>.<\/p>\n<h4><\/h4>\n<h4>Wine blog: la pubblicit\u00e0 e le affiliazioni<\/h4>\n<p style=\"text-align: justify;\">Sul sito web sono presenti varie forme di pubblicit\u00e0:<\/p>\n<ul>\n<li style=\"text-align: justify;\"><strong>Banner di Inserzionisti privati<\/strong>. Tutti gli operatori del mondo del vino e della ristorazione possono pubblicizzare su Perlage Suite la loro attivit\u00e0 attraverso banner opportunamente studiati per fornire loro il massimo ritorno economico. Negli articoli possono essere inseriti prodotti a scopi pubblicitari. Le cantine vini possono farsi pubblicit\u00e0 solo secondo le regole riportate <a href=\"https:\/\/perlagesuite.com\/media-kit-pubblicita-sul-blog\/\"><span style=\"text-decoration: underline;\"><strong>in questa pagina<\/strong><\/span><\/a>.<\/li>\n<li style=\"text-align: justify;\"><strong>Affiliazioni. Sono affiliata con vari siti web:<\/strong> Amazon, Svinando, Elegant Themes&#8230; e qualora clicchi su un link su Perlage Suite che ti riporta a uno di questi siti e compri uno dei loro prodotti o servizi ricever\u00f2 una commissione. Questo \u00e8 un bel modo di sostenere il mio wine blog da parte tua che non ti comporta nessun costo.<\/li>\n<li style=\"text-align: justify;\"><strong>Post Promoted Buzzoole<\/strong>. Sono un &#8220;utente verificato&#8221; della piattaforma di influencer marketing Buzzoole. riservo di valutare post promoted di campagne provenienti da questa piattaforma solo se in linea con i principi di questo regolamento. Non pubblicizzer\u00f2 mai nessun prodotto con che non ho testato e che non mi soddisfa pienamente, a prescindere dall&#8217;importo che mi viene offerto.<\/li>\n<\/ul>\n<h4><\/h4>\n<h4>sui contenuti del sito web e del blog<\/h4>\n<p style=\"text-align: justify;\">Questo blog non rappresenta una testata giornalistica in quanto non viene aggiornato con una periodicit\u00e0 regolare e per questo non pu\u00f2 considerarsi un prodotto editoriale ai sensi della legge n\u00b0 62 del 7-03-2001. Tutti gli articoli del sito Perlage Suite\u00a0(salvo dove diversamente indicato all\u2019interno dell\u2019articolo stesso) sono scritti da Chiara Bassi. Le opinioni espresse sono frutto di personale esperienza degli autori sul tema del\u00a0wine marketing e del diventare\/essere sommelier, ma non pu\u00f2 essere\u00a0garantito il raggiungimento dei medesimi obiettivi in quanto le persone sono diverse tra loro. I crediti, quando reperiti e reperibili e se necessari, delle immagini riportate, sono presenti a fondo articolo. Tutti i marchi citati appartengono ai rispettivi proprietari.\u00a0\u00a0Alcuni testi o immagini inserite in questo blog sono tratte da internet e, pertanto, considerati di pubblico dominio; qualora la loro pubblicazione violasse eventuali diritti d&#8217;autore, vi chiediamo la cortesia di comunicarcelo in modo da darci la possibilit\u00e0 di procedere immediatamente alla rimozione. L&#8217;autore del blog non \u00e8 responsabile dei siti collegati tramite link n\u00e9 del loro contenuto che pu\u00f2 essere soggetto a variazioni nel tempo. Grazie della vostra collaborazione.<\/p>\n<h4><\/h4>\n<h4>sui commenti di terzi sul blog<\/h4>\n<p style=\"text-align: justify;\">Mi riservo la facolt\u00e0 di rimuovere a mio\u00a0insindacabile giudizio qualsiasi commento che:<\/p>\n<ul style=\"text-align: justify;\">\n<li>sia illecito, diffamatorio, razzista o calunnioso<\/li>\n<li>contenga dati personali di terzi<\/li>\n<li>sia lesivo nei confronti di persone, istituzioni, religioni<\/li>\n<li>sia lesivo della privacy altrui<\/li>\n<li>che possa\u00a0essere dannoso per i minorenni<\/li>\n<li>istighi all\u2019odio od alla violenza<\/li>\n<li>sia lesivo nei confronti di marchi, brevetti e contenuti protetti da copyright<\/li>\n<li>utilizzi impropriamente il mezzo per promuovere o pubblicizzare attivit\u00e0 commerciali<\/li>\n<\/ul>\n<p style=\"text-align: justify;\">I commenti rappresentano esclusivamente il punto di vista del loro autore e pertanto non me ne assumo la responsabilit\u00e0.<\/p>\n<p style=\"text-align: justify;\">All\u2019inserimento di un commento, il software che gestisce questo blog,\u00a0<a href=\"http:\/\/wordpress.org\/\" target=\"_blank\" rel=\"noopener noreferrer\">WordPress<\/a>, ne rileva e registra automaticamente i dati identificativi quali\u00a0<strong>data<\/strong>,\u00a0<strong>ora<\/strong>\u00a0e\u00a0<strong>indirizzo IP<\/strong>\u00a0del computer dal quale questo viene pubblicato. Per il corretto inserimento di un commento viene richiesto inoltre un indirizzo email valido. I commenti sono gestiti dalla piattaforma <a href=\"https:\/\/disqus.com\" target=\"_blank\" rel=\"noopener noreferrer\">Disqus<\/a>.<\/p>\n<p style=\"text-align: justify;\">I dati raccolti\u00a0<strong>non saranno ceduti a terzi<\/strong>\u00a0salvo su richiesta da parte delle autorit\u00e0 competenti in caso venga rilevato un illecito.<\/p>\n<p style=\"text-align: justify;\">\n<p>[\/et_pb_text][\/et_pb_column][\/et_pb_row][\/et_pb_section]<\/p>\n","protected":false},"excerpt":{"rendered":"<p>Partiamo dal presupposto che, per quanto possiamo studiare, i nostri gusti sono soggettivi. Sicuramente io per prima avr\u00f2 dei pregiudizi quando mi interfaccio con una realt\u00e0 piuttosto che un&#8217;altra, ma ti prometto che tutti i contenuti che sono pubblicati su Perlage Suite non sono mai influenzati da ritorni economici o pressioni aziendali. Ci tengo tantissimo [&hellip;]<\/p>\n","protected":false},"author":49,"featured_media":0,"parent":0,"menu_order":0,"comment_status":"open","ping_status":"open","template":"","meta":{"_et_pb_use_builder":"on","_et_pb_old_content":"","_et_gb_content_width":"","footnotes":""},"class_list":["post-540","page","type-page","status-publish","hentry"],"yoast_head":"<!-- This site is optimized with the Yoast SEO Premium plugin v27.0 (Yoast SEO v27.2) - https:\/\/yoast.com\/product\/yoast-seo-premium-wordpress\/ -->\n<title>Regolamento - Perlage Suite<\/title>\n<meta name=\"robots\" content=\"index, follow, max-snippet:-1, max-image-preview:large, max-video-preview:-1\" \/>\n<link rel=\"canonical\" href=\"https:\/\/perlagesuite.com\/en\/regolamento\/\" \/>\n<meta property=\"og:locale\" content=\"en_GB\" \/>\n<meta property=\"og:type\" content=\"article\" \/>\n<meta property=\"og:title\" content=\"Regolamento\" \/>\n<meta property=\"og:description\" content=\"Partiamo dal presupposto che, per quanto possiamo studiare, i nostri gusti sono soggettivi. Sicuramente io per prima avr\u00f2 dei pregiudizi quando mi interfaccio con una realt\u00e0 piuttosto che un&#039;altra, ma ti prometto che tutti i contenuti che sono pubblicati su Perlage Suite non sono mai influenzati da ritorni economici o pressioni aziendali. Ci tengo tantissimo [&hellip;]\" \/>\n<meta property=\"og:url\" content=\"https:\/\/perlagesuite.com\/en\/regolamento\/\" \/>\n<meta property=\"og:site_name\" content=\"Perlage Suite\" \/>\n<meta property=\"article:publisher\" content=\"https:\/\/www.facebook.com\/chiarabassiperlagesuite\" \/>\n<meta property=\"article:modified_time\" content=\"2022-11-29T14:32:32+00:00\" \/>\n<meta name=\"twitter:card\" content=\"summary_large_image\" \/>\n<meta name=\"twitter:site\" content=\"@perlagesuite\" \/>\n<meta name=\"twitter:label1\" content=\"Estimated reading time\" \/>\n\t<meta name=\"twitter:data1\" content=\"8 minutes\" \/>\n<script type=\"application\/ld+json\" class=\"yoast-schema-graph\">{\"@context\":\"https:\/\/schema.org\",\"@graph\":[{\"@type\":\"WebPage\",\"@id\":\"https:\/\/perlagesuite.com\/regolamento\/\",\"url\":\"https:\/\/perlagesuite.com\/regolamento\/\",\"name\":\"Regolamento - Perlage Suite\",\"isPartOf\":{\"@id\":\"https:\/\/perlagesuite.com\/#website\"},\"datePublished\":\"2014-11-04T01:06:09+00:00\",\"dateModified\":\"2022-11-29T14:32:32+00:00\",\"breadcrumb\":{\"@id\":\"https:\/\/perlagesuite.com\/regolamento\/#breadcrumb\"},\"inLanguage\":\"en-GB\",\"potentialAction\":[{\"@type\":\"ReadAction\",\"target\":[\"https:\/\/perlagesuite.com\/regolamento\/\"]}]},{\"@type\":\"BreadcrumbList\",\"@id\":\"https:\/\/perlagesuite.com\/regolamento\/#breadcrumb\",\"itemListElement\":[{\"@type\":\"ListItem\",\"position\":1,\"name\":\"Home\",\"item\":\"https:\/\/perlagesuite.com\/\"},{\"@type\":\"ListItem\",\"position\":2,\"name\":\"Regolamento\"}]},{\"@type\":\"WebSite\",\"@id\":\"https:\/\/perlagesuite.com\/#website\",\"url\":\"https:\/\/perlagesuite.com\/\",\"name\":\"Perlage Suite\",\"description\":\"Il Wine Blog di Chiara Bassi\",\"publisher\":{\"@id\":\"https:\/\/perlagesuite.com\/#organization\"},\"potentialAction\":[{\"@type\":\"SearchAction\",\"target\":{\"@type\":\"EntryPoint\",\"urlTemplate\":\"https:\/\/perlagesuite.com\/?s={search_term_string}\"},\"query-input\":{\"@type\":\"PropertyValueSpecification\",\"valueRequired\":true,\"valueName\":\"search_term_string\"}}],\"inLanguage\":\"en-GB\"},{\"@type\":\"Organization\",\"@id\":\"https:\/\/perlagesuite.com\/#organization\",\"name\":\"Chiara Bassi\",\"url\":\"https:\/\/perlagesuite.com\/\",\"logo\":{\"@type\":\"ImageObject\",\"inLanguage\":\"en-GB\",\"@id\":\"https:\/\/perlagesuite.com\/#\/schema\/logo\/image\/\",\"url\":\"https:\/\/perlagesuite.com\/wp-content\/uploads\/2022\/03\/Chiara-Bassi-sommelier-wine-blogger-logo.png\",\"contentUrl\":\"https:\/\/perlagesuite.com\/wp-content\/uploads\/2022\/03\/Chiara-Bassi-sommelier-wine-blogger-logo.png\",\"width\":512,\"height\":512,\"caption\":\"Chiara Bassi\"},\"image\":{\"@id\":\"https:\/\/perlagesuite.com\/#\/schema\/logo\/image\/\"},\"sameAs\":[\"https:\/\/www.facebook.com\/chiarabassiperlagesuite\",\"https:\/\/x.com\/perlagesuite\",\"https:\/\/www.instagram.com\/perlagesuite\/\"]}]}<\/script>\n<!-- \/ Yoast SEO Premium plugin. -->","yoast_head_json":{"title":"Rules - Perlage Suite","robots":{"index":"index","follow":"follow","max-snippet":"max-snippet:-1","max-image-preview":"max-image-preview:large","max-video-preview":"max-video-preview:-1"},"canonical":"https:\/\/perlagesuite.com\/en\/regolamento\/","og_locale":"en_GB","og_type":"article","og_title":"Regolamento","og_description":"Partiamo dal presupposto che, per quanto possiamo studiare, i nostri gusti sono soggettivi. Sicuramente io per prima avr\u00f2 dei pregiudizi quando mi interfaccio con una realt\u00e0 piuttosto che un'altra, ma ti prometto che tutti i contenuti che sono pubblicati su Perlage Suite non sono mai influenzati da ritorni economici o pressioni aziendali. Ci tengo tantissimo [&hellip;]","og_url":"https:\/\/perlagesuite.com\/en\/regolamento\/","og_site_name":"Perlage Suite","article_publisher":"https:\/\/www.facebook.com\/chiarabassiperlagesuite","article_modified_time":"2022-11-29T14:32:32+00:00","twitter_card":"summary_large_image","twitter_site":"@perlagesuite","twitter_misc":{"Estimated reading time":"8 minutes"},"schema":{"@context":"https:\/\/schema.org","@graph":[{"@type":"WebPage","@id":"https:\/\/perlagesuite.com\/regolamento\/","url":"https:\/\/perlagesuite.com\/regolamento\/","name":"Rules - Perlage Suite","isPartOf":{"@id":"https:\/\/perlagesuite.com\/#website"},"datePublished":"2014-11-04T01:06:09+00:00","dateModified":"2022-11-29T14:32:32+00:00","breadcrumb":{"@id":"https:\/\/perlagesuite.com\/regolamento\/#breadcrumb"},"inLanguage":"en-GB","potentialAction":[{"@type":"ReadAction","target":["https:\/\/perlagesuite.com\/regolamento\/"]}]},{"@type":"BreadcrumbList","@id":"https:\/\/perlagesuite.com\/regolamento\/#breadcrumb","itemListElement":[{"@type":"ListItem","position":1,"name":"Home","item":"https:\/\/perlagesuite.com\/"},{"@type":"ListItem","position":2,"name":"Regolamento"}]},{"@type":"WebSite","@id":"https:\/\/perlagesuite.com\/#website","url":"https:\/\/perlagesuite.com\/","name":"Perlage Suite","description":"Chiara Bassi's Wine Blog","publisher":{"@id":"https:\/\/perlagesuite.com\/#organization"},"potentialAction":[{"@type":"SearchAction","target":{"@type":"EntryPoint","urlTemplate":"https:\/\/perlagesuite.com\/?s={search_term_string}"},"query-input":{"@type":"PropertyValueSpecification","valueRequired":true,"valueName":"search_term_string"}}],"inLanguage":"en-GB"},{"@type":"Organization","@id":"https:\/\/perlagesuite.com\/#organization","name":"Chiara Bassi","url":"https:\/\/perlagesuite.com\/","logo":{"@type":"ImageObject","inLanguage":"en-GB","@id":"https:\/\/perlagesuite.com\/#\/schema\/logo\/image\/","url":"https:\/\/perlagesuite.com\/wp-content\/uploads\/2022\/03\/Chiara-Bassi-sommelier-wine-blogger-logo.png","contentUrl":"https:\/\/perlagesuite.com\/wp-content\/uploads\/2022\/03\/Chiara-Bassi-sommelier-wine-blogger-logo.png","width":512,"height":512,"caption":"Chiara Bassi"},"image":{"@id":"https:\/\/perlagesuite.com\/#\/schema\/logo\/image\/"},"sameAs":["https:\/\/www.facebook.com\/chiarabassiperlagesuite","https:\/\/x.com\/perlagesuite","https:\/\/www.instagram.com\/perlagesuite\/"]}]}},"_links":{"self":[{"href":"https:\/\/perlagesuite.com\/en\/wp-json\/wp\/v2\/pages\/540","targetHints":{"allow":["GET"]}}],"collection":[{"href":"https:\/\/perlagesuite.com\/en\/wp-json\/wp\/v2\/pages"}],"about":[{"href":"https:\/\/perlagesuite.com\/en\/wp-json\/wp\/v2\/types\/page"}],"author":[{"embeddable":true,"href":"https:\/\/perlagesuite.com\/en\/wp-json\/wp\/v2\/users\/49"}],"replies":[{"embeddable":true,"href":"https:\/\/perlagesuite.com\/en\/wp-json\/wp\/v2\/comments?post=540"}],"version-history":[{"count":0,"href":"https:\/\/perlagesuite.com\/en\/wp-json\/wp\/v2\/pages\/540\/revisions"}],"wp:attachment":[{"href":"https:\/\/perlagesuite.com\/en\/wp-json\/wp\/v2\/media?parent=540"}],"curies":[{"name":"wp","href":"https:\/\/api.w.org\/{rel}","templated":true}]}}