{"id":131073,"date":"2022-02-25T18:57:44","date_gmt":"2022-02-25T17:57:44","guid":{"rendered":"https:\/\/perlagesuite.com\/?post_type=product&#038;p=131073"},"modified":"2023-01-27T21:55:16","modified_gmt":"2023-01-27T20:55:16","slug":"segnalibro-ad-angolo-cuore-rosso-vintage","status":"publish","type":"product","link":"https:\/\/perlagesuite.com\/en\/product\/segnalibro-ad-angolo-cuore-rosso-vintage\/","title":{"rendered":"Red heart corner bookmark"},"content":{"rendered":"<p>[et_pb_section fb_built=&#8221;1&#8243; _builder_version=&#8221;4.16&#8243; min_height=&#8221;1337.4px&#8221; custom_padding=&#8221;0px||30px||false|false&#8221; global_colors_info=&#8221;{}&#8221;][et_pb_row _builder_version=&#8221;4.16&#8243; background_size=&#8221;initial&#8221; background_position=&#8221;top_left&#8221; background_repeat=&#8221;repeat&#8221; width=&#8221;100%&#8221; custom_padding=&#8221;0px||0px||false|false&#8221; global_colors_info=&#8221;{}&#8221;][et_pb_column type=&#8221;4_4&#8243; _builder_version=&#8221;4.16&#8243; custom_padding=&#8221;|||&#8221; global_colors_info=&#8221;{}&#8221; custom_padding__hover=&#8221;|||&#8221;][et_pb_wc_breadcrumb _builder_version=&#8221;4.16&#8243; global_colors_info=&#8221;{}&#8221;][\/et_pb_wc_breadcrumb][et_pb_wc_cart_notice _builder_version=&#8221;4.16&#8243; global_colors_info=&#8221;{}&#8221;][\/et_pb_wc_cart_notice][\/et_pb_column][\/et_pb_row][et_pb_row column_structure=&#8221;1_2,1_2&#8243; _builder_version=&#8221;4.16&#8243; background_size=&#8221;initial&#8221; background_position=&#8221;top_left&#8221; background_repeat=&#8221;repeat&#8221; width=&#8221;100%&#8221; custom_padding=&#8221;0px||||false|false&#8221; global_colors_info=&#8221;{}&#8221;][et_pb_column type=&#8221;1_2&#8243; _builder_version=&#8221;4.16&#8243; custom_padding=&#8221;|||&#8221; global_colors_info=&#8221;{}&#8221; custom_padding__hover=&#8221;|||&#8221;][et_pb_wc_images _builder_version=&#8221;4.16&#8243; global_colors_info=&#8221;{}&#8221;][\/et_pb_wc_images][\/et_pb_column][et_pb_column type=&#8221;1_2&#8243; _builder_version=&#8221;4.16&#8243; custom_padding=&#8221;|||&#8221; global_colors_info=&#8221;{}&#8221; custom_padding__hover=&#8221;|||&#8221;][et_pb_wc_title _builder_version=&#8221;4.16&#8243; global_colors_info=&#8221;{}&#8221;][\/et_pb_wc_title][et_pb_wc_rating _builder_version=&#8221;4.16&#8243; global_colors_info=&#8221;{}&#8221;][\/et_pb_wc_rating][et_pb_wc_price _builder_version=&#8221;4.16&#8243; global_colors_info=&#8221;{}&#8221;][\/et_pb_wc_price][et_pb_wc_description _builder_version=&#8221;4.16&#8243; global_colors_info=&#8221;{}&#8221;][\/et_pb_wc_description][et_pb_wc_add_to_cart _builder_version=&#8221;4.16&#8243; global_colors_info=&#8221;{}&#8221;][\/et_pb_wc_add_to_cart][et_pb_wc_meta _builder_version=&#8221;4.16&#8243; global_colors_info=&#8221;{}&#8221;][\/et_pb_wc_meta][\/et_pb_column][\/et_pb_row][et_pb_row _builder_version=&#8221;4.16&#8243; background_size=&#8221;initial&#8221; background_position=&#8221;top_left&#8221; background_repeat=&#8221;repeat&#8221; width=&#8221;100%&#8221; custom_padding=&#8221;||0px|||&#8221; global_colors_info=&#8221;{}&#8221;][et_pb_column type=&#8221;4_4&#8243; _builder_version=&#8221;4.16&#8243; custom_padding=&#8221;|||&#8221; global_colors_info=&#8221;{}&#8221; custom_padding__hover=&#8221;|||&#8221;][et_pb_wc_tabs _builder_version=&#8221;4.16&#8243; global_colors_info=&#8221;{}&#8221;]\t\t\t\t\t[\/et_pb_wc_tabs][et_pb_wc_upsells _builder_version=&#8221;4.16&#8243; global_colors_info=&#8221;{}&#8221;][\/et_pb_wc_upsells][\/et_pb_column][\/et_pb_row][\/et_pb_section]<\/p>\n","protected":false},"excerpt":{"rendered":"<p><strong>Corner bookmark<\/strong> signature red heart. This <strong>handmade bookmark<\/strong> is realised in <strong>high-quality Italian leather<\/strong> from off-cuts from the processing of bags, shoes and other products and is therefore environmentally friendly. Perfect as wedding favours<\/p>","protected":false},"featured_media":131079,"comment_status":"open","ping_status":"closed","template":"","meta":{"_et_pb_use_builder":"on","_et_pb_old_content":"<p style=\"text-align: justify\">Ero a caccia di <strong>idee bomboniere laurea<\/strong> quando mi sono imbattuta in questo <strong>segnalibro particolare<\/strong> color vino rosso in pelle vintage tagliato e cucito a mano: me ne sono davvero innamorata! Certo io mi laureo in Scienze, culture e politiche dell\u2019enogastronomia (classe L-GASTR) e quindi il mio logo \u00e8 assolutamente perfetto perch\u00e8 rappresenta un calice di vino con la pancia a forma di pesce per simboleggiare il legame indissolubile tra vino e cibo, incorniciato da una corona di alloro che culmina in un tocco\u2026\u00a0Tuttavia credo sia una<strong> bomboniera laurea originale<\/strong> per qualsiasi corso di studi o anche come <strong>bomboniere matrimonio a tema vino<\/strong> e non solo grazie al <strong>significato del rito della vendemmia<\/strong>! Inoltre potresti fare davvero una bellissima figura a raccontare il perch\u00e8 della tua scelta ai tuoi ospiti!<\/p>\r\n<p style=\"text-align: justify\">La vendemmia avviene in autunno, storicamente simbolo dell\u2019introversione e della discesa fino agli inferi. Questa terra che si chiude prima di ricominciare un nuovo ciclo regala i suoi frutti che verranno pigiati con i piedi stimolando non solo il legame con la terra, ma simboleggiano il cammino nella vita. Infine il suo prodotto colto, il vino, simboleggiando il sangue e la conoscenza tecnica \u00e8 una preziosa riserva di vitalit\u00e0. <strong>Questo logo quindi ha un significato molto pi\u00f9 profondo di come appare: \u00e8 l\u2019inizio di un nuovo ciclo di vita, dove manteniamo ben saldi i piedi a terra pur camminando verso il futuro, sempre protetti da ci\u00f2 che abbiamo studiato<\/strong>.\u00a0Un significato che si presta a tutti quei giorni importanti che rappresentano per noi il cambiamento, come il matrimonio o la laurea.<\/p>\r\n<p style=\"text-align: justify\">Ho deciso di mettere in vendita sul mio blog i miei <strong>segnalibri a cuore<\/strong> anche in confezione da un singolo pezzo per dare la possibilit\u00e0 a tutti gli amanti della cultura del vino e del cibo di comprarne uno per s\u00e9 o regalarne uno a una persona speciale! Spero di cuore che ti piaccia!<\/p>","_et_gb_content_width":""},"product_brand":[],"product_cat":[463],"product_tag":[],"class_list":{"0":"post-131073","1":"product","2":"type-product","3":"status-publish","4":"has-post-thumbnail","6":"product_cat-collaborazioni","8":"first","9":"instock","10":"featured","11":"taxable","12":"shipping-taxable","13":"purchasable","14":"product-type-simple"},"yoast_head":"<!-- This site is optimized with the Yoast SEO Premium plugin v27.0 (Yoast SEO v27.2) - https:\/\/yoast.com\/product\/yoast-seo-premium-wordpress\/ -->\n<title>Segnalibro ad angolo cuore rosso - Perlage Suite<\/title>\n<meta name=\"description\" content=\"Segnalibro ad angolo a forma di cuore: una chicca realizzata a mano in pelle italiana color vino rosso perfetta per godersi un buon libro.\" \/>\n<meta name=\"robots\" content=\"index, follow, max-snippet:-1, max-image-preview:large, max-video-preview:-1\" \/>\n<link rel=\"canonical\" href=\"https:\/\/perlagesuite.com\/en\/product\/segnalibro-ad-angolo-cuore-rosso-vintage\/\" \/>\n<meta property=\"og:locale\" content=\"en_GB\" \/>\n<meta property=\"og:type\" content=\"article\" \/>\n<meta property=\"og:title\" content=\"Segnalibro ad angolo cuore rosso\" \/>\n<meta property=\"og:description\" content=\"Segnalibro ad angolo a forma di cuore: una chicca realizzata a mano in pelle italiana color vino rosso perfetta per godersi un buon libro.\" \/>\n<meta property=\"og:url\" content=\"https:\/\/perlagesuite.com\/en\/product\/segnalibro-ad-angolo-cuore-rosso-vintage\/\" \/>\n<meta property=\"og:site_name\" content=\"Perlage Suite\" \/>\n<meta property=\"article:publisher\" content=\"https:\/\/www.facebook.com\/chiarabassiperlagesuite\" \/>\n<meta property=\"article:modified_time\" content=\"2023-01-27T20:55:16+00:00\" \/>\n<meta property=\"og:image\" content=\"https:\/\/perlagesuite.com\/wp-content\/uploads\/2022\/02\/Segnalibro-ad-angolo.jpg\" \/>\n\t<meta property=\"og:image:width\" content=\"800\" \/>\n\t<meta property=\"og:image:height\" content=\"800\" \/>\n\t<meta property=\"og:image:type\" content=\"image\/jpeg\" \/>\n<meta name=\"twitter:card\" content=\"summary_large_image\" \/>\n<meta name=\"twitter:site\" content=\"@perlagesuite\" \/>\n<meta name=\"twitter:label1\" content=\"Estimated reading time\" \/>\n\t<meta name=\"twitter:data1\" content=\"1 minute\" \/>\n<script type=\"application\/ld+json\" class=\"yoast-schema-graph\">{\"@context\":\"https:\/\/schema.org\",\"@graph\":[{\"@type\":\"WebPage\",\"@id\":\"https:\/\/perlagesuite.com\/prodotto\/segnalibro-ad-angolo-cuore-rosso-vintage\/\",\"url\":\"https:\/\/perlagesuite.com\/prodotto\/segnalibro-ad-angolo-cuore-rosso-vintage\/\",\"name\":\"Segnalibro ad angolo cuore rosso - Perlage Suite\",\"isPartOf\":{\"@id\":\"https:\/\/perlagesuite.com\/#website\"},\"primaryImageOfPage\":{\"@id\":\"https:\/\/perlagesuite.com\/prodotto\/segnalibro-ad-angolo-cuore-rosso-vintage\/#primaryimage\"},\"image\":{\"@id\":\"https:\/\/perlagesuite.com\/prodotto\/segnalibro-ad-angolo-cuore-rosso-vintage\/#primaryimage\"},\"thumbnailUrl\":\"https:\/\/perlagesuite.com\/wp-content\/uploads\/2022\/02\/Segnalibro-ad-angolo.jpg\",\"datePublished\":\"2022-02-25T17:57:44+00:00\",\"dateModified\":\"2023-01-27T20:55:16+00:00\",\"description\":\"Segnalibro ad angolo a forma di cuore: una chicca realizzata a mano in pelle italiana color vino rosso perfetta per godersi un buon libro.\",\"breadcrumb\":{\"@id\":\"https:\/\/perlagesuite.com\/prodotto\/segnalibro-ad-angolo-cuore-rosso-vintage\/#breadcrumb\"},\"inLanguage\":\"en-GB\",\"potentialAction\":[{\"@type\":\"ReadAction\",\"target\":[\"https:\/\/perlagesuite.com\/prodotto\/segnalibro-ad-angolo-cuore-rosso-vintage\/\"]}]},{\"@type\":\"ImageObject\",\"inLanguage\":\"en-GB\",\"@id\":\"https:\/\/perlagesuite.com\/prodotto\/segnalibro-ad-angolo-cuore-rosso-vintage\/#primaryimage\",\"url\":\"https:\/\/perlagesuite.com\/wp-content\/uploads\/2022\/02\/Segnalibro-ad-angolo.jpg\",\"contentUrl\":\"https:\/\/perlagesuite.com\/wp-content\/uploads\/2022\/02\/Segnalibro-ad-angolo.jpg\",\"width\":800,\"height\":800,\"caption\":\"Segnalibro ad angolo\"},{\"@type\":\"BreadcrumbList\",\"@id\":\"https:\/\/perlagesuite.com\/prodotto\/segnalibro-ad-angolo-cuore-rosso-vintage\/#breadcrumb\",\"itemListElement\":[{\"@type\":\"ListItem\",\"position\":1,\"name\":\"Home\",\"item\":\"https:\/\/perlagesuite.com\/\"},{\"@type\":\"ListItem\",\"position\":2,\"name\":\"Shop\",\"item\":\"https:\/\/perlagesuite.com\/shop\/\"},{\"@type\":\"ListItem\",\"position\":3,\"name\":\"Segnalibro ad angolo cuore rosso\"}]},{\"@type\":\"WebSite\",\"@id\":\"https:\/\/perlagesuite.com\/#website\",\"url\":\"https:\/\/perlagesuite.com\/\",\"name\":\"Perlage Suite\",\"description\":\"Il Wine Blog di Chiara Bassi\",\"publisher\":{\"@id\":\"https:\/\/perlagesuite.com\/#organization\"},\"potentialAction\":[{\"@type\":\"SearchAction\",\"target\":{\"@type\":\"EntryPoint\",\"urlTemplate\":\"https:\/\/perlagesuite.com\/?s={search_term_string}\"},\"query-input\":{\"@type\":\"PropertyValueSpecification\",\"valueRequired\":true,\"valueName\":\"search_term_string\"}}],\"inLanguage\":\"en-GB\"},{\"@type\":\"Organization\",\"@id\":\"https:\/\/perlagesuite.com\/#organization\",\"name\":\"Chiara Bassi\",\"url\":\"https:\/\/perlagesuite.com\/\",\"logo\":{\"@type\":\"ImageObject\",\"inLanguage\":\"en-GB\",\"@id\":\"https:\/\/perlagesuite.com\/#\/schema\/logo\/image\/\",\"url\":\"https:\/\/perlagesuite.com\/wp-content\/uploads\/2022\/03\/Chiara-Bassi-sommelier-wine-blogger-logo.png\",\"contentUrl\":\"https:\/\/perlagesuite.com\/wp-content\/uploads\/2022\/03\/Chiara-Bassi-sommelier-wine-blogger-logo.png\",\"width\":512,\"height\":512,\"caption\":\"Chiara Bassi\"},\"image\":{\"@id\":\"https:\/\/perlagesuite.com\/#\/schema\/logo\/image\/\"},\"sameAs\":[\"https:\/\/www.facebook.com\/chiarabassiperlagesuite\",\"https:\/\/x.com\/perlagesuite\",\"https:\/\/www.instagram.com\/perlagesuite\/\"]}]}<\/script>\n<!-- \/ Yoast SEO Premium plugin. -->","yoast_head_json":{"title":"Red heart corner bookmark - Perlage Suite","description":"Heart-shaped corner bookmark: a handmade gem in red wine-coloured Italian leather perfect for enjoying a good book.","robots":{"index":"index","follow":"follow","max-snippet":"max-snippet:-1","max-image-preview":"max-image-preview:large","max-video-preview":"max-video-preview:-1"},"canonical":"https:\/\/perlagesuite.com\/en\/product\/segnalibro-ad-angolo-cuore-rosso-vintage\/","og_locale":"en_GB","og_type":"article","og_title":"Segnalibro ad angolo cuore rosso","og_description":"Segnalibro ad angolo a forma di cuore: una chicca realizzata a mano in pelle italiana color vino rosso perfetta per godersi un buon libro.","og_url":"https:\/\/perlagesuite.com\/en\/product\/segnalibro-ad-angolo-cuore-rosso-vintage\/","og_site_name":"Perlage Suite","article_publisher":"https:\/\/www.facebook.com\/chiarabassiperlagesuite","article_modified_time":"2023-01-27T20:55:16+00:00","og_image":[{"width":800,"height":800,"url":"https:\/\/perlagesuite.com\/wp-content\/uploads\/2022\/02\/Segnalibro-ad-angolo.jpg","type":"image\/jpeg"}],"twitter_card":"summary_large_image","twitter_site":"@perlagesuite","twitter_misc":{"Estimated reading time":"1 minute"},"schema":{"@context":"https:\/\/schema.org","@graph":[{"@type":"WebPage","@id":"https:\/\/perlagesuite.com\/prodotto\/segnalibro-ad-angolo-cuore-rosso-vintage\/","url":"https:\/\/perlagesuite.com\/prodotto\/segnalibro-ad-angolo-cuore-rosso-vintage\/","name":"Red heart corner bookmark - Perlage Suite","isPartOf":{"@id":"https:\/\/perlagesuite.com\/#website"},"primaryImageOfPage":{"@id":"https:\/\/perlagesuite.com\/prodotto\/segnalibro-ad-angolo-cuore-rosso-vintage\/#primaryimage"},"image":{"@id":"https:\/\/perlagesuite.com\/prodotto\/segnalibro-ad-angolo-cuore-rosso-vintage\/#primaryimage"},"thumbnailUrl":"https:\/\/perlagesuite.com\/wp-content\/uploads\/2022\/02\/Segnalibro-ad-angolo.jpg","datePublished":"2022-02-25T17:57:44+00:00","dateModified":"2023-01-27T20:55:16+00:00","description":"Heart-shaped corner bookmark: a handmade gem in red wine-coloured Italian leather perfect for enjoying a good book.","breadcrumb":{"@id":"https:\/\/perlagesuite.com\/prodotto\/segnalibro-ad-angolo-cuore-rosso-vintage\/#breadcrumb"},"inLanguage":"en-GB","potentialAction":[{"@type":"ReadAction","target":["https:\/\/perlagesuite.com\/prodotto\/segnalibro-ad-angolo-cuore-rosso-vintage\/"]}]},{"@type":"ImageObject","inLanguage":"en-GB","@id":"https:\/\/perlagesuite.com\/prodotto\/segnalibro-ad-angolo-cuore-rosso-vintage\/#primaryimage","url":"https:\/\/perlagesuite.com\/wp-content\/uploads\/2022\/02\/Segnalibro-ad-angolo.jpg","contentUrl":"https:\/\/perlagesuite.com\/wp-content\/uploads\/2022\/02\/Segnalibro-ad-angolo.jpg","width":800,"height":800,"caption":"Segnalibro ad angolo"},{"@type":"BreadcrumbList","@id":"https:\/\/perlagesuite.com\/prodotto\/segnalibro-ad-angolo-cuore-rosso-vintage\/#breadcrumb","itemListElement":[{"@type":"ListItem","position":1,"name":"Home","item":"https:\/\/perlagesuite.com\/"},{"@type":"ListItem","position":2,"name":"Shop","item":"https:\/\/perlagesuite.com\/shop\/"},{"@type":"ListItem","position":3,"name":"Segnalibro ad angolo cuore rosso"}]},{"@type":"WebSite","@id":"https:\/\/perlagesuite.com\/#website","url":"https:\/\/perlagesuite.com\/","name":"Perlage Suite","description":"Chiara Bassi's Wine Blog","publisher":{"@id":"https:\/\/perlagesuite.com\/#organization"},"potentialAction":[{"@type":"SearchAction","target":{"@type":"EntryPoint","urlTemplate":"https:\/\/perlagesuite.com\/?s={search_term_string}"},"query-input":{"@type":"PropertyValueSpecification","valueRequired":true,"valueName":"search_term_string"}}],"inLanguage":"en-GB"},{"@type":"Organization","@id":"https:\/\/perlagesuite.com\/#organization","name":"Chiara Bassi","url":"https:\/\/perlagesuite.com\/","logo":{"@type":"ImageObject","inLanguage":"en-GB","@id":"https:\/\/perlagesuite.com\/#\/schema\/logo\/image\/","url":"https:\/\/perlagesuite.com\/wp-content\/uploads\/2022\/03\/Chiara-Bassi-sommelier-wine-blogger-logo.png","contentUrl":"https:\/\/perlagesuite.com\/wp-content\/uploads\/2022\/03\/Chiara-Bassi-sommelier-wine-blogger-logo.png","width":512,"height":512,"caption":"Chiara Bassi"},"image":{"@id":"https:\/\/perlagesuite.com\/#\/schema\/logo\/image\/"},"sameAs":["https:\/\/www.facebook.com\/chiarabassiperlagesuite","https:\/\/x.com\/perlagesuite","https:\/\/www.instagram.com\/perlagesuite\/"]}]}},"_links":{"self":[{"href":"https:\/\/perlagesuite.com\/en\/wp-json\/wp\/v2\/product\/131073","targetHints":{"allow":["GET"]}}],"collection":[{"href":"https:\/\/perlagesuite.com\/en\/wp-json\/wp\/v2\/product"}],"about":[{"href":"https:\/\/perlagesuite.com\/en\/wp-json\/wp\/v2\/types\/product"}],"replies":[{"embeddable":true,"href":"https:\/\/perlagesuite.com\/en\/wp-json\/wp\/v2\/comments?post=131073"}],"wp:featuredmedia":[{"embeddable":true,"href":"https:\/\/perlagesuite.com\/en\/wp-json\/wp\/v2\/media\/131079"}],"wp:attachment":[{"href":"https:\/\/perlagesuite.com\/en\/wp-json\/wp\/v2\/media?parent=131073"}],"wp:term":[{"taxonomy":"product_brand","embeddable":true,"href":"https:\/\/perlagesuite.com\/en\/wp-json\/wp\/v2\/product_brand?post=131073"},{"taxonomy":"product_cat","embeddable":true,"href":"https:\/\/perlagesuite.com\/en\/wp-json\/wp\/v2\/product_cat?post=131073"},{"taxonomy":"product_tag","embeddable":true,"href":"https:\/\/perlagesuite.com\/en\/wp-json\/wp\/v2\/product_tag?post=131073"}],"curies":[{"name":"wp","href":"https:\/\/api.w.org\/{rel}","templated":true}]}}