{"id":25358,"date":"2020-12-02T13:40:07","date_gmt":"2020-12-02T12:40:07","guid":{"rendered":"https:\/\/perlagesuite.com\/?post_type=product&#038;p=25358"},"modified":"2026-02-01T12:43:22","modified_gmt":"2026-02-01T11:43:22","slug":"lo-spumante-di-leonardo","status":"publish","type":"product","link":"https:\/\/perlagesuite.com\/en\/product\/lo-spumante-di-leonardo\/","title":{"rendered":"Leonardo's sparkling wine"},"content":{"rendered":"<p>[et_pb_section fb_built=&#8221;1&#8243; _builder_version=&#8221;3.22&#8243; custom_padding=&#8221;0px||||false|false&#8221;][et_pb_row _builder_version=&#8221;3.25&#8243; background_size=&#8221;initial&#8221; background_position=&#8221;top_left&#8221; background_repeat=&#8221;repeat&#8221; width=&#8221;100%&#8221; custom_padding=&#8221;0px||0px||false|false&#8221;][et_pb_column type=&#8221;4_4&#8243; _builder_version=&#8221;3.25&#8243; custom_padding=&#8221;|||&#8221; custom_padding__hover=&#8221;|||&#8221;][et_pb_wc_breadcrumb _builder_version=&#8221;3.0.47&#8243;][\/et_pb_wc_breadcrumb][et_pb_wc_cart_notice _builder_version=&#8221;3.0.47&#8243;][\/et_pb_wc_cart_notice][\/et_pb_column][\/et_pb_row][et_pb_row _builder_version=&#8221;3.25&#8243; background_size=&#8221;initial&#8221; background_position=&#8221;top_left&#8221; background_repeat=&#8221;repeat&#8221; width=&#8221;100%&#8221; custom_padding=&#8221;0px||||false|false&#8221; column_structure=&#8221;1_2,1_2&#8243;][et_pb_column type=&#8221;1_2&#8243; _builder_version=&#8221;3.25&#8243; custom_padding=&#8221;|||&#8221; custom_padding__hover=&#8221;|||&#8221;][et_pb_wc_images _builder_version=&#8221;3.0.47&#8243;][\/et_pb_wc_images][\/et_pb_column][et_pb_column type=&#8221;1_2&#8243; _builder_version=&#8221;3.25&#8243; custom_padding=&#8221;|||&#8221; custom_padding__hover=&#8221;|||&#8221;][et_pb_wc_title _builder_version=&#8221;3.0.47&#8243;][\/et_pb_wc_title][et_pb_wc_rating _builder_version=&#8221;3.0.47&#8243;][\/et_pb_wc_rating][et_pb_wc_price _builder_version=&#8221;3.0.47&#8243;][\/et_pb_wc_price][et_pb_wc_description _builder_version=&#8221;4.7.7&#8243; hover_enabled=&#8221;0&#8243; sticky_enabled=&#8221;0&#8243;][\/et_pb_wc_description][et_pb_wc_add_to_cart _builder_version=&#8221;3.0.47&#8243;][\/et_pb_wc_add_to_cart][et_pb_wc_meta _builder_version=&#8221;3.0.47&#8243;][\/et_pb_wc_meta][\/et_pb_column][\/et_pb_row][et_pb_row _builder_version=&#8221;3.25&#8243; background_size=&#8221;initial&#8221; background_position=&#8221;top_left&#8221; background_repeat=&#8221;repeat&#8221; width=&#8221;100%&#8221;][et_pb_column type=&#8221;4_4&#8243; _builder_version=&#8221;3.25&#8243; custom_padding=&#8221;|||&#8221; custom_padding__hover=&#8221;|||&#8221;][et_pb_wc_tabs _builder_version=&#8221;3.0.47&#8243; hover_enabled=&#8221;0&#8243; sticky_enabled=&#8221;0&#8243;]\t\t\t\t\t[\/et_pb_wc_tabs][et_pb_wc_upsells _builder_version=&#8221;3.0.47&#8243;][\/et_pb_wc_upsells][et_pb_wc_related_products _builder_version=&#8221;3.0.47&#8243;][\/et_pb_wc_related_products][\/et_pb_column][\/et_pb_row][\/et_pb_section]<\/p>\n","protected":false},"excerpt":{"rendered":"<ul class=\"a-unordered-list a-nostyle a-vertical a-spacing-none detail-bullet-list\">\n<li><span class=\"a-list-item\"><span class=\"detail-bullet-label a-text-bold\">Flexible cover : <\/span>114 pages<\/span><\/li>\n<li><span class=\"a-list-item\"><span class=\"detail-bullet-label a-text-bold\">ISBN-13 : <\/span>979-8678633309<\/span><\/li>\n<li><span class=\"a-list-item\"><span class=\"detail-bullet-label a-text-bold\">Article weight : <\/span>181 g<\/span><\/li>\n<li><span class=\"a-list-item\"><span class=\"detail-bullet-label a-text-bold\">Dimensions and\/or weight : <\/span>12.7 x 0.66 x 20.32 cm, 181g<\/span><\/li>\n<\/ul>","protected":false},"featured_media":27662,"comment_status":"open","ping_status":"closed","template":"","meta":{"_et_pb_use_builder":"on","_et_pb_old_content":"Lo spumante di Leonardo \u00e8 il mio primo romanzo dedicato a Leonardo da Vinci, al mio amato Lago d'Iseo e ai vini spumanti.\r\n\r\n\"In un affascinante viaggio tra realt\u00e0 e finzione che comincia con la sua luna di miele a Parigi, Chiara racconta la vita di Leonardo da Vinci con una chiave totalmente nuova. Leonardo spodester\u00e0 il celebre monaco Pierre P\u00e9rignon e conquister\u00e0 il titolo di scopritore del metodo classico? Cosa c\u2019entrano i discendenti dei re di Francia? E la Gioconda? E se la stessa autrice fosse stata solo una pedina per svelare uno dei segreti meglio custoditi della Storia dell\u2019Arte? Lo spumante di Leonardo \u00e8 la storia di due giovani sposi che cercano delle risposte in mezzo a una terribile pandemia mentre scoprono che ognuno di noi ha a disposizione un\u2019altra vita\".","_et_gb_content_width":""},"product_brand":[],"product_cat":[467],"product_tag":[],"class_list":{"0":"post-25358","1":"product","2":"type-product","3":"status-publish","4":"has-post-thumbnail","6":"product_cat-libri","8":"first","9":"onbackorder","10":"taxable","11":"shipping-taxable","12":"purchasable","13":"product-type-simple"},"yoast_head":"<!-- This site is optimized with the Yoast SEO Premium plugin v27.0 (Yoast SEO v27.2) - https:\/\/yoast.com\/product\/yoast-seo-premium-wordpress\/ -->\n<title>Lo Spumante di Leonardo - un romanzo di Chiara Bassi - Perlage Suite<\/title>\n<meta name=\"description\" content=\"Lo spumante di Leonardo \u00e8 il mio primo romanzo dedicato a Leonardo da Vinci, al mio amato Lago d&#039;Iseo e ai vini spumanti.\" \/>\n<meta name=\"robots\" content=\"index, follow, max-snippet:-1, max-image-preview:large, max-video-preview:-1\" \/>\n<link rel=\"canonical\" href=\"https:\/\/perlagesuite.com\/en\/product\/lo-spumante-di-leonardo\/\" \/>\n<meta property=\"og:locale\" content=\"en_GB\" \/>\n<meta property=\"og:type\" content=\"article\" \/>\n<meta property=\"og:title\" content=\"Lo spumante di Leonardo\" \/>\n<meta property=\"og:description\" content=\"Lo spumante di Leonardo \u00e8 il mio primo romanzo dedicato a Leonardo da Vinci, al mio amato Lago d&#039;Iseo e ai vini spumanti.\" \/>\n<meta property=\"og:url\" content=\"https:\/\/perlagesuite.com\/en\/product\/lo-spumante-di-leonardo\/\" \/>\n<meta property=\"og:site_name\" content=\"Perlage Suite\" \/>\n<meta property=\"article:publisher\" content=\"https:\/\/www.facebook.com\/chiarabassiperlagesuite\" \/>\n<meta property=\"article:modified_time\" content=\"2026-02-01T11:43:22+00:00\" \/>\n<meta property=\"og:image\" content=\"https:\/\/perlagesuite.com\/wp-content\/uploads\/2020\/12\/lo-spumante-di-leonardo-romanzo-chiara-bassi-gioconda.jpg\" \/>\n\t<meta property=\"og:image:width\" content=\"1080\" \/>\n\t<meta property=\"og:image:height\" content=\"1080\" \/>\n\t<meta property=\"og:image:type\" content=\"image\/jpeg\" \/>\n<meta name=\"twitter:card\" content=\"summary_large_image\" \/>\n<meta name=\"twitter:site\" content=\"@perlagesuite\" \/>\n<meta name=\"twitter:label1\" content=\"Estimated reading time\" \/>\n\t<meta name=\"twitter:data1\" content=\"1 minute\" \/>\n<script type=\"application\/ld+json\" class=\"yoast-schema-graph\">{\"@context\":\"https:\/\/schema.org\",\"@graph\":[{\"@type\":\"WebPage\",\"@id\":\"https:\/\/perlagesuite.com\/prodotto\/lo-spumante-di-leonardo\/\",\"url\":\"https:\/\/perlagesuite.com\/prodotto\/lo-spumante-di-leonardo\/\",\"name\":\"Lo Spumante di Leonardo - un romanzo di Chiara Bassi - Perlage Suite\",\"isPartOf\":{\"@id\":\"https:\/\/perlagesuite.com\/#website\"},\"primaryImageOfPage\":{\"@id\":\"https:\/\/perlagesuite.com\/prodotto\/lo-spumante-di-leonardo\/#primaryimage\"},\"image\":{\"@id\":\"https:\/\/perlagesuite.com\/prodotto\/lo-spumante-di-leonardo\/#primaryimage\"},\"thumbnailUrl\":\"https:\/\/perlagesuite.com\/wp-content\/uploads\/2020\/12\/lo-spumante-di-leonardo-romanzo-chiara-bassi-gioconda.jpg\",\"datePublished\":\"2020-12-02T12:40:07+00:00\",\"dateModified\":\"2026-02-01T11:43:22+00:00\",\"description\":\"Lo spumante di Leonardo \u00e8 il mio primo romanzo dedicato a Leonardo da Vinci, al mio amato Lago d'Iseo e ai vini spumanti.\",\"breadcrumb\":{\"@id\":\"https:\/\/perlagesuite.com\/prodotto\/lo-spumante-di-leonardo\/#breadcrumb\"},\"inLanguage\":\"en-GB\",\"potentialAction\":[{\"@type\":\"ReadAction\",\"target\":[\"https:\/\/perlagesuite.com\/prodotto\/lo-spumante-di-leonardo\/\"]}]},{\"@type\":\"ImageObject\",\"inLanguage\":\"en-GB\",\"@id\":\"https:\/\/perlagesuite.com\/prodotto\/lo-spumante-di-leonardo\/#primaryimage\",\"url\":\"https:\/\/perlagesuite.com\/wp-content\/uploads\/2020\/12\/lo-spumante-di-leonardo-romanzo-chiara-bassi-gioconda.jpg\",\"contentUrl\":\"https:\/\/perlagesuite.com\/wp-content\/uploads\/2020\/12\/lo-spumante-di-leonardo-romanzo-chiara-bassi-gioconda.jpg\",\"width\":1080,\"height\":1080,\"caption\":\"lo spumante di leonardo chiara bassi\"},{\"@type\":\"BreadcrumbList\",\"@id\":\"https:\/\/perlagesuite.com\/prodotto\/lo-spumante-di-leonardo\/#breadcrumb\",\"itemListElement\":[{\"@type\":\"ListItem\",\"position\":1,\"name\":\"Home\",\"item\":\"https:\/\/perlagesuite.com\/\"},{\"@type\":\"ListItem\",\"position\":2,\"name\":\"Shop\",\"item\":\"https:\/\/perlagesuite.com\/shop\/\"},{\"@type\":\"ListItem\",\"position\":3,\"name\":\"Lo spumante di Leonardo\"}]},{\"@type\":\"WebSite\",\"@id\":\"https:\/\/perlagesuite.com\/#website\",\"url\":\"https:\/\/perlagesuite.com\/\",\"name\":\"Perlage Suite\",\"description\":\"Il Wine Blog di Chiara Bassi\",\"publisher\":{\"@id\":\"https:\/\/perlagesuite.com\/#organization\"},\"potentialAction\":[{\"@type\":\"SearchAction\",\"target\":{\"@type\":\"EntryPoint\",\"urlTemplate\":\"https:\/\/perlagesuite.com\/?s={search_term_string}\"},\"query-input\":{\"@type\":\"PropertyValueSpecification\",\"valueRequired\":true,\"valueName\":\"search_term_string\"}}],\"inLanguage\":\"en-GB\"},{\"@type\":\"Organization\",\"@id\":\"https:\/\/perlagesuite.com\/#organization\",\"name\":\"Chiara Bassi\",\"url\":\"https:\/\/perlagesuite.com\/\",\"logo\":{\"@type\":\"ImageObject\",\"inLanguage\":\"en-GB\",\"@id\":\"https:\/\/perlagesuite.com\/#\/schema\/logo\/image\/\",\"url\":\"https:\/\/perlagesuite.com\/wp-content\/uploads\/2022\/03\/Chiara-Bassi-sommelier-wine-blogger-logo.png\",\"contentUrl\":\"https:\/\/perlagesuite.com\/wp-content\/uploads\/2022\/03\/Chiara-Bassi-sommelier-wine-blogger-logo.png\",\"width\":512,\"height\":512,\"caption\":\"Chiara Bassi\"},\"image\":{\"@id\":\"https:\/\/perlagesuite.com\/#\/schema\/logo\/image\/\"},\"sameAs\":[\"https:\/\/www.facebook.com\/chiarabassiperlagesuite\",\"https:\/\/x.com\/perlagesuite\",\"https:\/\/www.instagram.com\/perlagesuite\/\"]}]}<\/script>\n<!-- \/ Yoast SEO Premium plugin. -->","yoast_head_json":{"title":"Lo Spumante di Leonardo - a novel by Chiara Bassi - Perlage Suite","description":"Lo spumante di Leonardo is my first novel dedicated to Leonardo da Vinci, my beloved Lago d'Iseo and sparkling wines.","robots":{"index":"index","follow":"follow","max-snippet":"max-snippet:-1","max-image-preview":"max-image-preview:large","max-video-preview":"max-video-preview:-1"},"canonical":"https:\/\/perlagesuite.com\/en\/product\/lo-spumante-di-leonardo\/","og_locale":"en_GB","og_type":"article","og_title":"Lo spumante di Leonardo","og_description":"Lo spumante di Leonardo \u00e8 il mio primo romanzo dedicato a Leonardo da Vinci, al mio amato Lago d'Iseo e ai vini spumanti.","og_url":"https:\/\/perlagesuite.com\/en\/product\/lo-spumante-di-leonardo\/","og_site_name":"Perlage Suite","article_publisher":"https:\/\/www.facebook.com\/chiarabassiperlagesuite","article_modified_time":"2026-02-01T11:43:22+00:00","og_image":[{"width":1080,"height":1080,"url":"https:\/\/perlagesuite.com\/wp-content\/uploads\/2020\/12\/lo-spumante-di-leonardo-romanzo-chiara-bassi-gioconda.jpg","type":"image\/jpeg"}],"twitter_card":"summary_large_image","twitter_site":"@perlagesuite","twitter_misc":{"Estimated reading time":"1 minute"},"schema":{"@context":"https:\/\/schema.org","@graph":[{"@type":"WebPage","@id":"https:\/\/perlagesuite.com\/prodotto\/lo-spumante-di-leonardo\/","url":"https:\/\/perlagesuite.com\/prodotto\/lo-spumante-di-leonardo\/","name":"Lo Spumante di Leonardo - a novel by Chiara Bassi - Perlage Suite","isPartOf":{"@id":"https:\/\/perlagesuite.com\/#website"},"primaryImageOfPage":{"@id":"https:\/\/perlagesuite.com\/prodotto\/lo-spumante-di-leonardo\/#primaryimage"},"image":{"@id":"https:\/\/perlagesuite.com\/prodotto\/lo-spumante-di-leonardo\/#primaryimage"},"thumbnailUrl":"https:\/\/perlagesuite.com\/wp-content\/uploads\/2020\/12\/lo-spumante-di-leonardo-romanzo-chiara-bassi-gioconda.jpg","datePublished":"2020-12-02T12:40:07+00:00","dateModified":"2026-02-01T11:43:22+00:00","description":"Lo spumante di Leonardo is my first novel dedicated to Leonardo da Vinci, my beloved Lago d'Iseo and sparkling wines.","breadcrumb":{"@id":"https:\/\/perlagesuite.com\/prodotto\/lo-spumante-di-leonardo\/#breadcrumb"},"inLanguage":"en-GB","potentialAction":[{"@type":"ReadAction","target":["https:\/\/perlagesuite.com\/prodotto\/lo-spumante-di-leonardo\/"]}]},{"@type":"ImageObject","inLanguage":"en-GB","@id":"https:\/\/perlagesuite.com\/prodotto\/lo-spumante-di-leonardo\/#primaryimage","url":"https:\/\/perlagesuite.com\/wp-content\/uploads\/2020\/12\/lo-spumante-di-leonardo-romanzo-chiara-bassi-gioconda.jpg","contentUrl":"https:\/\/perlagesuite.com\/wp-content\/uploads\/2020\/12\/lo-spumante-di-leonardo-romanzo-chiara-bassi-gioconda.jpg","width":1080,"height":1080,"caption":"lo spumante di leonardo chiara bassi"},{"@type":"BreadcrumbList","@id":"https:\/\/perlagesuite.com\/prodotto\/lo-spumante-di-leonardo\/#breadcrumb","itemListElement":[{"@type":"ListItem","position":1,"name":"Home","item":"https:\/\/perlagesuite.com\/"},{"@type":"ListItem","position":2,"name":"Shop","item":"https:\/\/perlagesuite.com\/shop\/"},{"@type":"ListItem","position":3,"name":"Lo spumante di Leonardo"}]},{"@type":"WebSite","@id":"https:\/\/perlagesuite.com\/#website","url":"https:\/\/perlagesuite.com\/","name":"Perlage Suite","description":"Chiara Bassi's Wine Blog","publisher":{"@id":"https:\/\/perlagesuite.com\/#organization"},"potentialAction":[{"@type":"SearchAction","target":{"@type":"EntryPoint","urlTemplate":"https:\/\/perlagesuite.com\/?s={search_term_string}"},"query-input":{"@type":"PropertyValueSpecification","valueRequired":true,"valueName":"search_term_string"}}],"inLanguage":"en-GB"},{"@type":"Organization","@id":"https:\/\/perlagesuite.com\/#organization","name":"Chiara Bassi","url":"https:\/\/perlagesuite.com\/","logo":{"@type":"ImageObject","inLanguage":"en-GB","@id":"https:\/\/perlagesuite.com\/#\/schema\/logo\/image\/","url":"https:\/\/perlagesuite.com\/wp-content\/uploads\/2022\/03\/Chiara-Bassi-sommelier-wine-blogger-logo.png","contentUrl":"https:\/\/perlagesuite.com\/wp-content\/uploads\/2022\/03\/Chiara-Bassi-sommelier-wine-blogger-logo.png","width":512,"height":512,"caption":"Chiara Bassi"},"image":{"@id":"https:\/\/perlagesuite.com\/#\/schema\/logo\/image\/"},"sameAs":["https:\/\/www.facebook.com\/chiarabassiperlagesuite","https:\/\/x.com\/perlagesuite","https:\/\/www.instagram.com\/perlagesuite\/"]}]}},"_links":{"self":[{"href":"https:\/\/perlagesuite.com\/en\/wp-json\/wp\/v2\/product\/25358","targetHints":{"allow":["GET"]}}],"collection":[{"href":"https:\/\/perlagesuite.com\/en\/wp-json\/wp\/v2\/product"}],"about":[{"href":"https:\/\/perlagesuite.com\/en\/wp-json\/wp\/v2\/types\/product"}],"replies":[{"embeddable":true,"href":"https:\/\/perlagesuite.com\/en\/wp-json\/wp\/v2\/comments?post=25358"}],"wp:featuredmedia":[{"embeddable":true,"href":"https:\/\/perlagesuite.com\/en\/wp-json\/wp\/v2\/media\/27662"}],"wp:attachment":[{"href":"https:\/\/perlagesuite.com\/en\/wp-json\/wp\/v2\/media?parent=25358"}],"wp:term":[{"taxonomy":"product_brand","embeddable":true,"href":"https:\/\/perlagesuite.com\/en\/wp-json\/wp\/v2\/product_brand?post=25358"},{"taxonomy":"product_cat","embeddable":true,"href":"https:\/\/perlagesuite.com\/en\/wp-json\/wp\/v2\/product_cat?post=25358"},{"taxonomy":"product_tag","embeddable":true,"href":"https:\/\/perlagesuite.com\/en\/wp-json\/wp\/v2\/product_tag?post=25358"}],"curies":[{"name":"wp","href":"https:\/\/api.w.org\/{rel}","templated":true}]}}